{"id":4936,"date":"2018-06-21T20:39:40","date_gmt":"2018-06-21T20:39:40","guid":{"rendered":"https:\/\/www.gyn-care.gr\/test-pap-iatreio-ampelokipoi\/"},"modified":"2021-07-30T17:17:31","modified_gmt":"2021-07-30T17:17:31","slug":"test-pap-ginecologo-atene-centro","status":"publish","type":"page","link":"https:\/\/www.gyn-care.gr\/it\/test-pap-ginecologo-atene-centro\/","title":{"rendered":"PAP TEST"},"content":{"rendered":"<div class=\"fusion-fullwidth fullwidth-box fusion-builder-row-1 nonhundred-percent-fullwidth non-hundred-percent-height-scrolling\" style=\"--awb-border-radius-top-left:0px;--awb-border-radius-top-right:0px;--awb-border-radius-bottom-right:0px;--awb-border-radius-bottom-left:0px;--awb-padding-right:4%;--awb-padding-left:4%;--awb-flex-wrap:wrap;\" ><div class=\"fusion-builder-row fusion-row\"><div class=\"fusion-layout-column fusion_builder_column fusion-builder-column-0 fusion_builder_column_1_1 1_1 fusion-one-full fusion-column-first fusion-column-last\" style=\"--awb-bg-size:cover;\"><div class=\"fusion-column-wrapper fusion-flex-column-wrapper-legacy\"><div class=\"fusion-column-content-centered\"><div class=\"fusion-column-content\"><div class=\"fusion-image-element fusion-image-align-center in-legacy-container\" style=\"text-align:center;--awb-caption-title-font-family:var(--h2_typography-font-family);--awb-caption-title-font-weight:var(--h2_typography-font-weight);--awb-caption-title-font-style:var(--h2_typography-font-style);--awb-caption-title-size:var(--h2_typography-font-size);--awb-caption-title-transform:var(--h2_typography-text-transform);--awb-caption-title-line-height:var(--h2_typography-line-height);--awb-caption-title-letter-spacing:var(--h2_typography-letter-spacing);\"><div class=\"imageframe-align-center\"><span class=\" fusion-imageframe imageframe-none imageframe-1 hover-type-none\"><img decoding=\"async\" width=\"1150\" height=\"300\" title=\"Get-and-HPV-Test-With-Your-Pap-Screen-RM-1440&#215;810\" src=\"https:\/\/www.gyn-care.gr\/wp-content\/uploads\/2018\/07\/Get-and-HPV-Test-With-Your-Pap-Screen-RM-1440x810.jpg\" alt class=\"img-responsive wp-image-4404\" srcset=\"https:\/\/www.gyn-care.gr\/wp-content\/uploads\/2018\/07\/Get-and-HPV-Test-With-Your-Pap-Screen-RM-1440x810-200x52.jpg 200w, https:\/\/www.gyn-care.gr\/wp-content\/uploads\/2018\/07\/Get-and-HPV-Test-With-Your-Pap-Screen-RM-1440x810-400x104.jpg 400w, https:\/\/www.gyn-care.gr\/wp-content\/uploads\/2018\/07\/Get-and-HPV-Test-With-Your-Pap-Screen-RM-1440x810-600x157.jpg 600w, https:\/\/www.gyn-care.gr\/wp-content\/uploads\/2018\/07\/Get-and-HPV-Test-With-Your-Pap-Screen-RM-1440x810-800x209.jpg 800w\" sizes=\"(max-width: 800px) 100vw, 1150px\" \/><\/span><\/div><\/div><\/div><\/div><div class=\"fusion-clearfix\"><\/div><\/div><\/div><div class=\"fusion-layout-column fusion_builder_column fusion-builder-column-1 fusion_builder_column_1_1 1_1 fusion-one-full fusion-column-first fusion-column-last\" style=\"--awb-bg-size:cover;\"><div class=\"fusion-column-wrapper fusion-flex-column-wrapper-legacy\"><div class=\"fusion-column-content-centered\"><div class=\"fusion-column-content\"><div class=\"fusion-text fusion-text-1 titlos\"><p>Pap test<\/p>\n<\/div><\/div><\/div><div class=\"fusion-clearfix\"><\/div><\/div><\/div><div class=\"fusion-layout-column fusion_builder_column fusion-builder-column-2 fusion_builder_column_1_1 1_1 fusion-one-full fusion-column-first fusion-column-last\" style=\"--awb-bg-size:cover;--awb-margin-bottom:30px;\"><div class=\"fusion-column-wrapper fusion-flex-column-wrapper-legacy\"><div class=\"fusion-text fusion-text-2\"><h2 style=\"text-align: left;\">Cosa \u00e8<\/h2>\n<\/div><div class=\"fusion-text fusion-text-3\"><p>Il Pap test test \u00e8 un semplice test durante il quale viene esaminata la cervice dove eventuali lesioni precancerose e cancerose possono essere rilevate. Il mondo intero deve la scoperta del Pap test o del Papanikolaou a George Papanikolaou, il greco medico che durante la sua ricerca scientifica in America lo scopri.<\/p>\n<\/div><div class=\"fusion-clearfix\"><\/div><\/div><\/div><div class=\"fusion-layout-column fusion_builder_column fusion-builder-column-3 fusion_builder_column_1_1 1_1 fusion-one-full fusion-column-first fusion-column-last\" style=\"--awb-bg-size:cover;--awb-margin-bottom:30px;\"><div class=\"fusion-column-wrapper fusion-flex-column-wrapper-legacy\"><div class=\"fusion-text fusion-text-4\"><h2 style=\"text-align: left;\">E&#8217; necessario farlo?<\/h2>\n<\/div><div class=\"fusion-text fusion-text-5\"><p>La prevenzione del cancro cervicale salva la vita di una donna. Il cancro cervicale \u00e8 il secondo tumore pi\u00f9 frequente nella popolazione femminile. Tuttavia, pu\u00f2 essere diagnosticato presto con il test pap che mostra se ci sono presenti lesioni cellulari sospette per neoplasie e quali possono svilupparsi nel cancro cervicale. Nelle donne che non vengono regolarmente testate con test<br \/>\nPapanicolaou, il cancro cervicale pu\u00f2 svilupparsi senza essere percepito in quanto non \u00e8 seguito da sintomi. Quando si manifestano i sintomi, la malattia sar\u00e0 gi\u00e0 in fase avanzata. Con il test PAP, possono essere rilevate anche infezioni trasmesse sessualmente malattie o infezioni. Inoltre, oltre al rilevamento di cellule anormali nella cervice e nella endocervice il test Papanicolaou \u00e8 in grado di rilevare vaginiti, cervicite e Infezioni.<\/p>\n<\/div><div class=\"fusion-clearfix\"><\/div><\/div><\/div><div class=\"fusion-layout-column fusion_builder_column fusion-builder-column-4 fusion_builder_column_1_1 1_1 fusion-one-full fusion-column-first fusion-column-last\" style=\"--awb-bg-size:cover;\"><div class=\"fusion-column-wrapper fusion-flex-column-wrapper-legacy\"><div class=\"fusion-reading-box-container reading-box-container-1 tagkline\" style=\"--awb-title-color:#2a8080;--awb-margin-top:0px;--awb-margin-bottom:84px;\"><div class=\"reading-box\" style=\"background-color:#f6f6f6;border-width:0px;border-color:#69567f;border-left-width:3px;border-left-color:var(--primary_color);border-style:solid;\"><h2>Quando dovrebbe iniziare una donna a fare il Pap test?<\/h2><div class=\"reading-box-additional fusion-reading-box-additional\">\n<p>Il primo Pap test dovrebbe essere fatto 2 anni dopo il primo rapporto sessuale.<\/p>\n<\/div><div class=\"fusion-clearfix\"><\/div><\/div><\/div><div class=\"fusion-clearfix\"><\/div><\/div><\/div><div class=\"fusion-layout-column fusion_builder_column fusion-builder-column-5 fusion_builder_column_1_1 1_1 fusion-one-full fusion-column-first fusion-column-last\" style=\"--awb-bg-size:cover;--awb-margin-bottom:30px;\"><div class=\"fusion-column-wrapper fusion-flex-column-wrapper-legacy\"><div class=\"fusion-text fusion-text-6\"><h2 style=\"text-align: left;\">Come viene fatto?<\/h2>\n<\/div><div class=\"fusion-text fusion-text-7\"><p>La paziente assume la posizione ginecologica. La cervice viene ispezionata con lo speculum e il Pap test viene prelevato, come un tampone semplice. Al nostro studio si effettua il Thin Prep che ci permette di individuare l&#8217;HPV se risulta necessario.<\/p>\n<\/div><div class=\"fusion-clearfix\"><\/div><\/div><\/div><div class=\"fusion-layout-column fusion_builder_column fusion-builder-column-6 fusion_builder_column_1_1 1_1 fusion-one-full fusion-column-first fusion-column-last\" style=\"--awb-bg-size:cover;--awb-margin-bottom:30px;\"><div class=\"fusion-column-wrapper fusion-flex-column-wrapper-legacy\"><div class=\"fusion-text fusion-text-8\"><h2 style=\"text-align: left;\">Fa male?<\/h2>\n<\/div><div class=\"fusion-text fusion-text-9\"><p>Assolutamente no.<\/p>\n<\/div><div class=\"fusion-clearfix\"><\/div><\/div><\/div><div class=\"fusion-layout-column fusion_builder_column fusion-builder-column-7 fusion_builder_column_1_1 1_1 fusion-one-full fusion-column-first fusion-column-last\" style=\"--awb-bg-size:cover;--awb-margin-bottom:30px;\"><div class=\"fusion-column-wrapper fusion-flex-column-wrapper-legacy\"><div class=\"fusion-text fusion-text-10\"><h2 style=\"text-align: left;\">E&#8217; preoccupante se la paziente vede qualche piccola perdite dopo il Pap test?<\/h2>\n<\/div><div class=\"fusion-text fusion-text-11\"><p>E&#8217; assolutamente normale e di solito si ferma molto velocemente.<\/p>\n<\/div><div class=\"fusion-clearfix\"><\/div><\/div><\/div><div class=\"fusion-layout-column fusion_builder_column fusion-builder-column-8 fusion_builder_column_1_1 1_1 fusion-one-full fusion-column-first fusion-column-last\" style=\"--awb-bg-size:cover;--awb-margin-bottom:30px;\"><div class=\"fusion-column-wrapper fusion-flex-column-wrapper-legacy\"><div class=\"fusion-text fusion-text-12\"><h2 style=\"text-align: left;\">A quale fase del ciclo deve essere prelevato?<\/h2>\n<\/div><div class=\"fusion-text fusion-text-13\"><p>La paziente deve essere fuori ciclo mestruale.<\/p>\n<\/div><div class=\"fusion-clearfix\"><\/div><\/div><\/div><div class=\"fusion-layout-column fusion_builder_column fusion-builder-column-9 fusion_builder_column_1_1 1_1 fusion-one-full fusion-column-first fusion-column-last\" style=\"--awb-bg-size:cover;--awb-margin-bottom:30px;\"><div class=\"fusion-column-wrapper fusion-flex-column-wrapper-legacy\"><div class=\"fusion-text fusion-text-14\"><h2 style=\"text-align: left;\">Bisogna avere una preparazione particolare?<\/h2>\n<\/div><div class=\"fusion-text fusion-text-15\"><p>Nessuna preparazione particolare \u00e8 necessaria.<\/p>\n<\/div><div class=\"fusion-clearfix\"><\/div><\/div><\/div><div class=\"fusion-layout-column fusion_builder_column fusion-builder-column-10 fusion_builder_column_1_1 1_1 fusion-one-full fusion-column-first fusion-column-last\" style=\"--awb-bg-size:cover;\"><div class=\"fusion-column-wrapper fusion-flex-column-wrapper-legacy\"><div class=\"fusion-clearfix\"><\/div><\/div><\/div><div class=\"fusion-layout-column fusion_builder_column fusion-builder-column-11 fusion_builder_column_1_1 1_1 fusion-one-full fusion-column-first fusion-column-last\" style=\"--awb-bg-size:cover;\"><div class=\"fusion-column-wrapper fusion-flex-column-wrapper-legacy\"><div class=\"fusion-reading-box-container reading-box-container-2 tagkline\" style=\"--awb-title-color:#2a8080;--awb-margin-top:0px;--awb-margin-bottom:84px;\"><div class=\"reading-box\" style=\"background-color:#f6f6f6;border-width:0px;border-color:#69567f;border-left-width:3px;border-left-color:var(--primary_color);border-style:solid;\"><h2>A quale frequenza deve essere fatto?<\/h2><div class=\"reading-box-additional fusion-reading-box-additional\">\n<p>Una volta all&#8217;anno salvo risultati patologici.<\/p>\n<\/div><div class=\"fusion-clearfix\"><\/div><\/div><\/div><div class=\"fusion-clearfix\"><\/div><\/div><\/div><div class=\"fusion-layout-column fusion_builder_column fusion-builder-column-12 fusion_builder_column_1_1 1_1 fusion-one-full fusion-column-first fusion-column-last\" style=\"--awb-bg-size:cover;\"><div class=\"fusion-column-wrapper fusion-flex-column-wrapper-legacy\"><div class=\"fusion-clearfix\"><\/div><\/div><\/div><\/div><\/div>\n","protected":false},"excerpt":{"rendered":"","protected":false},"author":9,"featured_media":4404,"parent":0,"menu_order":0,"comment_status":"closed","ping_status":"closed","template":"","meta":{"footnotes":""},"class_list":["post-4936","page","type-page","status-publish","has-post-thumbnail","hentry"],"yoast_head":"<!-- This site is optimized with the Yoast SEO Premium plugin v26.9 (Yoast SEO v27.4) - https:\/\/yoast.com\/product\/yoast-seo-premium-wordpress\/ -->\n<title>PAP TEST | VISITA GINECOLOGICA| GYN CARE IVF ATENE| GRECIA<\/title>\n<meta name=\"description\" content=\"Il Pap test \u00e8 un semplice test durante il quale viene esaminata la cervice dove eventuali lesioni precancerose e cancerose possono essere rilevate.\" \/>\n<meta name=\"robots\" content=\"index, follow, max-snippet:-1, max-image-preview:large, max-video-preview:-1\" \/>\n<link rel=\"canonical\" href=\"https:\/\/www.gyn-care.gr\/it\/test-pap-ginecologo-atene-centro\/\" \/>\n<meta property=\"og:locale\" content=\"it_IT\" \/>\n<meta property=\"og:type\" content=\"article\" \/>\n<meta property=\"og:title\" content=\"PAP TEST | GynCare | Clinica Ginecologica Atene Grecia\" \/>\n<meta property=\"og:description\" content=\"Il Pap test test \u00e8 un semplice test durante il quale viene esaminata la cervice dove eventuali lesioni precancerose e cancerose possono essere rilevate\" \/>\n<meta property=\"og:url\" content=\"https:\/\/www.gyn-care.gr\/it\/test-pap-ginecologo-atene-centro\/\" \/>\n<meta property=\"og:site_name\" content=\"GynCare IVF | Centro di Procreazione Medicalmente Assistita Atene\" \/>\n<meta property=\"article:publisher\" content=\"https:\/\/www.facebook.com\/gyncare.med\" \/>\n<meta property=\"article:modified_time\" content=\"2021-07-30T17:17:31+00:00\" \/>\n<meta property=\"og:image\" content=\"https:\/\/www.gyn-care.gr\/wp-content\/uploads\/2018\/07\/Get-and-HPV-Test-With-Your-Pap-Screen-RM-1440x810.jpg\" \/>\n\t<meta property=\"og:image:width\" content=\"1150\" \/>\n\t<meta property=\"og:image:height\" content=\"300\" \/>\n\t<meta property=\"og:image:type\" content=\"image\/jpeg\" \/>\n<meta name=\"twitter:card\" content=\"summary_large_image\" \/>\n<meta name=\"twitter:title\" content=\"PAP TEST | GynCare | Clinica Ginecologica Atene Grecia\" \/>\n<meta name=\"twitter:description\" content=\"Il Pap test test \u00e8 un semplice test durante il quale viene esaminata la cervice dove eventuali lesioni precancerose e cancerose possono essere rilevate\" \/>\n<meta name=\"twitter:label1\" content=\"Tempo di lettura stimato\" \/>\n\t<meta name=\"twitter:data1\" content=\"5 minuti\" \/>\n<script type=\"application\/ld+json\" class=\"yoast-schema-graph\">{\"@context\":\"https:\\\/\\\/schema.org\",\"@graph\":[{\"@type\":\"WebPage\",\"@id\":\"https:\\\/\\\/www.gyn-care.gr\\\/it\\\/test-pap-ginecologo-atene-centro\\\/\",\"url\":\"https:\\\/\\\/www.gyn-care.gr\\\/it\\\/test-pap-ginecologo-atene-centro\\\/\",\"name\":\"PAP TEST | VISITA GINECOLOGICA| GYN CARE IVF ATENE| GRECIA\",\"isPartOf\":{\"@id\":\"https:\\\/\\\/www.gyn-care.gr\\\/it\\\/#website\"},\"primaryImageOfPage\":{\"@id\":\"https:\\\/\\\/www.gyn-care.gr\\\/it\\\/test-pap-ginecologo-atene-centro\\\/#primaryimage\"},\"image\":{\"@id\":\"https:\\\/\\\/www.gyn-care.gr\\\/it\\\/test-pap-ginecologo-atene-centro\\\/#primaryimage\"},\"thumbnailUrl\":\"https:\\\/\\\/www.gyn-care.gr\\\/wp-content\\\/uploads\\\/2018\\\/07\\\/Get-and-HPV-Test-With-Your-Pap-Screen-RM-1440x810.jpg\",\"datePublished\":\"2018-06-21T20:39:40+00:00\",\"dateModified\":\"2021-07-30T17:17:31+00:00\",\"description\":\"Il Pap test \u00e8 un semplice test durante il quale viene esaminata la cervice dove eventuali lesioni precancerose e cancerose possono essere rilevate.\",\"breadcrumb\":{\"@id\":\"https:\\\/\\\/www.gyn-care.gr\\\/it\\\/test-pap-ginecologo-atene-centro\\\/#breadcrumb\"},\"inLanguage\":\"it-IT\",\"potentialAction\":[{\"@type\":\"ReadAction\",\"target\":[\"https:\\\/\\\/www.gyn-care.gr\\\/it\\\/test-pap-ginecologo-atene-centro\\\/\"]}]},{\"@type\":\"ImageObject\",\"inLanguage\":\"it-IT\",\"@id\":\"https:\\\/\\\/www.gyn-care.gr\\\/it\\\/test-pap-ginecologo-atene-centro\\\/#primaryimage\",\"url\":\"https:\\\/\\\/www.gyn-care.gr\\\/wp-content\\\/uploads\\\/2018\\\/07\\\/Get-and-HPV-Test-With-Your-Pap-Screen-RM-1440x810.jpg\",\"contentUrl\":\"https:\\\/\\\/www.gyn-care.gr\\\/wp-content\\\/uploads\\\/2018\\\/07\\\/Get-and-HPV-Test-With-Your-Pap-Screen-RM-1440x810.jpg\",\"width\":1150,\"height\":300},{\"@type\":\"BreadcrumbList\",\"@id\":\"https:\\\/\\\/www.gyn-care.gr\\\/it\\\/test-pap-ginecologo-atene-centro\\\/#breadcrumb\",\"itemListElement\":[{\"@type\":\"ListItem\",\"position\":1,\"name\":\"Home\",\"item\":\"https:\\\/\\\/www.gyn-care.gr\\\/it\\\/\"},{\"@type\":\"ListItem\",\"position\":2,\"name\":\"PAP TEST\"}]},{\"@type\":\"WebSite\",\"@id\":\"https:\\\/\\\/www.gyn-care.gr\\\/it\\\/#website\",\"url\":\"https:\\\/\\\/www.gyn-care.gr\\\/it\\\/\",\"name\":\"GynCare IVF | Centro di Procreazione Medicalmente Assistita Atene\",\"description\":\"Infertilit\u00e0, esami uomo, ESAMI FEMMINILI, fivet, EMBRYOTRANSFERT, Crioconservazione degli embrioni, ovodonazione, donazione seme, Legge ovodonazione, Maternit\u00e0 surrogata e legge, Ringiovanimento Ovarico ,  Platelet Rich Plasma, PRP\",\"publisher\":{\"@id\":\"https:\\\/\\\/www.gyn-care.gr\\\/it\\\/#organization\"},\"potentialAction\":[{\"@type\":\"SearchAction\",\"target\":{\"@type\":\"EntryPoint\",\"urlTemplate\":\"https:\\\/\\\/www.gyn-care.gr\\\/it\\\/?s={search_term_string}\"},\"query-input\":{\"@type\":\"PropertyValueSpecification\",\"valueRequired\":true,\"valueName\":\"search_term_string\"}}],\"inLanguage\":\"it-IT\"},{\"@type\":\"Organization\",\"@id\":\"https:\\\/\\\/www.gyn-care.gr\\\/it\\\/#organization\",\"name\":\"GynCare IVF\",\"url\":\"https:\\\/\\\/www.gyn-care.gr\\\/it\\\/\",\"logo\":{\"@type\":\"ImageObject\",\"inLanguage\":\"it-IT\",\"@id\":\"https:\\\/\\\/www.gyn-care.gr\\\/it\\\/#\\\/schema\\\/logo\\\/image\\\/\",\"url\":\"https:\\\/\\\/www.gyn-care.gr\\\/wp-content\\\/uploads\\\/2020\\\/11\\\/GynCare-IVF-\u039a\u03ad\u03bd\u03c4\u03c1\u03bf-\u03b5\u03be\u03c9\u03c3\u03c9\u03bc\u03b1\u03c4\u03b9\u03ba\u03ae\u03c2-\u03b3\u03bf\u03bd\u03b9\u03bc\u03bf\u03c0\u03bf\u03af\u03b7\u03c3\u03b7\u03c2-\u0391\u03b8\u03ae\u03bd\u03b1.jpg\",\"contentUrl\":\"https:\\\/\\\/www.gyn-care.gr\\\/wp-content\\\/uploads\\\/2020\\\/11\\\/GynCare-IVF-\u039a\u03ad\u03bd\u03c4\u03c1\u03bf-\u03b5\u03be\u03c9\u03c3\u03c9\u03bc\u03b1\u03c4\u03b9\u03ba\u03ae\u03c2-\u03b3\u03bf\u03bd\u03b9\u03bc\u03bf\u03c0\u03bf\u03af\u03b7\u03c3\u03b7\u03c2-\u0391\u03b8\u03ae\u03bd\u03b1.jpg\",\"width\":120,\"height\":120,\"caption\":\"GynCare IVF\"},\"image\":{\"@id\":\"https:\\\/\\\/www.gyn-care.gr\\\/it\\\/#\\\/schema\\\/logo\\\/image\\\/\"},\"sameAs\":[\"https:\\\/\\\/www.facebook.com\\\/gyncare.med\",\"https:\\\/\\\/www.instagram.com\\\/gyncareobgyn\\\/\",\"https:\\\/\\\/www.linkedin.com\\\/in\\\/dr-evangelos-sakkas-msc-md-86485b44\\\/\",\"https:\\\/\\\/www.youtube.com\\\/channel\\\/UCXsbfz3q7o0f_FHBamhLO4w\\\/featured\"]}]}<\/script>\n<!-- \/ Yoast SEO Premium plugin. -->","yoast_head_json":{"title":"PAP TEST | VISITA GINECOLOGICA| GYN CARE IVF ATENE| GRECIA","description":"Il Pap test \u00e8 un semplice test durante il quale viene esaminata la cervice dove eventuali lesioni precancerose e cancerose possono essere rilevate.","robots":{"index":"index","follow":"follow","max-snippet":"max-snippet:-1","max-image-preview":"max-image-preview:large","max-video-preview":"max-video-preview:-1"},"canonical":"https:\/\/www.gyn-care.gr\/it\/test-pap-ginecologo-atene-centro\/","og_locale":"it_IT","og_type":"article","og_title":"PAP TEST | GynCare | Clinica Ginecologica Atene Grecia","og_description":"Il Pap test test \u00e8 un semplice test durante il quale viene esaminata la cervice dove eventuali lesioni precancerose e cancerose possono essere rilevate","og_url":"https:\/\/www.gyn-care.gr\/it\/test-pap-ginecologo-atene-centro\/","og_site_name":"GynCare IVF | Centro di Procreazione Medicalmente Assistita Atene","article_publisher":"https:\/\/www.facebook.com\/gyncare.med","article_modified_time":"2021-07-30T17:17:31+00:00","og_image":[{"width":1150,"height":300,"url":"https:\/\/www.gyn-care.gr\/wp-content\/uploads\/2018\/07\/Get-and-HPV-Test-With-Your-Pap-Screen-RM-1440x810.jpg","type":"image\/jpeg"}],"twitter_card":"summary_large_image","twitter_title":"PAP TEST | GynCare | Clinica Ginecologica Atene Grecia","twitter_description":"Il Pap test test \u00e8 un semplice test durante il quale viene esaminata la cervice dove eventuali lesioni precancerose e cancerose possono essere rilevate","twitter_misc":{"Tempo di lettura stimato":"5 minuti"},"schema":{"@context":"https:\/\/schema.org","@graph":[{"@type":"WebPage","@id":"https:\/\/www.gyn-care.gr\/it\/test-pap-ginecologo-atene-centro\/","url":"https:\/\/www.gyn-care.gr\/it\/test-pap-ginecologo-atene-centro\/","name":"PAP TEST | VISITA GINECOLOGICA| GYN CARE IVF ATENE| GRECIA","isPartOf":{"@id":"https:\/\/www.gyn-care.gr\/it\/#website"},"primaryImageOfPage":{"@id":"https:\/\/www.gyn-care.gr\/it\/test-pap-ginecologo-atene-centro\/#primaryimage"},"image":{"@id":"https:\/\/www.gyn-care.gr\/it\/test-pap-ginecologo-atene-centro\/#primaryimage"},"thumbnailUrl":"https:\/\/www.gyn-care.gr\/wp-content\/uploads\/2018\/07\/Get-and-HPV-Test-With-Your-Pap-Screen-RM-1440x810.jpg","datePublished":"2018-06-21T20:39:40+00:00","dateModified":"2021-07-30T17:17:31+00:00","description":"Il Pap test \u00e8 un semplice test durante il quale viene esaminata la cervice dove eventuali lesioni precancerose e cancerose possono essere rilevate.","breadcrumb":{"@id":"https:\/\/www.gyn-care.gr\/it\/test-pap-ginecologo-atene-centro\/#breadcrumb"},"inLanguage":"it-IT","potentialAction":[{"@type":"ReadAction","target":["https:\/\/www.gyn-care.gr\/it\/test-pap-ginecologo-atene-centro\/"]}]},{"@type":"ImageObject","inLanguage":"it-IT","@id":"https:\/\/www.gyn-care.gr\/it\/test-pap-ginecologo-atene-centro\/#primaryimage","url":"https:\/\/www.gyn-care.gr\/wp-content\/uploads\/2018\/07\/Get-and-HPV-Test-With-Your-Pap-Screen-RM-1440x810.jpg","contentUrl":"https:\/\/www.gyn-care.gr\/wp-content\/uploads\/2018\/07\/Get-and-HPV-Test-With-Your-Pap-Screen-RM-1440x810.jpg","width":1150,"height":300},{"@type":"BreadcrumbList","@id":"https:\/\/www.gyn-care.gr\/it\/test-pap-ginecologo-atene-centro\/#breadcrumb","itemListElement":[{"@type":"ListItem","position":1,"name":"Home","item":"https:\/\/www.gyn-care.gr\/it\/"},{"@type":"ListItem","position":2,"name":"PAP TEST"}]},{"@type":"WebSite","@id":"https:\/\/www.gyn-care.gr\/it\/#website","url":"https:\/\/www.gyn-care.gr\/it\/","name":"GynCare IVF | Centro di Procreazione Medicalmente Assistita Atene","description":"Infertilit\u00e0, esami uomo, ESAMI FEMMINILI, fivet, EMBRYOTRANSFERT, Crioconservazione degli embrioni, ovodonazione, donazione seme, Legge ovodonazione, Maternit\u00e0 surrogata e legge, Ringiovanimento Ovarico ,  Platelet Rich Plasma, PRP","publisher":{"@id":"https:\/\/www.gyn-care.gr\/it\/#organization"},"potentialAction":[{"@type":"SearchAction","target":{"@type":"EntryPoint","urlTemplate":"https:\/\/www.gyn-care.gr\/it\/?s={search_term_string}"},"query-input":{"@type":"PropertyValueSpecification","valueRequired":true,"valueName":"search_term_string"}}],"inLanguage":"it-IT"},{"@type":"Organization","@id":"https:\/\/www.gyn-care.gr\/it\/#organization","name":"GynCare IVF","url":"https:\/\/www.gyn-care.gr\/it\/","logo":{"@type":"ImageObject","inLanguage":"it-IT","@id":"https:\/\/www.gyn-care.gr\/it\/#\/schema\/logo\/image\/","url":"https:\/\/www.gyn-care.gr\/wp-content\/uploads\/2020\/11\/GynCare-IVF-\u039a\u03ad\u03bd\u03c4\u03c1\u03bf-\u03b5\u03be\u03c9\u03c3\u03c9\u03bc\u03b1\u03c4\u03b9\u03ba\u03ae\u03c2-\u03b3\u03bf\u03bd\u03b9\u03bc\u03bf\u03c0\u03bf\u03af\u03b7\u03c3\u03b7\u03c2-\u0391\u03b8\u03ae\u03bd\u03b1.jpg","contentUrl":"https:\/\/www.gyn-care.gr\/wp-content\/uploads\/2020\/11\/GynCare-IVF-\u039a\u03ad\u03bd\u03c4\u03c1\u03bf-\u03b5\u03be\u03c9\u03c3\u03c9\u03bc\u03b1\u03c4\u03b9\u03ba\u03ae\u03c2-\u03b3\u03bf\u03bd\u03b9\u03bc\u03bf\u03c0\u03bf\u03af\u03b7\u03c3\u03b7\u03c2-\u0391\u03b8\u03ae\u03bd\u03b1.jpg","width":120,"height":120,"caption":"GynCare IVF"},"image":{"@id":"https:\/\/www.gyn-care.gr\/it\/#\/schema\/logo\/image\/"},"sameAs":["https:\/\/www.facebook.com\/gyncare.med","https:\/\/www.instagram.com\/gyncareobgyn\/","https:\/\/www.linkedin.com\/in\/dr-evangelos-sakkas-msc-md-86485b44\/","https:\/\/www.youtube.com\/channel\/UCXsbfz3q7o0f_FHBamhLO4w\/featured"]}]}},"_links":{"self":[{"href":"https:\/\/www.gyn-care.gr\/it\/wp-json\/wp\/v2\/pages\/4936","targetHints":{"allow":["GET"]}}],"collection":[{"href":"https:\/\/www.gyn-care.gr\/it\/wp-json\/wp\/v2\/pages"}],"about":[{"href":"https:\/\/www.gyn-care.gr\/it\/wp-json\/wp\/v2\/types\/page"}],"author":[{"embeddable":true,"href":"https:\/\/www.gyn-care.gr\/it\/wp-json\/wp\/v2\/users\/9"}],"replies":[{"embeddable":true,"href":"https:\/\/www.gyn-care.gr\/it\/wp-json\/wp\/v2\/comments?post=4936"}],"version-history":[{"count":2,"href":"https:\/\/www.gyn-care.gr\/it\/wp-json\/wp\/v2\/pages\/4936\/revisions"}],"predecessor-version":[{"id":12921,"href":"https:\/\/www.gyn-care.gr\/it\/wp-json\/wp\/v2\/pages\/4936\/revisions\/12921"}],"wp:featuredmedia":[{"embeddable":true,"href":"https:\/\/www.gyn-care.gr\/it\/wp-json\/wp\/v2\/media\/4404"}],"wp:attachment":[{"href":"https:\/\/www.gyn-care.gr\/it\/wp-json\/wp\/v2\/media?parent=4936"}],"curies":[{"name":"wp","href":"https:\/\/api.w.org\/{rel}","templated":true}]}}