{"id":2658,"date":"2018-06-21T21:38:52","date_gmt":"2018-06-21T21:38:52","guid":{"rendered":"http:\/\/localhost\/testsakas\/diavitis-kuisis\/"},"modified":"2021-08-02T20:28:22","modified_gmt":"2021-08-02T20:28:22","slug":"gravidanza-diabete-ostetrico-atene-grecia","status":"publish","type":"page","link":"https:\/\/www.gyn-care.gr\/it\/gravidanza-diabete-ostetrico-atene-grecia\/","title":{"rendered":"DIABETE GESTAZIONALE"},"content":{"rendered":"<div class=\"fusion-fullwidth fullwidth-box fusion-builder-row-1 nonhundred-percent-fullwidth non-hundred-percent-height-scrolling\" style=\"--awb-border-radius-top-left:0px;--awb-border-radius-top-right:0px;--awb-border-radius-bottom-right:0px;--awb-border-radius-bottom-left:0px;--awb-padding-right:4%;--awb-padding-left:4%;--awb-flex-wrap:wrap;\" ><div class=\"fusion-builder-row fusion-row\"><div class=\"fusion-layout-column fusion_builder_column fusion-builder-column-0 fusion_builder_column_1_1 1_1 fusion-one-full fusion-column-first fusion-column-last\" style=\"--awb-bg-size:cover;\"><div class=\"fusion-column-wrapper fusion-flex-column-wrapper-legacy\"><div class=\"fusion-column-content-centered\"><div class=\"fusion-column-content\"><div class=\"fusion-image-element fusion-image-align-center in-legacy-container\" style=\"text-align:center;--awb-caption-title-font-family:var(--h2_typography-font-family);--awb-caption-title-font-weight:var(--h2_typography-font-weight);--awb-caption-title-font-style:var(--h2_typography-font-style);--awb-caption-title-size:var(--h2_typography-font-size);--awb-caption-title-transform:var(--h2_typography-text-transform);--awb-caption-title-line-height:var(--h2_typography-line-height);--awb-caption-title-letter-spacing:var(--h2_typography-letter-spacing);\"><div class=\"imageframe-align-center\"><span class=\" fusion-imageframe imageframe-none imageframe-1 hover-type-none\"><img decoding=\"async\" width=\"1150\" height=\"300\" title=\"diabetes-1024&#215;768\" src=\"https:\/\/www.gyn-care.gr\/wp-content\/uploads\/2018\/07\/diabetes-1024x768.jpg\" alt class=\"img-responsive wp-image-4440\" srcset=\"https:\/\/www.gyn-care.gr\/wp-content\/uploads\/2018\/07\/diabetes-1024x768-200x52.jpg 200w, https:\/\/www.gyn-care.gr\/wp-content\/uploads\/2018\/07\/diabetes-1024x768-400x104.jpg 400w, https:\/\/www.gyn-care.gr\/wp-content\/uploads\/2018\/07\/diabetes-1024x768-600x157.jpg 600w, https:\/\/www.gyn-care.gr\/wp-content\/uploads\/2018\/07\/diabetes-1024x768-800x209.jpg 800w\" sizes=\"(max-width: 800px) 100vw, 1150px\" \/><\/span><\/div><\/div><\/div><\/div><div class=\"fusion-clearfix\"><\/div><\/div><\/div><div class=\"fusion-layout-column fusion_builder_column fusion-builder-column-1 fusion_builder_column_1_1 1_1 fusion-one-full fusion-column-first fusion-column-last\" style=\"--awb-bg-size:cover;\"><div class=\"fusion-column-wrapper fusion-flex-column-wrapper-legacy\"><div class=\"fusion-text fusion-text-1 titlos\"><h2 style=\"text-align: left;\">Diabete gestazionale<\/h2>\n<\/div><div class=\"fusion-clearfix\"><\/div><\/div><\/div><div class=\"fusion-layout-column fusion_builder_column fusion-builder-column-2 fusion_builder_column_1_1 1_1 fusion-one-full fusion-column-first fusion-column-last\" style=\"--awb-bg-size:cover;\"><div class=\"fusion-column-wrapper fusion-flex-column-wrapper-legacy\"><div class=\"fusion-reading-box-container reading-box-container-1 tagkline\" style=\"--awb-title-color:#2a8080;--awb-margin-top:0px;--awb-margin-bottom:84px;\"><div class=\"reading-box\" style=\"background-color:#f6f6f6;border-width:1px;border-color:#f6f6f6;border-left-width:3px;border-left-color:var(--primary_color);border-style:solid;\"><div class=\"reading-box-additional\">\n<p>Il numero di donne con diabete in gravidanza \u00e8 in aumento. La malattia causa problemi sia per la madre incinta che per il bambino.<\/p>\n<\/div><div class=\"fusion-clearfix\"><\/div><\/div><\/div><div class=\"fusion-clearfix\"><\/div><\/div><\/div><div class=\"fusion-layout-column fusion_builder_column fusion-builder-column-3 fusion_builder_column_1_1 1_1 fusion-one-full fusion-column-first fusion-column-last\" style=\"--awb-bg-size:cover;\"><div class=\"fusion-column-wrapper fusion-flex-column-wrapper-legacy\"><div class=\"fusion-text fusion-text-2\"><p>Il diabete mellito \u00e8 presentato in due forme: diabete di tipo 1 e diabete di tipo 2. \u00c8 caratterizzato da anomalie metaboliche e alti livelli di glucosio nel sangue che causano gravi complicazioni per i pazienti.<\/p>\n<\/div><div class=\"fusion-text fusion-text-3\"><p>Il diabete gestazionale \u00e8 una malattia separata che tuttavia condivide caratteristiche comuni con il diabete di tipo 2 come l\u2019insulino-resistenza.<\/p>\n<\/div><div class=\"fusion-text fusion-text-4\"><p>Si manifesta in una donna che non aveva il diabete prima della gravidanza.<\/p>\n<\/div><div class=\"fusion-text fusion-text-5\"><p>L&#8217;aumento del peso corporeo e i cambiamenti ormonali osservati nella donna incinta contribuiscono al diabete gestazionale o all&#8217;aggravamento del diabete preesistente. Si stima che il diabete gestazionale si verifichi nel 5% delle donne in gravidanza.<\/p>\n<\/div><div class=\"fusion-clearfix\"><\/div><\/div><\/div><div class=\"fusion-layout-column fusion_builder_column fusion-builder-column-4 fusion_builder_column_1_1 1_1 fusion-one-full fusion-column-first fusion-column-last\" style=\"--awb-bg-size:cover;\"><div class=\"fusion-column-wrapper fusion-flex-column-wrapper-legacy\"><div class=\"fusion-text fusion-text-6\"><h5 style=\"text-align: left;\">Le donne incinte che non controllano adeguatamente il loro diabete sono a serio rischio. Questi includono i rischi per il bambino e per la madre:<\/h5>\n<p>\u00a0<\/p>\n<\/div><ul style=\"--awb-size:18px;--awb-iconcolor:#8a83ad;--awb-line-height:30.6px;--awb-icon-width:30.6px;--awb-icon-height:30.6px;--awb-icon-margin:12.6px;--awb-content-margin:43.2px;\" class=\"fusion-checklist fusion-checklist-1 fusion-checklist-default type-icons\"><li class=\"fusion-li-item\" style=\"\"><span class=\"icon-wrapper circle-no\"><i class=\"fusion-li-icon fa-caret-right fas\" aria-hidden=\"true\"><\/i><\/span><div class=\"fusion-li-item-content\">\n<p>Macrosomia: il neonato \u00e8 pi\u00f9 grande e ha un peso corporeo al di fuori del range normale, aumentando il rischio di complicanze come distocia di spalla.<\/p>\n<\/div><\/li><li class=\"fusion-li-item\" style=\"\"><span class=\"icon-wrapper circle-no\"><i class=\"fusion-li-icon fa-caret-right fas\" aria-hidden=\"true\"><\/i><\/span><div class=\"fusion-li-item-content\">\n<p>Ipoglicemia del neonato: il neonato ha bassi livelli di glucosio nel sangue, che possono portare a gravi complicanze.<\/p>\n<\/div><\/li><li class=\"fusion-li-item\" style=\"\"><span class=\"icon-wrapper circle-no\"><i class=\"fusion-li-icon fa-caret-right fas\" aria-hidden=\"true\"><\/i><\/span><div class=\"fusion-li-item-content\">\n<p>Malformazioni congenite.<\/p>\n<\/div><\/li><li class=\"fusion-li-item\" style=\"\"><span class=\"icon-wrapper circle-no\"><i class=\"fusion-li-icon fa-caret-right fas\" aria-hidden=\"true\"><\/i><\/span><div class=\"fusion-li-item-content\">\n<p>Maggiore rischio per problemi respiratori e ittero neonatale.<\/p>\n<\/div><\/li><li class=\"fusion-li-item\" style=\"\"><span class=\"icon-wrapper circle-no\"><i class=\"fusion-li-icon fa-caret-right fas\" aria-hidden=\"true\"><\/i><\/span><div class=\"fusion-li-item-content\">\n<p>Maggiore rischio per aborto o morte intrauterina.<\/p>\n<\/div><\/li><li class=\"fusion-li-item\" style=\"\"><span class=\"icon-wrapper circle-no\"><i class=\"fusion-li-icon fa-caret-right fas\" aria-hidden=\"true\"><\/i><\/span><div class=\"fusion-li-item-content\">Ipertensione, malattie renali, malattie cardiache, malattie nervose, malattie degli occhi (retinopatia diabetica) e cecit\u00e0: questi problemi si verificano quando il diabete viene trascurato.<\/div><\/li><li class=\"fusion-li-item\" style=\"\"><span class=\"icon-wrapper circle-no\"><i class=\"fusion-li-icon fa-caret-right fas\" aria-hidden=\"true\"><\/i><\/span><div class=\"fusion-li-item-content\">\n<p>Maggiore rischio per taglio cesareo.<\/p>\n<\/div><\/li><\/ul><div class=\"fusion-clearfix\"><\/div><\/div><\/div><div class=\"fusion-layout-column fusion_builder_column fusion-builder-column-5 fusion_builder_column_1_1 1_1 fusion-one-full fusion-column-first fusion-column-last\" style=\"--awb-bg-size:cover;\"><div class=\"fusion-column-wrapper fusion-flex-column-wrapper-legacy\"><div class=\"fusion-reading-box-container reading-box-container-2 tagkline\" style=\"--awb-title-color:#2a8080;--awb-margin-top:0px;--awb-margin-bottom:84px;\"><div class=\"reading-box\" style=\"background-color:#f6f6f6;border-width:1px;border-color:#f6f6f6;border-left-width:3px;border-left-color:var(--primary_color);border-style:solid;\"><div class=\"reading-box-additional\">\n<p>Un adeguato controllo del diabete prima e durante la gravidanza aiuta efficacemente a prevenire i rischi che minacciano la madre incinta e il suo bambino.<\/p>\n<\/div><div class=\"fusion-clearfix\"><\/div><\/div><\/div><div class=\"fusion-clearfix\"><\/div><\/div><\/div><div class=\"fusion-layout-column fusion_builder_column fusion-builder-column-6 fusion_builder_column_1_1 1_1 fusion-one-full fusion-column-first fusion-column-last\" style=\"--awb-bg-size:cover;\"><div class=\"fusion-column-wrapper fusion-flex-column-wrapper-legacy\"><div class=\"fusion-text fusion-text-7\"><p>Nella maggior parte dei casi, il diabete in gravidanza pu\u00f2 essere regolato con una corretta alimentazione e un regolare esercizio fisico moderato secondo le istruzioni del medico. Tuttavia, in alcuni casi il mantenimento della glicemia a livelli desiderabili richiede la somministrazione di insulina.<\/p>\n<\/div><div class=\"fusion-text fusion-text-8\"><p>Di solito il diabete gestazionale scompare dopo il parto. Tuttavia, molte donne, circa il 50% hanno avuto il diabete gestazionale, successivamente presenti nel diabete mellito di tipo 2.<\/p>\n<\/div><div class=\"fusion-text fusion-text-9\"><p>Si deve notare che i bambini la cui madre aveva il diabete gestazionale hanno maggiori probabilit\u00e0 di sviluppare obesit\u00e0, anomalie nella tolleranza al glucosio e diabete. Per questi motivi, \u00e8 necessario educare e attuare misure di prevenzione contro il diabete e l&#8217;obesit\u00e0.<\/p>\n<\/div><div class=\"fusion-clearfix\"><\/div><\/div><\/div><div class=\"fusion-layout-column fusion_builder_column fusion-builder-column-7 fusion_builder_column_1_1 1_1 fusion-one-full fusion-column-first fusion-column-last\" style=\"--awb-bg-size:cover;\"><div class=\"fusion-column-wrapper fusion-flex-column-wrapper-legacy\"><div class=\"fusion-reading-box-container reading-box-container-3 tagkline\" style=\"--awb-title-color:#2a8080;--awb-margin-top:0px;--awb-margin-bottom:84px;\"><div class=\"reading-box\" style=\"background-color:#f6f6f6;border-width:1px;border-color:#f6f6f6;border-left-width:3px;border-left-color:var(--primary_color);border-style:solid;\"><div class=\"reading-box-additional\">\n<p>Le donne con diabete preesistente devono essere preparate correttamente con l&#8217;aiuto del loro medico e pianificare la loro gravidanza.<\/p>\n<\/div><div class=\"fusion-clearfix\"><\/div><\/div><\/div><div class=\"fusion-clearfix\"><\/div><\/div><\/div><\/div><\/div>\n","protected":false},"excerpt":{"rendered":"","protected":false},"author":9,"featured_media":4440,"parent":0,"menu_order":0,"comment_status":"closed","ping_status":"closed","template":"","meta":{"footnotes":""},"class_list":["post-2658","page","type-page","status-publish","has-post-thumbnail","hentry"],"yoast_head":"<!-- This site is optimized with the Yoast SEO Premium plugin v26.9 (Yoast SEO v27.4) - https:\/\/yoast.com\/product\/yoast-seo-premium-wordpress\/ -->\n<title>Diabete gestazionale - Gyn Care IVF Atene Grecia<\/title>\n<meta name=\"description\" content=\"Un adeguato controllo aiuta efficacemente a prevenire i rischi che minacciano la madre incinta e il suo bambino.\" \/>\n<meta name=\"robots\" content=\"index, follow, max-snippet:-1, max-image-preview:large, max-video-preview:-1\" \/>\n<link rel=\"canonical\" href=\"https:\/\/www.gyn-care.gr\/it\/gravidanza-diabete-ostetrico-atene-grecia\/\" \/>\n<meta property=\"og:locale\" content=\"it_IT\" \/>\n<meta property=\"og:type\" content=\"article\" \/>\n<meta property=\"og:title\" content=\"Diabete gestazionale | GynCare | Clinica Ginecologica Atene Grecia\" \/>\n<meta property=\"og:description\" content=\"Diabete gestazionale. Un adeguato controllo del diabete prima e durante la gravidanza aiuta efficacemente a prevenire i rischi che minacciano la madre incinta e il suo bambino.\" \/>\n<meta property=\"og:url\" content=\"https:\/\/www.gyn-care.gr\/it\/gravidanza-diabete-ostetrico-atene-grecia\/\" \/>\n<meta property=\"og:site_name\" content=\"GynCare IVF | Centro di Procreazione Medicalmente Assistita Atene\" \/>\n<meta property=\"article:publisher\" content=\"https:\/\/www.facebook.com\/gyncare.med\" \/>\n<meta property=\"article:modified_time\" content=\"2021-08-02T20:28:22+00:00\" \/>\n<meta property=\"og:image\" content=\"https:\/\/www.gyn-care.gr\/wp-content\/uploads\/2018\/07\/diabetes-1024x768.jpg\" \/>\n\t<meta property=\"og:image:width\" content=\"1150\" \/>\n\t<meta property=\"og:image:height\" content=\"300\" \/>\n\t<meta property=\"og:image:type\" content=\"image\/jpeg\" \/>\n<meta name=\"twitter:card\" content=\"summary_large_image\" \/>\n<meta name=\"twitter:title\" content=\"Diabete gestazionale | GynCare | Clinica Ginecologica Atene Grecia\" \/>\n<meta name=\"twitter:description\" content=\"Diabete gestazionale. Un adeguato controllo del diabete prima e durante la gravidanza aiuta efficacemente a prevenire i rischi che minacciano la madre incinta e il suo bambino.\" \/>\n<meta name=\"twitter:label1\" content=\"Tempo di lettura stimato\" \/>\n\t<meta name=\"twitter:data1\" content=\"8 minuti\" \/>\n<script type=\"application\/ld+json\" class=\"yoast-schema-graph\">{\"@context\":\"https:\\\/\\\/schema.org\",\"@graph\":[{\"@type\":\"WebPage\",\"@id\":\"https:\\\/\\\/www.gyn-care.gr\\\/it\\\/gravidanza-diabete-ostetrico-atene-grecia\\\/\",\"url\":\"https:\\\/\\\/www.gyn-care.gr\\\/it\\\/gravidanza-diabete-ostetrico-atene-grecia\\\/\",\"name\":\"Diabete gestazionale - Gyn Care IVF Atene Grecia\",\"isPartOf\":{\"@id\":\"https:\\\/\\\/www.gyn-care.gr\\\/it\\\/#website\"},\"primaryImageOfPage\":{\"@id\":\"https:\\\/\\\/www.gyn-care.gr\\\/it\\\/gravidanza-diabete-ostetrico-atene-grecia\\\/#primaryimage\"},\"image\":{\"@id\":\"https:\\\/\\\/www.gyn-care.gr\\\/it\\\/gravidanza-diabete-ostetrico-atene-grecia\\\/#primaryimage\"},\"thumbnailUrl\":\"https:\\\/\\\/www.gyn-care.gr\\\/wp-content\\\/uploads\\\/2018\\\/07\\\/diabetes-1024x768.jpg\",\"datePublished\":\"2018-06-21T21:38:52+00:00\",\"dateModified\":\"2021-08-02T20:28:22+00:00\",\"description\":\"Un adeguato controllo aiuta efficacemente a prevenire i rischi che minacciano la madre incinta e il suo bambino.\",\"breadcrumb\":{\"@id\":\"https:\\\/\\\/www.gyn-care.gr\\\/it\\\/gravidanza-diabete-ostetrico-atene-grecia\\\/#breadcrumb\"},\"inLanguage\":\"it-IT\",\"potentialAction\":[{\"@type\":\"ReadAction\",\"target\":[\"https:\\\/\\\/www.gyn-care.gr\\\/it\\\/gravidanza-diabete-ostetrico-atene-grecia\\\/\"]}]},{\"@type\":\"ImageObject\",\"inLanguage\":\"it-IT\",\"@id\":\"https:\\\/\\\/www.gyn-care.gr\\\/it\\\/gravidanza-diabete-ostetrico-atene-grecia\\\/#primaryimage\",\"url\":\"https:\\\/\\\/www.gyn-care.gr\\\/wp-content\\\/uploads\\\/2018\\\/07\\\/diabetes-1024x768.jpg\",\"contentUrl\":\"https:\\\/\\\/www.gyn-care.gr\\\/wp-content\\\/uploads\\\/2018\\\/07\\\/diabetes-1024x768.jpg\",\"width\":1150,\"height\":300},{\"@type\":\"BreadcrumbList\",\"@id\":\"https:\\\/\\\/www.gyn-care.gr\\\/it\\\/gravidanza-diabete-ostetrico-atene-grecia\\\/#breadcrumb\",\"itemListElement\":[{\"@type\":\"ListItem\",\"position\":1,\"name\":\"Home\",\"item\":\"https:\\\/\\\/www.gyn-care.gr\\\/it\\\/\"},{\"@type\":\"ListItem\",\"position\":2,\"name\":\"DIABETE GESTAZIONALE\"}]},{\"@type\":\"WebSite\",\"@id\":\"https:\\\/\\\/www.gyn-care.gr\\\/it\\\/#website\",\"url\":\"https:\\\/\\\/www.gyn-care.gr\\\/it\\\/\",\"name\":\"GynCare IVF | Centro di Procreazione Medicalmente Assistita Atene\",\"description\":\"Infertilit\u00e0, esami uomo, ESAMI FEMMINILI, fivet, EMBRYOTRANSFERT, Crioconservazione degli embrioni, ovodonazione, donazione seme, Legge ovodonazione, Maternit\u00e0 surrogata e legge, Ringiovanimento Ovarico ,  Platelet Rich Plasma, PRP\",\"publisher\":{\"@id\":\"https:\\\/\\\/www.gyn-care.gr\\\/it\\\/#organization\"},\"potentialAction\":[{\"@type\":\"SearchAction\",\"target\":{\"@type\":\"EntryPoint\",\"urlTemplate\":\"https:\\\/\\\/www.gyn-care.gr\\\/it\\\/?s={search_term_string}\"},\"query-input\":{\"@type\":\"PropertyValueSpecification\",\"valueRequired\":true,\"valueName\":\"search_term_string\"}}],\"inLanguage\":\"it-IT\"},{\"@type\":\"Organization\",\"@id\":\"https:\\\/\\\/www.gyn-care.gr\\\/it\\\/#organization\",\"name\":\"GynCare IVF\",\"url\":\"https:\\\/\\\/www.gyn-care.gr\\\/it\\\/\",\"logo\":{\"@type\":\"ImageObject\",\"inLanguage\":\"it-IT\",\"@id\":\"https:\\\/\\\/www.gyn-care.gr\\\/it\\\/#\\\/schema\\\/logo\\\/image\\\/\",\"url\":\"https:\\\/\\\/www.gyn-care.gr\\\/wp-content\\\/uploads\\\/2020\\\/11\\\/GynCare-IVF-\u039a\u03ad\u03bd\u03c4\u03c1\u03bf-\u03b5\u03be\u03c9\u03c3\u03c9\u03bc\u03b1\u03c4\u03b9\u03ba\u03ae\u03c2-\u03b3\u03bf\u03bd\u03b9\u03bc\u03bf\u03c0\u03bf\u03af\u03b7\u03c3\u03b7\u03c2-\u0391\u03b8\u03ae\u03bd\u03b1.jpg\",\"contentUrl\":\"https:\\\/\\\/www.gyn-care.gr\\\/wp-content\\\/uploads\\\/2020\\\/11\\\/GynCare-IVF-\u039a\u03ad\u03bd\u03c4\u03c1\u03bf-\u03b5\u03be\u03c9\u03c3\u03c9\u03bc\u03b1\u03c4\u03b9\u03ba\u03ae\u03c2-\u03b3\u03bf\u03bd\u03b9\u03bc\u03bf\u03c0\u03bf\u03af\u03b7\u03c3\u03b7\u03c2-\u0391\u03b8\u03ae\u03bd\u03b1.jpg\",\"width\":120,\"height\":120,\"caption\":\"GynCare IVF\"},\"image\":{\"@id\":\"https:\\\/\\\/www.gyn-care.gr\\\/it\\\/#\\\/schema\\\/logo\\\/image\\\/\"},\"sameAs\":[\"https:\\\/\\\/www.facebook.com\\\/gyncare.med\",\"https:\\\/\\\/www.instagram.com\\\/gyncareobgyn\\\/\",\"https:\\\/\\\/www.linkedin.com\\\/in\\\/dr-evangelos-sakkas-msc-md-86485b44\\\/\",\"https:\\\/\\\/www.youtube.com\\\/channel\\\/UCXsbfz3q7o0f_FHBamhLO4w\\\/featured\"]}]}<\/script>\n<!-- \/ Yoast SEO Premium plugin. -->","yoast_head_json":{"title":"Diabete gestazionale - Gyn Care IVF Atene Grecia","description":"Un adeguato controllo aiuta efficacemente a prevenire i rischi che minacciano la madre incinta e il suo bambino.","robots":{"index":"index","follow":"follow","max-snippet":"max-snippet:-1","max-image-preview":"max-image-preview:large","max-video-preview":"max-video-preview:-1"},"canonical":"https:\/\/www.gyn-care.gr\/it\/gravidanza-diabete-ostetrico-atene-grecia\/","og_locale":"it_IT","og_type":"article","og_title":"Diabete gestazionale | GynCare | Clinica Ginecologica Atene Grecia","og_description":"Diabete gestazionale. Un adeguato controllo del diabete prima e durante la gravidanza aiuta efficacemente a prevenire i rischi che minacciano la madre incinta e il suo bambino.","og_url":"https:\/\/www.gyn-care.gr\/it\/gravidanza-diabete-ostetrico-atene-grecia\/","og_site_name":"GynCare IVF | Centro di Procreazione Medicalmente Assistita Atene","article_publisher":"https:\/\/www.facebook.com\/gyncare.med","article_modified_time":"2021-08-02T20:28:22+00:00","og_image":[{"width":1150,"height":300,"url":"https:\/\/www.gyn-care.gr\/wp-content\/uploads\/2018\/07\/diabetes-1024x768.jpg","type":"image\/jpeg"}],"twitter_card":"summary_large_image","twitter_title":"Diabete gestazionale | GynCare | Clinica Ginecologica Atene Grecia","twitter_description":"Diabete gestazionale. Un adeguato controllo del diabete prima e durante la gravidanza aiuta efficacemente a prevenire i rischi che minacciano la madre incinta e il suo bambino.","twitter_misc":{"Tempo di lettura stimato":"8 minuti"},"schema":{"@context":"https:\/\/schema.org","@graph":[{"@type":"WebPage","@id":"https:\/\/www.gyn-care.gr\/it\/gravidanza-diabete-ostetrico-atene-grecia\/","url":"https:\/\/www.gyn-care.gr\/it\/gravidanza-diabete-ostetrico-atene-grecia\/","name":"Diabete gestazionale - Gyn Care IVF Atene Grecia","isPartOf":{"@id":"https:\/\/www.gyn-care.gr\/it\/#website"},"primaryImageOfPage":{"@id":"https:\/\/www.gyn-care.gr\/it\/gravidanza-diabete-ostetrico-atene-grecia\/#primaryimage"},"image":{"@id":"https:\/\/www.gyn-care.gr\/it\/gravidanza-diabete-ostetrico-atene-grecia\/#primaryimage"},"thumbnailUrl":"https:\/\/www.gyn-care.gr\/wp-content\/uploads\/2018\/07\/diabetes-1024x768.jpg","datePublished":"2018-06-21T21:38:52+00:00","dateModified":"2021-08-02T20:28:22+00:00","description":"Un adeguato controllo aiuta efficacemente a prevenire i rischi che minacciano la madre incinta e il suo bambino.","breadcrumb":{"@id":"https:\/\/www.gyn-care.gr\/it\/gravidanza-diabete-ostetrico-atene-grecia\/#breadcrumb"},"inLanguage":"it-IT","potentialAction":[{"@type":"ReadAction","target":["https:\/\/www.gyn-care.gr\/it\/gravidanza-diabete-ostetrico-atene-grecia\/"]}]},{"@type":"ImageObject","inLanguage":"it-IT","@id":"https:\/\/www.gyn-care.gr\/it\/gravidanza-diabete-ostetrico-atene-grecia\/#primaryimage","url":"https:\/\/www.gyn-care.gr\/wp-content\/uploads\/2018\/07\/diabetes-1024x768.jpg","contentUrl":"https:\/\/www.gyn-care.gr\/wp-content\/uploads\/2018\/07\/diabetes-1024x768.jpg","width":1150,"height":300},{"@type":"BreadcrumbList","@id":"https:\/\/www.gyn-care.gr\/it\/gravidanza-diabete-ostetrico-atene-grecia\/#breadcrumb","itemListElement":[{"@type":"ListItem","position":1,"name":"Home","item":"https:\/\/www.gyn-care.gr\/it\/"},{"@type":"ListItem","position":2,"name":"DIABETE GESTAZIONALE"}]},{"@type":"WebSite","@id":"https:\/\/www.gyn-care.gr\/it\/#website","url":"https:\/\/www.gyn-care.gr\/it\/","name":"GynCare IVF | Centro di Procreazione Medicalmente Assistita Atene","description":"Infertilit\u00e0, esami uomo, ESAMI FEMMINILI, fivet, EMBRYOTRANSFERT, Crioconservazione degli embrioni, ovodonazione, donazione seme, Legge ovodonazione, Maternit\u00e0 surrogata e legge, Ringiovanimento Ovarico ,  Platelet Rich Plasma, PRP","publisher":{"@id":"https:\/\/www.gyn-care.gr\/it\/#organization"},"potentialAction":[{"@type":"SearchAction","target":{"@type":"EntryPoint","urlTemplate":"https:\/\/www.gyn-care.gr\/it\/?s={search_term_string}"},"query-input":{"@type":"PropertyValueSpecification","valueRequired":true,"valueName":"search_term_string"}}],"inLanguage":"it-IT"},{"@type":"Organization","@id":"https:\/\/www.gyn-care.gr\/it\/#organization","name":"GynCare IVF","url":"https:\/\/www.gyn-care.gr\/it\/","logo":{"@type":"ImageObject","inLanguage":"it-IT","@id":"https:\/\/www.gyn-care.gr\/it\/#\/schema\/logo\/image\/","url":"https:\/\/www.gyn-care.gr\/wp-content\/uploads\/2020\/11\/GynCare-IVF-\u039a\u03ad\u03bd\u03c4\u03c1\u03bf-\u03b5\u03be\u03c9\u03c3\u03c9\u03bc\u03b1\u03c4\u03b9\u03ba\u03ae\u03c2-\u03b3\u03bf\u03bd\u03b9\u03bc\u03bf\u03c0\u03bf\u03af\u03b7\u03c3\u03b7\u03c2-\u0391\u03b8\u03ae\u03bd\u03b1.jpg","contentUrl":"https:\/\/www.gyn-care.gr\/wp-content\/uploads\/2020\/11\/GynCare-IVF-\u039a\u03ad\u03bd\u03c4\u03c1\u03bf-\u03b5\u03be\u03c9\u03c3\u03c9\u03bc\u03b1\u03c4\u03b9\u03ba\u03ae\u03c2-\u03b3\u03bf\u03bd\u03b9\u03bc\u03bf\u03c0\u03bf\u03af\u03b7\u03c3\u03b7\u03c2-\u0391\u03b8\u03ae\u03bd\u03b1.jpg","width":120,"height":120,"caption":"GynCare IVF"},"image":{"@id":"https:\/\/www.gyn-care.gr\/it\/#\/schema\/logo\/image\/"},"sameAs":["https:\/\/www.facebook.com\/gyncare.med","https:\/\/www.instagram.com\/gyncareobgyn\/","https:\/\/www.linkedin.com\/in\/dr-evangelos-sakkas-msc-md-86485b44\/","https:\/\/www.youtube.com\/channel\/UCXsbfz3q7o0f_FHBamhLO4w\/featured"]}]}},"_links":{"self":[{"href":"https:\/\/www.gyn-care.gr\/it\/wp-json\/wp\/v2\/pages\/2658","targetHints":{"allow":["GET"]}}],"collection":[{"href":"https:\/\/www.gyn-care.gr\/it\/wp-json\/wp\/v2\/pages"}],"about":[{"href":"https:\/\/www.gyn-care.gr\/it\/wp-json\/wp\/v2\/types\/page"}],"author":[{"embeddable":true,"href":"https:\/\/www.gyn-care.gr\/it\/wp-json\/wp\/v2\/users\/9"}],"replies":[{"embeddable":true,"href":"https:\/\/www.gyn-care.gr\/it\/wp-json\/wp\/v2\/comments?post=2658"}],"version-history":[{"count":9,"href":"https:\/\/www.gyn-care.gr\/it\/wp-json\/wp\/v2\/pages\/2658\/revisions"}],"predecessor-version":[{"id":13293,"href":"https:\/\/www.gyn-care.gr\/it\/wp-json\/wp\/v2\/pages\/2658\/revisions\/13293"}],"wp:featuredmedia":[{"embeddable":true,"href":"https:\/\/www.gyn-care.gr\/it\/wp-json\/wp\/v2\/media\/4440"}],"wp:attachment":[{"href":"https:\/\/www.gyn-care.gr\/it\/wp-json\/wp\/v2\/media?parent=2658"}],"curies":[{"name":"wp","href":"https:\/\/api.w.org\/{rel}","templated":true}]}}