{"id":2654,"date":"2018-06-21T21:38:01","date_gmt":"2018-06-21T21:38:01","guid":{"rendered":"http:\/\/localhost\/testsakas\/egkumosuni-meta-ta-40\/"},"modified":"2021-07-27T20:55:16","modified_gmt":"2021-07-27T20:55:16","slug":"gravidanza-grande-eta-ostetrico-atene","status":"publish","type":"page","link":"https:\/\/www.gyn-care.gr\/it\/gravidanza-grande-eta-ostetrico-atene\/","title":{"rendered":"GRAVIDANZA DOPO I 40 ANNI"},"content":{"rendered":"<div class=\"fusion-fullwidth fullwidth-box fusion-builder-row-1 nonhundred-percent-fullwidth non-hundred-percent-height-scrolling\" style=\"--awb-border-radius-top-left:0px;--awb-border-radius-top-right:0px;--awb-border-radius-bottom-right:0px;--awb-border-radius-bottom-left:0px;--awb-padding-right:4%;--awb-padding-left:4%;--awb-flex-wrap:wrap;\" ><div class=\"fusion-builder-row fusion-row\"><div class=\"fusion-layout-column fusion_builder_column fusion-builder-column-0 fusion_builder_column_1_1 1_1 fusion-one-full fusion-column-first fusion-column-last\" style=\"--awb-bg-size:cover;\"><div class=\"fusion-column-wrapper fusion-flex-column-wrapper-legacy\"><div class=\"fusion-column-content-centered\"><div class=\"fusion-column-content\"><div class=\"fusion-image-element fusion-image-align-center in-legacy-container\" style=\"text-align:center;--awb-caption-title-font-family:var(--h2_typography-font-family);--awb-caption-title-font-weight:var(--h2_typography-font-weight);--awb-caption-title-font-style:var(--h2_typography-font-style);--awb-caption-title-size:var(--h2_typography-font-size);--awb-caption-title-transform:var(--h2_typography-text-transform);--awb-caption-title-line-height:var(--h2_typography-line-height);--awb-caption-title-letter-spacing:var(--h2_typography-letter-spacing);\"><div class=\"imageframe-align-center\"><span class=\" fusion-imageframe imageframe-none imageframe-1 hover-type-none\"><img decoding=\"async\" width=\"1150\" height=\"300\" alt=\"\u0395\u03b3\u03ba\u03c5\u03bc\u03bf\u03c3\u03cd\u03bd\u03b7\" title=\"11382\" src=\"https:\/\/www.gyn-care.gr\/wp-content\/uploads\/2018\/07\/11382.jpg\" class=\"img-responsive wp-image-4438\" srcset=\"https:\/\/www.gyn-care.gr\/wp-content\/uploads\/2018\/07\/11382-200x52.jpg 200w, https:\/\/www.gyn-care.gr\/wp-content\/uploads\/2018\/07\/11382-400x104.jpg 400w, https:\/\/www.gyn-care.gr\/wp-content\/uploads\/2018\/07\/11382-600x157.jpg 600w, https:\/\/www.gyn-care.gr\/wp-content\/uploads\/2018\/07\/11382-800x209.jpg 800w, https:\/\/www.gyn-care.gr\/wp-content\/uploads\/2018\/07\/11382.jpg 1150w\" sizes=\"(max-width: 800px) 100vw, 1150px\" \/><\/span><\/div><\/div><\/div><\/div><div class=\"fusion-clearfix\"><\/div><\/div><\/div><div class=\"fusion-layout-column fusion_builder_column fusion-builder-column-1 fusion_builder_column_1_1 1_1 fusion-one-full fusion-column-first fusion-column-last\" style=\"--awb-bg-size:cover;\"><div class=\"fusion-column-wrapper fusion-flex-column-wrapper-legacy\"><div class=\"fusion-text fusion-text-1 titlos\"><p>Gravidanza dopo i 40 anni<\/p>\n<\/div><div class=\"fusion-clearfix\"><\/div><\/div><\/div><div class=\"fusion-layout-column fusion_builder_column fusion-builder-column-2 fusion_builder_column_1_1 1_1 fusion-one-full fusion-column-first fusion-column-last\" style=\"--awb-bg-size:cover;\"><div class=\"fusion-column-wrapper fusion-flex-column-wrapper-legacy\"><div class=\"fusion-text fusion-text-2\"><p>Il numero di donne che fanno un figlio dopo i 40 anni \u00e8 cresciuto di 30 volte negli ultimi 40 anni. La gravidanza dopo i 40 anni \u00e8 difficile e le complicanze sono pi\u00f9 frequenti<\/p>\n<\/div><div class=\"fusion-clearfix\"><\/div><\/div><\/div><div class=\"fusion-layout-column fusion_builder_column fusion-builder-column-3 fusion_builder_column_1_1 1_1 fusion-one-full fusion-column-first fusion-column-last\" style=\"--awb-bg-size:cover;\"><div class=\"fusion-column-wrapper fusion-flex-column-wrapper-legacy\"><div class=\"fusion-text fusion-text-3\"><h2 style=\"text-align: left;\">Perch\u00e9 \u00e8 pi\u00f9 difficile concepire spontaneamente dopo i 40 anni?<\/h2>\n<\/div><div class=\"fusion-text fusion-text-4\"><p>I disturbi dell&#8217;ovulazione sono parte delle cause pi\u00f9 comuni di infertilit\u00e0 nelle donne. All&#8217;et\u00e0 di 40 anni, l&#8217;ovulazione potrebbe non verificarsi sempre e la qualit\u00e0 dell&#8217;uovo potrebbe essere bassa. La probabilit\u00e0 di concepimento in una donna \u00e8 del 25% per ciclo all&#8217;et\u00e0 di 25 anni, il 12% all&#8217;et\u00e0 di 35 anni e il 6% all&#8217;et\u00e0 di 40 anni.<\/p>\n<\/div><div class=\"fusion-clearfix\"><\/div><\/div><\/div><div class=\"fusion-layout-column fusion_builder_column fusion-builder-column-4 fusion_builder_column_1_1 1_1 fusion-one-full fusion-column-first fusion-column-last\" style=\"--awb-bg-size:cover;\"><div class=\"fusion-column-wrapper fusion-flex-column-wrapper-legacy\"><div class=\"fusion-text fusion-text-5\"><h2 style=\"text-align: left;\">Dovremmo chiedere un consiglio prima di provare una gravidanza dopo i 40 anni?<\/h2>\n<\/div><div class=\"fusion-text fusion-text-6\"><p>Ovviamente. Consultare il suo ginecologo offre una valutazione generale delle sue condizioni di salute. Se ha il diabete o l&#8217;ipertensione, questo La aiuter\u00e0 a stabilizzare il problema prima di iniziare una gravidanza. Se ha gi\u00e0 avuto complicazioni durante una gravidanza precedente come un parto pretermine, la valutazione complessiva della salute pu\u00f2 trovare soluzioni per evitare che si ripetano.<\/p>\n<\/div><div class=\"fusion-clearfix\"><\/div><\/div><\/div><div class=\"fusion-layout-column fusion_builder_column fusion-builder-column-5 fusion_builder_column_1_1 1_1 fusion-one-full fusion-column-first fusion-column-last\" style=\"--awb-bg-size:cover;\"><div class=\"fusion-column-wrapper fusion-flex-column-wrapper-legacy\"><div class=\"fusion-text fusion-text-7\"><h2 style=\"text-align: left;\">Villocentesi o amniocentesi. Si devono fare sistematicamente?<\/h2>\n<\/div><div class=\"fusion-text fusion-text-8\"><p>Oggi abbiamo la possibilit\u00e0 di eseguire il controllo non invasivo delle anomalie cromosomiche chiamato NIPT. Questo \u00e8 un test di screening (non diagnostico) delle anomalie cromosomiche pi\u00f9 frequenti del feto. \u00c8 fatto semplicemente facendo un prelievo di sangue materno e quindi non vi \u00e8 alcun rischio di aborto fetale. Questo esame \u00e8 accompagnato da un&#8217;ecografia e da una consulenza dettagliata sulle sue possibilit\u00e0 e limitazioni. Non sostituisce i metodi invasivi (es. Trofoblasto, amniocentesi), ma determina la probabilit\u00e0 di anomalie cromosomiche con maggiore precisione rispetto al test di traslucenza cervicale. I campioni vengono inviati ai centri certificati per la loro analisi.<\/p>\n<\/div><div class=\"fusion-clearfix\"><\/div><\/div><\/div><div class=\"fusion-layout-column fusion_builder_column fusion-builder-column-6 fusion_builder_column_1_1 1_1 fusion-one-full fusion-column-first fusion-column-last\" style=\"--awb-bg-size:cover;\"><div class=\"fusion-column-wrapper fusion-flex-column-wrapper-legacy\"><div class=\"fusion-text fusion-text-9\"><h2 style=\"text-align: left;\">Conoscenza di base<\/h2>\n<\/div><div class=\"fusion-text fusion-text-10\"><p>Il rischio di avere un bambino affetto da trisomia 21 \u00e8 di 1 su 100 all&#8217;et\u00e0 di 40 anni (rispetto a 1 su 2.000 a 25 anni).<\/p>\n<\/div><div class=\"fusion-text fusion-text-11\"><p>La stragrande maggioranza di queste gravidanze si evolve in modo abbastanza naturale se adeguatamente monitorata. Il primo trimestre \u00e8 fondamentale, perch\u00e9 si verificano la maggior parte degli aborti spontanei. La loro frequenza supera il 20% per le donne di 40 anni (rispetto a circa il 10% all&#8217;et\u00e0 di 25 anni). Le cause sono principalmente cromosomiche.<\/p>\n<\/div><div class=\"fusion-text fusion-text-12\"><p>La complicanza pi\u00f9 comune \u00e8 il diabete gestazionale, in particolare nelle donne in sovrappeso. L&#8217;insulina, l&#8217;ormone che consente allo zucchero di penetrare nelle cellule del corpo, non \u00e8 pi\u00f9 in grado di funzionare normalmente. Lo zucchero sta quindi circolando a livelli ematici elevati, e il bambino cresce troppo. Quando viene diagnosticato il diabete, viene somministrata una dieta severa alla donna incinta e, se necessario, sono necessari farmaci.<\/p>\n<\/div><div class=\"fusion-text fusion-text-13\"><p>Per quanto riguarda la preeclampsia (verificata durante una visita mensile dal medico), che pu\u00f2 essere associata alla presenza di proteine \u200b\u200bnelle urine, all&#8217;et\u00e0 di 40 anni \u00e8 2-3 volte pi\u00f9 comune. A volte questi sintomi sono accompagnati da un ritardo nello sviluppo fetale. Queste patologie possono portare il medico a una decisione sul un parto prematuro<\/p>\n<\/div><div class=\"fusion-text fusion-text-14\"><p>Il taglio cesareo \u00e8 pi\u00f9 frequente dopo i 40 anni.<\/p>\n<\/div><div class=\"fusion-text fusion-text-15\"><p>Anche l&#8217;emorragia postpartum \u00e8 pi\u00f9 frequente dopo i 40 anni.<\/p>\n<\/div><div class=\"fusion-clearfix\"><\/div><\/div><\/div><div class=\"fusion-layout-column fusion_builder_column fusion-builder-column-7 fusion_builder_column_1_1 1_1 fusion-one-full fusion-column-first fusion-column-last\" style=\"--awb-bg-size:cover;\"><div class=\"fusion-column-wrapper fusion-flex-column-wrapper-legacy\"><div class=\"fusion-reading-box-container reading-box-container-1 tagkline\" style=\"--awb-title-color:#2a8080;--awb-margin-top:0px;--awb-margin-bottom:84px;\"><div class=\"reading-box\" style=\"background-color:#f6f6f6;border-width:1px;border-color:#f6f6f6;border-left-width:3px;border-left-color:var(--primary_color);border-style:solid;\"><div class=\"reading-box-additional\">\n<p>Pertanto queste gravidanze nascondono pi\u00f9 rischi e potrebbero essere descritte come una gravidanza ad alto rischio che necessita di un follow-up da parte di un ginecologo specializzato. Generalmente, la maggior parte di queste gravidanze progredisce naturalmente, e la donna che desidera una gravidanza non dovrebbe esitare. Il ginecologo far\u00e0 con un monitoraggio attento e dettagliato per eliminare o prevenire i pericoli in tempo, aiutando la donna incinta a raggiungere il parto.<\/p>\n<\/div><div class=\"fusion-clearfix\"><\/div><\/div><\/div><div class=\"fusion-clearfix\"><\/div><\/div><\/div><\/div><\/div>\n","protected":false},"excerpt":{"rendered":"","protected":false},"author":1,"featured_media":4438,"parent":0,"menu_order":0,"comment_status":"closed","ping_status":"closed","template":"","meta":{"footnotes":""},"class_list":["post-2654","page","type-page","status-publish","has-post-thumbnail","hentry"],"yoast_head":"<!-- This site is optimized with the Yoast SEO Premium plugin v26.9 (Yoast SEO v26.9) - https:\/\/yoast.com\/product\/yoast-seo-premium-wordpress\/ -->\n<title>GRAVIDANZA DOPO I 40 ANNI - Gyn Care IVF Atene Grecia<\/title>\n<meta name=\"description\" content=\"Gravidanza dopo i 40 anni. Consultare il suo ginecologo offre una valutazione generale delle sue condizioni di salute.\" \/>\n<meta name=\"robots\" content=\"index, follow, max-snippet:-1, max-image-preview:large, max-video-preview:-1\" \/>\n<link rel=\"canonical\" href=\"https:\/\/www.gyn-care.gr\/it\/gravidanza-grande-eta-ostetrico-atene\/\" \/>\n<meta property=\"og:locale\" content=\"it_IT\" \/>\n<meta property=\"og:type\" content=\"article\" \/>\n<meta property=\"og:title\" content=\"Gravidanza dopo i 40 anni | GynCare | Clinica Ginecologica Atene Grecia\" \/>\n<meta property=\"og:description\" content=\"Gravidanza dopo i 40 anni. Consultare il suo ginecologo offre una valutazione generale delle sue condizioni di salute.\" \/>\n<meta property=\"og:url\" content=\"https:\/\/www.gyn-care.gr\/it\/gravidanza-grande-eta-ostetrico-atene\/\" \/>\n<meta property=\"og:site_name\" content=\"GynCare IVF | Centro di Procreazione Medicalmente Assistita Atene\" \/>\n<meta property=\"article:publisher\" content=\"https:\/\/www.facebook.com\/gyncare.med\" \/>\n<meta property=\"article:modified_time\" content=\"2021-07-27T20:55:16+00:00\" \/>\n<meta property=\"og:image\" content=\"https:\/\/www.gyn-care.gr\/wp-content\/uploads\/2018\/07\/11382.jpg\" \/>\n\t<meta property=\"og:image:width\" content=\"1150\" \/>\n\t<meta property=\"og:image:height\" content=\"300\" \/>\n\t<meta property=\"og:image:type\" content=\"image\/jpeg\" \/>\n<meta name=\"twitter:card\" content=\"summary_large_image\" \/>\n<meta name=\"twitter:title\" content=\"Gravidanza dopo i 40 anni | GynCare | Clinica Ginecologica Atene Grecia\" \/>\n<meta name=\"twitter:description\" content=\"Gravidanza dopo i 40 anni. Consultare il suo ginecologo offre una valutazione generale delle sue condizioni di salute.\" \/>\n<meta name=\"twitter:label1\" content=\"Tempo di lettura stimato\" \/>\n\t<meta name=\"twitter:data1\" content=\"9 minuti\" \/>\n<script type=\"application\/ld+json\" class=\"yoast-schema-graph\">{\"@context\":\"https:\/\/schema.org\",\"@graph\":[{\"@type\":\"WebPage\",\"@id\":\"https:\/\/www.gyn-care.gr\/it\/gravidanza-grande-eta-ostetrico-atene\/\",\"url\":\"https:\/\/www.gyn-care.gr\/it\/gravidanza-grande-eta-ostetrico-atene\/\",\"name\":\"GRAVIDANZA DOPO I 40 ANNI - Gyn Care IVF Atene Grecia\",\"isPartOf\":{\"@id\":\"https:\/\/www.gyn-care.gr\/it\/#website\"},\"primaryImageOfPage\":{\"@id\":\"https:\/\/www.gyn-care.gr\/it\/gravidanza-grande-eta-ostetrico-atene\/#primaryimage\"},\"image\":{\"@id\":\"https:\/\/www.gyn-care.gr\/it\/gravidanza-grande-eta-ostetrico-atene\/#primaryimage\"},\"thumbnailUrl\":\"https:\/\/www.gyn-care.gr\/wp-content\/uploads\/2018\/07\/11382.jpg\",\"datePublished\":\"2018-06-21T21:38:01+00:00\",\"dateModified\":\"2021-07-27T20:55:16+00:00\",\"description\":\"Gravidanza dopo i 40 anni. Consultare il suo ginecologo offre una valutazione generale delle sue condizioni di salute.\",\"breadcrumb\":{\"@id\":\"https:\/\/www.gyn-care.gr\/it\/gravidanza-grande-eta-ostetrico-atene\/#breadcrumb\"},\"inLanguage\":\"it-IT\",\"potentialAction\":[{\"@type\":\"ReadAction\",\"target\":[\"https:\/\/www.gyn-care.gr\/it\/gravidanza-grande-eta-ostetrico-atene\/\"]}]},{\"@type\":\"ImageObject\",\"inLanguage\":\"it-IT\",\"@id\":\"https:\/\/www.gyn-care.gr\/it\/gravidanza-grande-eta-ostetrico-atene\/#primaryimage\",\"url\":\"https:\/\/www.gyn-care.gr\/wp-content\/uploads\/2018\/07\/11382.jpg\",\"contentUrl\":\"https:\/\/www.gyn-care.gr\/wp-content\/uploads\/2018\/07\/11382.jpg\",\"width\":1150,\"height\":300,\"caption\":\"\u0395\u03b3\u03ba\u03c5\u03bc\u03bf\u03c3\u03cd\u03bd\u03b7\"},{\"@type\":\"BreadcrumbList\",\"@id\":\"https:\/\/www.gyn-care.gr\/it\/gravidanza-grande-eta-ostetrico-atene\/#breadcrumb\",\"itemListElement\":[{\"@type\":\"ListItem\",\"position\":1,\"name\":\"Home\",\"item\":\"https:\/\/www.gyn-care.gr\/it\/\"},{\"@type\":\"ListItem\",\"position\":2,\"name\":\"GRAVIDANZA DOPO I 40 ANNI\"}]},{\"@type\":\"WebSite\",\"@id\":\"https:\/\/www.gyn-care.gr\/it\/#website\",\"url\":\"https:\/\/www.gyn-care.gr\/it\/\",\"name\":\"GynCare IVF | Centro di Procreazione Medicalmente Assistita Atene\",\"description\":\"Infertilit\u00e0, esami uomo, ESAMI FEMMINILI, fivet, EMBRYOTRANSFERT, Crioconservazione degli embrioni, ovodonazione, donazione seme, Legge ovodonazione, Maternit\u00e0 surrogata e legge, Ringiovanimento Ovarico ,  Platelet Rich Plasma, PRP\",\"publisher\":{\"@id\":\"https:\/\/www.gyn-care.gr\/it\/#organization\"},\"potentialAction\":[{\"@type\":\"SearchAction\",\"target\":{\"@type\":\"EntryPoint\",\"urlTemplate\":\"https:\/\/www.gyn-care.gr\/it\/?s={search_term_string}\"},\"query-input\":{\"@type\":\"PropertyValueSpecification\",\"valueRequired\":true,\"valueName\":\"search_term_string\"}}],\"inLanguage\":\"it-IT\"},{\"@type\":\"Organization\",\"@id\":\"https:\/\/www.gyn-care.gr\/it\/#organization\",\"name\":\"GynCare IVF\",\"url\":\"https:\/\/www.gyn-care.gr\/it\/\",\"logo\":{\"@type\":\"ImageObject\",\"inLanguage\":\"it-IT\",\"@id\":\"https:\/\/www.gyn-care.gr\/it\/#\/schema\/logo\/image\/\",\"url\":\"https:\/\/www.gyn-care.gr\/wp-content\/uploads\/2020\/11\/GynCare-IVF-\u039a\u03ad\u03bd\u03c4\u03c1\u03bf-\u03b5\u03be\u03c9\u03c3\u03c9\u03bc\u03b1\u03c4\u03b9\u03ba\u03ae\u03c2-\u03b3\u03bf\u03bd\u03b9\u03bc\u03bf\u03c0\u03bf\u03af\u03b7\u03c3\u03b7\u03c2-\u0391\u03b8\u03ae\u03bd\u03b1.jpg\",\"contentUrl\":\"https:\/\/www.gyn-care.gr\/wp-content\/uploads\/2020\/11\/GynCare-IVF-\u039a\u03ad\u03bd\u03c4\u03c1\u03bf-\u03b5\u03be\u03c9\u03c3\u03c9\u03bc\u03b1\u03c4\u03b9\u03ba\u03ae\u03c2-\u03b3\u03bf\u03bd\u03b9\u03bc\u03bf\u03c0\u03bf\u03af\u03b7\u03c3\u03b7\u03c2-\u0391\u03b8\u03ae\u03bd\u03b1.jpg\",\"width\":120,\"height\":120,\"caption\":\"GynCare IVF\"},\"image\":{\"@id\":\"https:\/\/www.gyn-care.gr\/it\/#\/schema\/logo\/image\/\"},\"sameAs\":[\"https:\/\/www.facebook.com\/gyncare.med\",\"https:\/\/www.instagram.com\/gyncareobgyn\/\",\"https:\/\/www.linkedin.com\/in\/dr-evangelos-sakkas-msc-md-86485b44\/\",\"https:\/\/www.youtube.com\/channel\/UCXsbfz3q7o0f_FHBamhLO4w\/featured\"]}]}<\/script>\n<!-- \/ Yoast SEO Premium plugin. -->","yoast_head_json":{"title":"GRAVIDANZA DOPO I 40 ANNI - Gyn Care IVF Atene Grecia","description":"Gravidanza dopo i 40 anni. Consultare il suo ginecologo offre una valutazione generale delle sue condizioni di salute.","robots":{"index":"index","follow":"follow","max-snippet":"max-snippet:-1","max-image-preview":"max-image-preview:large","max-video-preview":"max-video-preview:-1"},"canonical":"https:\/\/www.gyn-care.gr\/it\/gravidanza-grande-eta-ostetrico-atene\/","og_locale":"it_IT","og_type":"article","og_title":"Gravidanza dopo i 40 anni | GynCare | Clinica Ginecologica Atene Grecia","og_description":"Gravidanza dopo i 40 anni. Consultare il suo ginecologo offre una valutazione generale delle sue condizioni di salute.","og_url":"https:\/\/www.gyn-care.gr\/it\/gravidanza-grande-eta-ostetrico-atene\/","og_site_name":"GynCare IVF | Centro di Procreazione Medicalmente Assistita Atene","article_publisher":"https:\/\/www.facebook.com\/gyncare.med","article_modified_time":"2021-07-27T20:55:16+00:00","og_image":[{"width":1150,"height":300,"url":"https:\/\/www.gyn-care.gr\/wp-content\/uploads\/2018\/07\/11382.jpg","type":"image\/jpeg"}],"twitter_card":"summary_large_image","twitter_title":"Gravidanza dopo i 40 anni | GynCare | Clinica Ginecologica Atene Grecia","twitter_description":"Gravidanza dopo i 40 anni. Consultare il suo ginecologo offre una valutazione generale delle sue condizioni di salute.","twitter_misc":{"Tempo di lettura stimato":"9 minuti"},"schema":{"@context":"https:\/\/schema.org","@graph":[{"@type":"WebPage","@id":"https:\/\/www.gyn-care.gr\/it\/gravidanza-grande-eta-ostetrico-atene\/","url":"https:\/\/www.gyn-care.gr\/it\/gravidanza-grande-eta-ostetrico-atene\/","name":"GRAVIDANZA DOPO I 40 ANNI - Gyn Care IVF Atene Grecia","isPartOf":{"@id":"https:\/\/www.gyn-care.gr\/it\/#website"},"primaryImageOfPage":{"@id":"https:\/\/www.gyn-care.gr\/it\/gravidanza-grande-eta-ostetrico-atene\/#primaryimage"},"image":{"@id":"https:\/\/www.gyn-care.gr\/it\/gravidanza-grande-eta-ostetrico-atene\/#primaryimage"},"thumbnailUrl":"https:\/\/www.gyn-care.gr\/wp-content\/uploads\/2018\/07\/11382.jpg","datePublished":"2018-06-21T21:38:01+00:00","dateModified":"2021-07-27T20:55:16+00:00","description":"Gravidanza dopo i 40 anni. Consultare il suo ginecologo offre una valutazione generale delle sue condizioni di salute.","breadcrumb":{"@id":"https:\/\/www.gyn-care.gr\/it\/gravidanza-grande-eta-ostetrico-atene\/#breadcrumb"},"inLanguage":"it-IT","potentialAction":[{"@type":"ReadAction","target":["https:\/\/www.gyn-care.gr\/it\/gravidanza-grande-eta-ostetrico-atene\/"]}]},{"@type":"ImageObject","inLanguage":"it-IT","@id":"https:\/\/www.gyn-care.gr\/it\/gravidanza-grande-eta-ostetrico-atene\/#primaryimage","url":"https:\/\/www.gyn-care.gr\/wp-content\/uploads\/2018\/07\/11382.jpg","contentUrl":"https:\/\/www.gyn-care.gr\/wp-content\/uploads\/2018\/07\/11382.jpg","width":1150,"height":300,"caption":"\u0395\u03b3\u03ba\u03c5\u03bc\u03bf\u03c3\u03cd\u03bd\u03b7"},{"@type":"BreadcrumbList","@id":"https:\/\/www.gyn-care.gr\/it\/gravidanza-grande-eta-ostetrico-atene\/#breadcrumb","itemListElement":[{"@type":"ListItem","position":1,"name":"Home","item":"https:\/\/www.gyn-care.gr\/it\/"},{"@type":"ListItem","position":2,"name":"GRAVIDANZA DOPO I 40 ANNI"}]},{"@type":"WebSite","@id":"https:\/\/www.gyn-care.gr\/it\/#website","url":"https:\/\/www.gyn-care.gr\/it\/","name":"GynCare IVF | Centro di Procreazione Medicalmente Assistita Atene","description":"Infertilit\u00e0, esami uomo, ESAMI FEMMINILI, fivet, EMBRYOTRANSFERT, Crioconservazione degli embrioni, ovodonazione, donazione seme, Legge ovodonazione, Maternit\u00e0 surrogata e legge, Ringiovanimento Ovarico ,  Platelet Rich Plasma, PRP","publisher":{"@id":"https:\/\/www.gyn-care.gr\/it\/#organization"},"potentialAction":[{"@type":"SearchAction","target":{"@type":"EntryPoint","urlTemplate":"https:\/\/www.gyn-care.gr\/it\/?s={search_term_string}"},"query-input":{"@type":"PropertyValueSpecification","valueRequired":true,"valueName":"search_term_string"}}],"inLanguage":"it-IT"},{"@type":"Organization","@id":"https:\/\/www.gyn-care.gr\/it\/#organization","name":"GynCare IVF","url":"https:\/\/www.gyn-care.gr\/it\/","logo":{"@type":"ImageObject","inLanguage":"it-IT","@id":"https:\/\/www.gyn-care.gr\/it\/#\/schema\/logo\/image\/","url":"https:\/\/www.gyn-care.gr\/wp-content\/uploads\/2020\/11\/GynCare-IVF-\u039a\u03ad\u03bd\u03c4\u03c1\u03bf-\u03b5\u03be\u03c9\u03c3\u03c9\u03bc\u03b1\u03c4\u03b9\u03ba\u03ae\u03c2-\u03b3\u03bf\u03bd\u03b9\u03bc\u03bf\u03c0\u03bf\u03af\u03b7\u03c3\u03b7\u03c2-\u0391\u03b8\u03ae\u03bd\u03b1.jpg","contentUrl":"https:\/\/www.gyn-care.gr\/wp-content\/uploads\/2020\/11\/GynCare-IVF-\u039a\u03ad\u03bd\u03c4\u03c1\u03bf-\u03b5\u03be\u03c9\u03c3\u03c9\u03bc\u03b1\u03c4\u03b9\u03ba\u03ae\u03c2-\u03b3\u03bf\u03bd\u03b9\u03bc\u03bf\u03c0\u03bf\u03af\u03b7\u03c3\u03b7\u03c2-\u0391\u03b8\u03ae\u03bd\u03b1.jpg","width":120,"height":120,"caption":"GynCare IVF"},"image":{"@id":"https:\/\/www.gyn-care.gr\/it\/#\/schema\/logo\/image\/"},"sameAs":["https:\/\/www.facebook.com\/gyncare.med","https:\/\/www.instagram.com\/gyncareobgyn\/","https:\/\/www.linkedin.com\/in\/dr-evangelos-sakkas-msc-md-86485b44\/","https:\/\/www.youtube.com\/channel\/UCXsbfz3q7o0f_FHBamhLO4w\/featured"]}]}},"_links":{"self":[{"href":"https:\/\/www.gyn-care.gr\/it\/wp-json\/wp\/v2\/pages\/2654","targetHints":{"allow":["GET"]}}],"collection":[{"href":"https:\/\/www.gyn-care.gr\/it\/wp-json\/wp\/v2\/pages"}],"about":[{"href":"https:\/\/www.gyn-care.gr\/it\/wp-json\/wp\/v2\/types\/page"}],"author":[{"embeddable":true,"href":"https:\/\/www.gyn-care.gr\/it\/wp-json\/wp\/v2\/users\/1"}],"replies":[{"embeddable":true,"href":"https:\/\/www.gyn-care.gr\/it\/wp-json\/wp\/v2\/comments?post=2654"}],"version-history":[{"count":2,"href":"https:\/\/www.gyn-care.gr\/it\/wp-json\/wp\/v2\/pages\/2654\/revisions"}],"predecessor-version":[{"id":12637,"href":"https:\/\/www.gyn-care.gr\/it\/wp-json\/wp\/v2\/pages\/2654\/revisions\/12637"}],"wp:featuredmedia":[{"embeddable":true,"href":"https:\/\/www.gyn-care.gr\/it\/wp-json\/wp\/v2\/media\/4438"}],"wp:attachment":[{"href":"https:\/\/www.gyn-care.gr\/it\/wp-json\/wp\/v2\/media?parent=2654"}],"curies":[{"name":"wp","href":"https:\/\/api.w.org\/{rel}","templated":true}]}}