{"id":2642,"date":"2018-06-21T21:34:40","date_gmt":"2018-06-21T21:34:40","guid":{"rendered":"http:\/\/localhost\/testsakas\/xamili-apokrisi-stin-ekswswmatiki\/"},"modified":"2021-08-02T13:29:24","modified_gmt":"2021-08-02T13:29:24","slug":"risposta-bassa-ivf-ostetrico-atene","status":"publish","type":"page","link":"https:\/\/www.gyn-care.gr\/it\/risposta-bassa-ivf-ostetrico-atene\/","title":{"rendered":"RISPOSTA BASSA IN FIVET"},"content":{"rendered":"<div class=\"fusion-fullwidth fullwidth-box fusion-builder-row-1 nonhundred-percent-fullwidth non-hundred-percent-height-scrolling\" style=\"--awb-border-radius-top-left:0px;--awb-border-radius-top-right:0px;--awb-border-radius-bottom-right:0px;--awb-border-radius-bottom-left:0px;--awb-padding-right:4%;--awb-padding-left:4%;--awb-flex-wrap:wrap;\" ><div class=\"fusion-builder-row fusion-row\"><div class=\"fusion-layout-column fusion_builder_column fusion-builder-column-0 fusion_builder_column_1_1 1_1 fusion-one-full fusion-column-first fusion-column-last\" style=\"--awb-bg-size:cover;\"><div class=\"fusion-column-wrapper fusion-flex-column-wrapper-legacy\"><div class=\"fusion-column-content-centered\"><div class=\"fusion-column-content\"><div class=\"fusion-image-element fusion-image-align-center in-legacy-container\" style=\"text-align:center;--awb-caption-title-font-family:var(--h2_typography-font-family);--awb-caption-title-font-weight:var(--h2_typography-font-weight);--awb-caption-title-font-style:var(--h2_typography-font-style);--awb-caption-title-size:var(--h2_typography-font-size);--awb-caption-title-transform:var(--h2_typography-text-transform);--awb-caption-title-line-height:var(--h2_typography-line-height);--awb-caption-title-letter-spacing:var(--h2_typography-letter-spacing);\"><div class=\"imageframe-align-center\"><span class=\" fusion-imageframe imageframe-none imageframe-1 hover-type-none\"><img decoding=\"async\" width=\"1150\" height=\"300\" title=\"bigstock-Infertility-And-In-Vitro-Proce-96706013\" src=\"https:\/\/www.gyn-care.gr\/wp-content\/uploads\/2018\/07\/bigstock-Infertility-And-In-Vitro-Proce-96706013.jpg\" alt class=\"img-responsive wp-image-4434\" srcset=\"https:\/\/www.gyn-care.gr\/wp-content\/uploads\/2018\/07\/bigstock-Infertility-And-In-Vitro-Proce-96706013-200x52.jpg 200w, https:\/\/www.gyn-care.gr\/wp-content\/uploads\/2018\/07\/bigstock-Infertility-And-In-Vitro-Proce-96706013-400x104.jpg 400w, https:\/\/www.gyn-care.gr\/wp-content\/uploads\/2018\/07\/bigstock-Infertility-And-In-Vitro-Proce-96706013-600x157.jpg 600w, https:\/\/www.gyn-care.gr\/wp-content\/uploads\/2018\/07\/bigstock-Infertility-And-In-Vitro-Proce-96706013-800x209.jpg 800w, https:\/\/www.gyn-care.gr\/wp-content\/uploads\/2018\/07\/bigstock-Infertility-And-In-Vitro-Proce-96706013.jpg 1150w\" sizes=\"(max-width: 800px) 100vw, 1150px\" \/><\/span><\/div><\/div><\/div><\/div><div class=\"fusion-clearfix\"><\/div><\/div><\/div><div class=\"fusion-layout-column fusion_builder_column fusion-builder-column-1 fusion_builder_column_1_1 1_1 fusion-one-full fusion-column-first fusion-column-last\" style=\"--awb-bg-size:cover;\"><div class=\"fusion-column-wrapper fusion-flex-column-wrapper-legacy\"><div class=\"fusion-text fusion-text-1 titlos\"><h1 style=\"text-align: left;\">Poor responders in FIVET<\/h1>\n<\/div><div class=\"fusion-clearfix\"><\/div><\/div><\/div><div class=\"fusion-layout-column fusion_builder_column fusion-builder-column-2 fusion_builder_column_1_1 1_1 fusion-one-full fusion-column-first fusion-column-last\" style=\"--awb-bg-size:cover;\"><div class=\"fusion-column-wrapper fusion-flex-column-wrapper-legacy\"><div class=\"fusion-text fusion-text-2\"><p>I pazienti con scarsa risposta sono i pi\u00f9 difficili nella FIVET. Sono, di solito, quelli che rispondono meno del previsto durante la stimolazione ovarica.<\/p>\n<\/div><div class=\"fusion-text fusion-text-3\"><p>\u00c8 noto che le percentuali di successo in FIVET gravidica sono direttamente correlati al numero e alla qualit\u00e0 degli embrioni trasferiti. Pi\u00f9 ovociti produce una donna durante la stimolazione ovarica, pi\u00f9 embrioni ci saranno. Da questi, i migliori vengono selezionati e trasferiti, cio\u00e8 quelli che hanno un potenziale migliore per raggiungere la gravidanza.<\/p>\n<\/div><div class=\"fusion-text fusion-text-4\"><h5>Per questo motivo, le donne che rispondono bene alla stimolazione ovarica e producono tanti ovociti avranno alla fine una migliore possibilit\u00e0 di rimanere incinte.<\/h5>\n<p>La funzione ovarica dipende dall\u2019et\u00e0: man mano che aumenta l\u2019et\u00e0 della paziente, la risposta ovarica diminuisce. Ogni ragazza nasce con un gran numero di uova nelle ovaie. Questo numero diminuisce gradualmente man mano che la donna cresce, cio\u00e8 si riduce la riserva di ovociti. Ecco perch\u00e9 il ginecologo \u00e8 interessato a come funzionano le ovaie della paziente e a quanti ovociti ci sono.<\/p>\n<\/div><div class=\"fusion-text fusion-text-5\"><p>Un modo per capire la riserva ovarica \u00e8 fare un esame del sangue. Il secondo giorno del ciclo misuriamo i livelli di ormone follicolo-stimolante (FSH), estradiolo e il conteggio follicolare antrale (AFC). Se i livelli di FSH sono alti, significa che le riserve ovariche sono scarse. Invece, se sono troppo alti (pi\u00f9 di 20 mIU \/ ml), allora stiamo parlando di insufficienza ovarica (le ovaie non funzionano normalmente). Se l\u2019FSH \u00e8 elevato, ci\u00f2 non significa che una donna non possa rimanere incinta. Certamente le probabilit\u00e0 diminuiscono, perch\u00e9 le uova che produce sono di scarsa qualit\u00e0.<\/p>\n<p>Perch\u00e9 i livelli di FSH sono alti nelle donne con ridotta funzione ovarica? L\u2019FSH \u00e8 prodotto dalla ghiandola pituitaria, una ghiandola nel cervello, ed \u00e8 responsabile dello sviluppo degli ovociti. Nelle giovani donne con molte uova di buona qualit\u00e0, anche bassi livelli di FSH sono sufficienti per lo sviluppo delle uova. Le donne pi\u00f9 vecchie hanno meno uova e una qualit\u00e0 inferiore. Per questo, la ghiandola pituitaria deve produrre pi\u00f9 FSH per stimolare pi\u00f9 uova.<\/p>\n<\/div><div class=\"fusion-reading-box-container reading-box-container-1 tagkline\" style=\"--awb-title-color:#2a8080;--awb-margin-top:0px;--awb-margin-bottom:84px;\"><div class=\"reading-box\" style=\"background-color:#f6f6f6;border-width:1px;border-color:#f6f6f6;border-left-width:3px;border-left-color:var(--primary_color);border-style:solid;\"><div class=\"reading-box-additional\">\n<h5>Oggi, il test pi\u00f9 importante utilizzato \u00e8 l&#8217;AMH, cio\u00e8 l&#8217;ormone anti-mulleriano. \u00c8 considerato il pi\u00f9 importante indicatore quantitativo e qualitativo della funzione ovarica.<\/h5>\n<\/div><div class=\"fusion-clearfix\"><\/div><\/div><\/div><div class=\"fusion-text fusion-text-6\"><p>Tuttavia, se uno dei test sopra menzionati ha un valore normale, ci\u00f2 non significa che la qualit\u00e0 o il numero di uova saranno buoni. Per questo motivo, un modo molto utile per diagnosticare la condizione dell&#8217;ovaio \u00e8 la storia della donna e la sua risposta a una precedente stimolazione ovarica.<\/p>\n<\/div><div class=\"fusion-text fusion-text-7\"><p>Va ricordato che l\u2019alto livello di FSH non \u00e8 la causa dell\u2019infertilit\u00e0. \u00c8 solo un indicatore della scarsa qualit\u00e0 degli ovociti. Quindi cercare di \u201ccurare\u201d un alto livello di FSH non ha senso e non aiuter\u00e0 ad avere una gravidanza.<\/p>\n<p>Molte strategie terapeutiche sono state sviluppate per le donne con risposta ovarica bassa. Il tempo \u00e8 prezioso per queste donne. Il trattamento deve essere rapido al fine di ottenere una gravidanza prima che le riserve ovariche finiscano. Una delle nuove tecniche \u00e8 il <a href=\"https:\/\/www.gyn-care.gr\/it\/prp-ringiovanimento-ovarico-atene-grecia\/\">PRP<\/a>\u00a0ampiamente discusso. La FIVET \u00e8 la scelta migliore perch\u00e9 offre il pi\u00f9 alto tasso di successo. La stimolazione delle ovaie in queste donne \u00e8 abbastanza difficile, quindi l\u2019esperienza e l\u2019abilit\u00e0 del medico sono cruciali!<\/p>\n<\/div><div class=\"fusion-clearfix\"><\/div><\/div><\/div><div class=\"fusion-layout-column fusion_builder_column fusion-builder-column-3 fusion_builder_column_1_1 1_1 fusion-one-full fusion-column-first fusion-column-last\" style=\"--awb-bg-size:cover;\"><div class=\"fusion-column-wrapper fusion-flex-column-wrapper-legacy\"><div class=\"fusion-reading-box-container reading-box-container-2 tagkline\" style=\"--awb-title-color:#2a8080;--awb-margin-top:0px;--awb-margin-bottom:84px;\"><div class=\"reading-box\" style=\"background-color:#f6f6f6;border-width:1px;border-color:#f6f6f6;border-left-width:3px;border-left-color:var(--primary_color);border-style:solid;\"><div class=\"reading-box-additional\">\n<h5>Una coppia merita di provare a fare un ciclo di fecondazione in vitro con i suoi ovociti. Lo merita lo stesso anche quando la probabilit\u00e0 di gravidanza \u00e8 statisticamente bassa. Ci sono pochi casi in cui le donne con questo tipo di problema sono riuscite a concepire anche con la produzione di 2-3 uova e con il trasferimento di un solo embrione.<\/h5>\n<\/div><div class=\"fusion-clearfix\"><\/div><\/div><\/div><div class=\"fusion-clearfix\"><\/div><\/div><\/div><\/div><\/div>\n","protected":false},"excerpt":{"rendered":"","protected":false},"author":9,"featured_media":4434,"parent":0,"menu_order":0,"comment_status":"closed","ping_status":"closed","template":"","meta":{"footnotes":""},"class_list":["post-2642","page","type-page","status-publish","has-post-thumbnail","hentry"],"yoast_head":"<!-- This site is optimized with the Yoast SEO Premium plugin v26.9 (Yoast SEO v27.4) - https:\/\/yoast.com\/product\/yoast-seo-premium-wordpress\/ -->\n<title>RISPOSTA BASSA IN FIVET - Gyn Care IVF Atene Grecia<\/title>\n<meta name=\"description\" content=\"Molte strategie terapeutiche sono state sviluppate per le donne con risposta ovarica bassa. Una delle nuove tecniche \u00e8 il PRP.\" \/>\n<meta name=\"robots\" content=\"index, follow, max-snippet:-1, max-image-preview:large, max-video-preview:-1\" \/>\n<link rel=\"canonical\" href=\"https:\/\/www.gyn-care.gr\/it\/risposta-bassa-ivf-ostetrico-atene\/\" \/>\n<meta property=\"og:locale\" content=\"it_IT\" \/>\n<meta property=\"og:type\" content=\"article\" \/>\n<meta property=\"og:title\" content=\"Poor responders in FIVET | GynCare | Clinica Ginecologica Atene Grecia\" \/>\n<meta property=\"og:description\" content=\"Poor responders in FIVET. Molte strategie terapeutiche sono state sviluppate per le donne con risposta ovarica bassa. Una delle nuove tecniche \u00e8 il PRP ampiamente discusso\" \/>\n<meta property=\"og:url\" content=\"https:\/\/www.gyn-care.gr\/it\/risposta-bassa-ivf-ostetrico-atene\/\" \/>\n<meta property=\"og:site_name\" content=\"GynCare IVF | Centro di Procreazione Medicalmente Assistita Atene\" \/>\n<meta property=\"article:publisher\" content=\"https:\/\/www.facebook.com\/gyncare.med\" \/>\n<meta property=\"article:modified_time\" content=\"2021-08-02T13:29:24+00:00\" \/>\n<meta property=\"og:image\" content=\"https:\/\/www.gyn-care.gr\/wp-content\/uploads\/2018\/07\/bigstock-Infertility-And-In-Vitro-Proce-96706013.jpg\" \/>\n\t<meta property=\"og:image:width\" content=\"1150\" \/>\n\t<meta property=\"og:image:height\" content=\"300\" \/>\n\t<meta property=\"og:image:type\" content=\"image\/jpeg\" \/>\n<meta name=\"twitter:card\" content=\"summary_large_image\" \/>\n<meta name=\"twitter:title\" content=\"Poor responders in FIVET | GynCare | Clinica Ginecologica Atene Grecia\" \/>\n<meta name=\"twitter:description\" content=\"Poor responders in FIVET. Molte strategie terapeutiche sono state sviluppate per le donne con risposta ovarica bassa. Una delle nuove tecniche \u00e8 il PRP ampiamente discusso\" \/>\n<meta name=\"twitter:label1\" content=\"Tempo di lettura stimato\" \/>\n\t<meta name=\"twitter:data1\" content=\"6 minuti\" \/>\n<script type=\"application\/ld+json\" class=\"yoast-schema-graph\">{\"@context\":\"https:\\\/\\\/schema.org\",\"@graph\":[{\"@type\":\"WebPage\",\"@id\":\"https:\\\/\\\/www.gyn-care.gr\\\/it\\\/risposta-bassa-ivf-ostetrico-atene\\\/\",\"url\":\"https:\\\/\\\/www.gyn-care.gr\\\/it\\\/risposta-bassa-ivf-ostetrico-atene\\\/\",\"name\":\"RISPOSTA BASSA IN FIVET - Gyn Care IVF Atene Grecia\",\"isPartOf\":{\"@id\":\"https:\\\/\\\/www.gyn-care.gr\\\/it\\\/#website\"},\"primaryImageOfPage\":{\"@id\":\"https:\\\/\\\/www.gyn-care.gr\\\/it\\\/risposta-bassa-ivf-ostetrico-atene\\\/#primaryimage\"},\"image\":{\"@id\":\"https:\\\/\\\/www.gyn-care.gr\\\/it\\\/risposta-bassa-ivf-ostetrico-atene\\\/#primaryimage\"},\"thumbnailUrl\":\"https:\\\/\\\/www.gyn-care.gr\\\/wp-content\\\/uploads\\\/2018\\\/07\\\/bigstock-Infertility-And-In-Vitro-Proce-96706013.jpg\",\"datePublished\":\"2018-06-21T21:34:40+00:00\",\"dateModified\":\"2021-08-02T13:29:24+00:00\",\"description\":\"Molte strategie terapeutiche sono state sviluppate per le donne con risposta ovarica bassa. Una delle nuove tecniche \u00e8 il PRP.\",\"breadcrumb\":{\"@id\":\"https:\\\/\\\/www.gyn-care.gr\\\/it\\\/risposta-bassa-ivf-ostetrico-atene\\\/#breadcrumb\"},\"inLanguage\":\"it-IT\",\"potentialAction\":[{\"@type\":\"ReadAction\",\"target\":[\"https:\\\/\\\/www.gyn-care.gr\\\/it\\\/risposta-bassa-ivf-ostetrico-atene\\\/\"]}]},{\"@type\":\"ImageObject\",\"inLanguage\":\"it-IT\",\"@id\":\"https:\\\/\\\/www.gyn-care.gr\\\/it\\\/risposta-bassa-ivf-ostetrico-atene\\\/#primaryimage\",\"url\":\"https:\\\/\\\/www.gyn-care.gr\\\/wp-content\\\/uploads\\\/2018\\\/07\\\/bigstock-Infertility-And-In-Vitro-Proce-96706013.jpg\",\"contentUrl\":\"https:\\\/\\\/www.gyn-care.gr\\\/wp-content\\\/uploads\\\/2018\\\/07\\\/bigstock-Infertility-And-In-Vitro-Proce-96706013.jpg\",\"width\":1150,\"height\":300},{\"@type\":\"BreadcrumbList\",\"@id\":\"https:\\\/\\\/www.gyn-care.gr\\\/it\\\/risposta-bassa-ivf-ostetrico-atene\\\/#breadcrumb\",\"itemListElement\":[{\"@type\":\"ListItem\",\"position\":1,\"name\":\"Home\",\"item\":\"https:\\\/\\\/www.gyn-care.gr\\\/it\\\/\"},{\"@type\":\"ListItem\",\"position\":2,\"name\":\"RISPOSTA BASSA IN FIVET\"}]},{\"@type\":\"WebSite\",\"@id\":\"https:\\\/\\\/www.gyn-care.gr\\\/it\\\/#website\",\"url\":\"https:\\\/\\\/www.gyn-care.gr\\\/it\\\/\",\"name\":\"GynCare IVF | Centro di Procreazione Medicalmente Assistita Atene\",\"description\":\"Infertilit\u00e0, esami uomo, ESAMI FEMMINILI, fivet, EMBRYOTRANSFERT, Crioconservazione degli embrioni, ovodonazione, donazione seme, Legge ovodonazione, Maternit\u00e0 surrogata e legge, Ringiovanimento Ovarico ,  Platelet Rich Plasma, PRP\",\"publisher\":{\"@id\":\"https:\\\/\\\/www.gyn-care.gr\\\/it\\\/#organization\"},\"potentialAction\":[{\"@type\":\"SearchAction\",\"target\":{\"@type\":\"EntryPoint\",\"urlTemplate\":\"https:\\\/\\\/www.gyn-care.gr\\\/it\\\/?s={search_term_string}\"},\"query-input\":{\"@type\":\"PropertyValueSpecification\",\"valueRequired\":true,\"valueName\":\"search_term_string\"}}],\"inLanguage\":\"it-IT\"},{\"@type\":\"Organization\",\"@id\":\"https:\\\/\\\/www.gyn-care.gr\\\/it\\\/#organization\",\"name\":\"GynCare IVF\",\"url\":\"https:\\\/\\\/www.gyn-care.gr\\\/it\\\/\",\"logo\":{\"@type\":\"ImageObject\",\"inLanguage\":\"it-IT\",\"@id\":\"https:\\\/\\\/www.gyn-care.gr\\\/it\\\/#\\\/schema\\\/logo\\\/image\\\/\",\"url\":\"https:\\\/\\\/www.gyn-care.gr\\\/wp-content\\\/uploads\\\/2020\\\/11\\\/GynCare-IVF-\u039a\u03ad\u03bd\u03c4\u03c1\u03bf-\u03b5\u03be\u03c9\u03c3\u03c9\u03bc\u03b1\u03c4\u03b9\u03ba\u03ae\u03c2-\u03b3\u03bf\u03bd\u03b9\u03bc\u03bf\u03c0\u03bf\u03af\u03b7\u03c3\u03b7\u03c2-\u0391\u03b8\u03ae\u03bd\u03b1.jpg\",\"contentUrl\":\"https:\\\/\\\/www.gyn-care.gr\\\/wp-content\\\/uploads\\\/2020\\\/11\\\/GynCare-IVF-\u039a\u03ad\u03bd\u03c4\u03c1\u03bf-\u03b5\u03be\u03c9\u03c3\u03c9\u03bc\u03b1\u03c4\u03b9\u03ba\u03ae\u03c2-\u03b3\u03bf\u03bd\u03b9\u03bc\u03bf\u03c0\u03bf\u03af\u03b7\u03c3\u03b7\u03c2-\u0391\u03b8\u03ae\u03bd\u03b1.jpg\",\"width\":120,\"height\":120,\"caption\":\"GynCare IVF\"},\"image\":{\"@id\":\"https:\\\/\\\/www.gyn-care.gr\\\/it\\\/#\\\/schema\\\/logo\\\/image\\\/\"},\"sameAs\":[\"https:\\\/\\\/www.facebook.com\\\/gyncare.med\",\"https:\\\/\\\/www.instagram.com\\\/gyncareobgyn\\\/\",\"https:\\\/\\\/www.linkedin.com\\\/in\\\/dr-evangelos-sakkas-msc-md-86485b44\\\/\",\"https:\\\/\\\/www.youtube.com\\\/channel\\\/UCXsbfz3q7o0f_FHBamhLO4w\\\/featured\"]}]}<\/script>\n<!-- \/ Yoast SEO Premium plugin. -->","yoast_head_json":{"title":"RISPOSTA BASSA IN FIVET - Gyn Care IVF Atene Grecia","description":"Molte strategie terapeutiche sono state sviluppate per le donne con risposta ovarica bassa. Una delle nuove tecniche \u00e8 il PRP.","robots":{"index":"index","follow":"follow","max-snippet":"max-snippet:-1","max-image-preview":"max-image-preview:large","max-video-preview":"max-video-preview:-1"},"canonical":"https:\/\/www.gyn-care.gr\/it\/risposta-bassa-ivf-ostetrico-atene\/","og_locale":"it_IT","og_type":"article","og_title":"Poor responders in FIVET | GynCare | Clinica Ginecologica Atene Grecia","og_description":"Poor responders in FIVET. Molte strategie terapeutiche sono state sviluppate per le donne con risposta ovarica bassa. Una delle nuove tecniche \u00e8 il PRP ampiamente discusso","og_url":"https:\/\/www.gyn-care.gr\/it\/risposta-bassa-ivf-ostetrico-atene\/","og_site_name":"GynCare IVF | Centro di Procreazione Medicalmente Assistita Atene","article_publisher":"https:\/\/www.facebook.com\/gyncare.med","article_modified_time":"2021-08-02T13:29:24+00:00","og_image":[{"width":1150,"height":300,"url":"https:\/\/www.gyn-care.gr\/wp-content\/uploads\/2018\/07\/bigstock-Infertility-And-In-Vitro-Proce-96706013.jpg","type":"image\/jpeg"}],"twitter_card":"summary_large_image","twitter_title":"Poor responders in FIVET | GynCare | Clinica Ginecologica Atene Grecia","twitter_description":"Poor responders in FIVET. Molte strategie terapeutiche sono state sviluppate per le donne con risposta ovarica bassa. Una delle nuove tecniche \u00e8 il PRP ampiamente discusso","twitter_misc":{"Tempo di lettura stimato":"6 minuti"},"schema":{"@context":"https:\/\/schema.org","@graph":[{"@type":"WebPage","@id":"https:\/\/www.gyn-care.gr\/it\/risposta-bassa-ivf-ostetrico-atene\/","url":"https:\/\/www.gyn-care.gr\/it\/risposta-bassa-ivf-ostetrico-atene\/","name":"RISPOSTA BASSA IN FIVET - Gyn Care IVF Atene Grecia","isPartOf":{"@id":"https:\/\/www.gyn-care.gr\/it\/#website"},"primaryImageOfPage":{"@id":"https:\/\/www.gyn-care.gr\/it\/risposta-bassa-ivf-ostetrico-atene\/#primaryimage"},"image":{"@id":"https:\/\/www.gyn-care.gr\/it\/risposta-bassa-ivf-ostetrico-atene\/#primaryimage"},"thumbnailUrl":"https:\/\/www.gyn-care.gr\/wp-content\/uploads\/2018\/07\/bigstock-Infertility-And-In-Vitro-Proce-96706013.jpg","datePublished":"2018-06-21T21:34:40+00:00","dateModified":"2021-08-02T13:29:24+00:00","description":"Molte strategie terapeutiche sono state sviluppate per le donne con risposta ovarica bassa. Una delle nuove tecniche \u00e8 il PRP.","breadcrumb":{"@id":"https:\/\/www.gyn-care.gr\/it\/risposta-bassa-ivf-ostetrico-atene\/#breadcrumb"},"inLanguage":"it-IT","potentialAction":[{"@type":"ReadAction","target":["https:\/\/www.gyn-care.gr\/it\/risposta-bassa-ivf-ostetrico-atene\/"]}]},{"@type":"ImageObject","inLanguage":"it-IT","@id":"https:\/\/www.gyn-care.gr\/it\/risposta-bassa-ivf-ostetrico-atene\/#primaryimage","url":"https:\/\/www.gyn-care.gr\/wp-content\/uploads\/2018\/07\/bigstock-Infertility-And-In-Vitro-Proce-96706013.jpg","contentUrl":"https:\/\/www.gyn-care.gr\/wp-content\/uploads\/2018\/07\/bigstock-Infertility-And-In-Vitro-Proce-96706013.jpg","width":1150,"height":300},{"@type":"BreadcrumbList","@id":"https:\/\/www.gyn-care.gr\/it\/risposta-bassa-ivf-ostetrico-atene\/#breadcrumb","itemListElement":[{"@type":"ListItem","position":1,"name":"Home","item":"https:\/\/www.gyn-care.gr\/it\/"},{"@type":"ListItem","position":2,"name":"RISPOSTA BASSA IN FIVET"}]},{"@type":"WebSite","@id":"https:\/\/www.gyn-care.gr\/it\/#website","url":"https:\/\/www.gyn-care.gr\/it\/","name":"GynCare IVF | Centro di Procreazione Medicalmente Assistita Atene","description":"Infertilit\u00e0, esami uomo, ESAMI FEMMINILI, fivet, EMBRYOTRANSFERT, Crioconservazione degli embrioni, ovodonazione, donazione seme, Legge ovodonazione, Maternit\u00e0 surrogata e legge, Ringiovanimento Ovarico ,  Platelet Rich Plasma, PRP","publisher":{"@id":"https:\/\/www.gyn-care.gr\/it\/#organization"},"potentialAction":[{"@type":"SearchAction","target":{"@type":"EntryPoint","urlTemplate":"https:\/\/www.gyn-care.gr\/it\/?s={search_term_string}"},"query-input":{"@type":"PropertyValueSpecification","valueRequired":true,"valueName":"search_term_string"}}],"inLanguage":"it-IT"},{"@type":"Organization","@id":"https:\/\/www.gyn-care.gr\/it\/#organization","name":"GynCare IVF","url":"https:\/\/www.gyn-care.gr\/it\/","logo":{"@type":"ImageObject","inLanguage":"it-IT","@id":"https:\/\/www.gyn-care.gr\/it\/#\/schema\/logo\/image\/","url":"https:\/\/www.gyn-care.gr\/wp-content\/uploads\/2020\/11\/GynCare-IVF-\u039a\u03ad\u03bd\u03c4\u03c1\u03bf-\u03b5\u03be\u03c9\u03c3\u03c9\u03bc\u03b1\u03c4\u03b9\u03ba\u03ae\u03c2-\u03b3\u03bf\u03bd\u03b9\u03bc\u03bf\u03c0\u03bf\u03af\u03b7\u03c3\u03b7\u03c2-\u0391\u03b8\u03ae\u03bd\u03b1.jpg","contentUrl":"https:\/\/www.gyn-care.gr\/wp-content\/uploads\/2020\/11\/GynCare-IVF-\u039a\u03ad\u03bd\u03c4\u03c1\u03bf-\u03b5\u03be\u03c9\u03c3\u03c9\u03bc\u03b1\u03c4\u03b9\u03ba\u03ae\u03c2-\u03b3\u03bf\u03bd\u03b9\u03bc\u03bf\u03c0\u03bf\u03af\u03b7\u03c3\u03b7\u03c2-\u0391\u03b8\u03ae\u03bd\u03b1.jpg","width":120,"height":120,"caption":"GynCare IVF"},"image":{"@id":"https:\/\/www.gyn-care.gr\/it\/#\/schema\/logo\/image\/"},"sameAs":["https:\/\/www.facebook.com\/gyncare.med","https:\/\/www.instagram.com\/gyncareobgyn\/","https:\/\/www.linkedin.com\/in\/dr-evangelos-sakkas-msc-md-86485b44\/","https:\/\/www.youtube.com\/channel\/UCXsbfz3q7o0f_FHBamhLO4w\/featured"]}]}},"_links":{"self":[{"href":"https:\/\/www.gyn-care.gr\/it\/wp-json\/wp\/v2\/pages\/2642","targetHints":{"allow":["GET"]}}],"collection":[{"href":"https:\/\/www.gyn-care.gr\/it\/wp-json\/wp\/v2\/pages"}],"about":[{"href":"https:\/\/www.gyn-care.gr\/it\/wp-json\/wp\/v2\/types\/page"}],"author":[{"embeddable":true,"href":"https:\/\/www.gyn-care.gr\/it\/wp-json\/wp\/v2\/users\/9"}],"replies":[{"embeddable":true,"href":"https:\/\/www.gyn-care.gr\/it\/wp-json\/wp\/v2\/comments?post=2642"}],"version-history":[{"count":19,"href":"https:\/\/www.gyn-care.gr\/it\/wp-json\/wp\/v2\/pages\/2642\/revisions"}],"predecessor-version":[{"id":13250,"href":"https:\/\/www.gyn-care.gr\/it\/wp-json\/wp\/v2\/pages\/2642\/revisions\/13250"}],"wp:featuredmedia":[{"embeddable":true,"href":"https:\/\/www.gyn-care.gr\/it\/wp-json\/wp\/v2\/media\/4434"}],"wp:attachment":[{"href":"https:\/\/www.gyn-care.gr\/it\/wp-json\/wp\/v2\/media?parent=2642"}],"curies":[{"name":"wp","href":"https:\/\/api.w.org\/{rel}","templated":true}]}}