{"id":2638,"date":"2018-06-21T21:32:13","date_gmt":"2018-06-21T21:32:13","guid":{"rendered":"http:\/\/localhost\/testsakas\/endomitriosi-kai-ekswswmatiki\/"},"modified":"2021-08-03T10:37:00","modified_gmt":"2021-08-03T10:37:00","slug":"patologie-endometriale-ivf-chirurgia-ginecologica-atene","status":"publish","type":"page","link":"https:\/\/www.gyn-care.gr\/it\/patologie-endometriale-ivf-chirurgia-ginecologica-atene\/","title":{"rendered":"ENDOMETRIOSI E PATOLOGIA ENDOMETRIALE IN FIVET"},"content":{"rendered":"<div class=\"fusion-fullwidth fullwidth-box fusion-builder-row-1 nonhundred-percent-fullwidth non-hundred-percent-height-scrolling\" style=\"--awb-border-radius-top-left:0px;--awb-border-radius-top-right:0px;--awb-border-radius-bottom-right:0px;--awb-border-radius-bottom-left:0px;--awb-padding-right:4%;--awb-padding-left:4%;--awb-flex-wrap:wrap;\" ><div class=\"fusion-builder-row fusion-row\"><div class=\"fusion-layout-column fusion_builder_column fusion-builder-column-0 fusion_builder_column_1_1 1_1 fusion-one-full fusion-column-first fusion-column-last\" style=\"--awb-bg-size:cover;\"><div class=\"fusion-column-wrapper fusion-flex-column-wrapper-legacy\"><div class=\"fusion-column-content-centered\"><div class=\"fusion-column-content\"><div class=\"fusion-image-element fusion-image-align-center in-legacy-container\" style=\"text-align:center;--awb-caption-title-font-family:var(--h2_typography-font-family);--awb-caption-title-font-weight:var(--h2_typography-font-weight);--awb-caption-title-font-style:var(--h2_typography-font-style);--awb-caption-title-size:var(--h2_typography-font-size);--awb-caption-title-transform:var(--h2_typography-text-transform);--awb-caption-title-line-height:var(--h2_typography-line-height);--awb-caption-title-letter-spacing:var(--h2_typography-letter-spacing);\"><div class=\"imageframe-align-center\"><span class=\" fusion-imageframe imageframe-none imageframe-1 hover-type-none\"><img decoding=\"async\" width=\"1150\" height=\"300\" title=\"56d5a5c21dc524525e8b45ef\" src=\"https:\/\/www.gyn-care.gr\/wp-content\/uploads\/2018\/07\/56d5a5c21dc524525e8b45ef.jpg\" alt class=\"img-responsive wp-image-4432\" srcset=\"https:\/\/www.gyn-care.gr\/wp-content\/uploads\/2018\/07\/56d5a5c21dc524525e8b45ef-200x52.jpg 200w, https:\/\/www.gyn-care.gr\/wp-content\/uploads\/2018\/07\/56d5a5c21dc524525e8b45ef-400x104.jpg 400w, https:\/\/www.gyn-care.gr\/wp-content\/uploads\/2018\/07\/56d5a5c21dc524525e8b45ef-600x157.jpg 600w, https:\/\/www.gyn-care.gr\/wp-content\/uploads\/2018\/07\/56d5a5c21dc524525e8b45ef-800x209.jpg 800w, https:\/\/www.gyn-care.gr\/wp-content\/uploads\/2018\/07\/56d5a5c21dc524525e8b45ef.jpg 1150w\" sizes=\"(max-width: 800px) 100vw, 1150px\" \/><\/span><\/div><\/div><\/div><\/div><div class=\"fusion-clearfix\"><\/div><\/div><\/div><div class=\"fusion-layout-column fusion_builder_column fusion-builder-column-1 fusion_builder_column_1_1 1_1 fusion-one-full fusion-column-first fusion-column-last\" style=\"--awb-bg-size:cover;\"><div class=\"fusion-column-wrapper fusion-flex-column-wrapper-legacy\"><div class=\"fusion-text fusion-text-1 titlos\"><h1>Endometriosi e patologia endometriale in FIVET<\/h1>\n<\/div><div class=\"fusion-clearfix\"><\/div><\/div><\/div><div class=\"fusion-layout-column fusion_builder_column fusion-builder-column-2 fusion_builder_column_1_1 1_1 fusion-one-full fusion-column-first fusion-column-last\" style=\"--awb-bg-size:cover;\"><div class=\"fusion-column-wrapper fusion-flex-column-wrapper-legacy\"><div class=\"fusion-text fusion-text-2\"><h2 style=\"text-align: left;\">Endometriosi e IVF<\/h2>\n<\/div><div class=\"fusion-text fusion-text-3\"><p>Quando l&#8217;endometriosi comprende le tube di Falloppio e le ovaie, la fertilit\u00e0 \u00e8 ridotta. Il meccanismo di base con cui l&#8217;endometriosi influisce sulla fertilit\u00e0 \u00e8 la formazione di aderenze. L&#8217;anatomia dell&#8217;apparato ginecologico viene modificata da un&#8217;infiammazione importante provocata da questa malattia.<\/p>\n<\/div><div class=\"fusion-text fusion-text-4\"><p>Ci sono diverse forme di endometriosi. Endometriosi peritoneale si definisce quando si osservano solo piccole lesioni peritoneali. Endometriosi ovarica si definisce in presenza di cisti endometriosiche sulle ovaie. Quando l&#8217;endometriosi comprende tutti gli organi dell&#8217;apparato pelvico si tratta della forma pi\u00f9 severa detta anche frozen pelvis. In quest&#8217;ultimo caso si osservano i noduli di endometriosi che sono strutture infiammatorie di solito dietro l&#8217;utero.<\/p>\n<\/div><div class=\"fusion-text fusion-text-5\"><p>L&#8217;endometriosi ovarica e profonda devono assolutamente essere operate. L&#8217;endometriosi peritoneale \u00e8 un oggetto di dibattito perch\u00e9 secondo alcuni studi non afflige la fertilit\u00e0 mentre secondo altri studi deve essere operata e bruciata e subito dopo cercare una gravidanza.<\/p>\n<\/div><div class=\"fusion-clearfix\"><\/div><\/div><\/div><div class=\"fusion-layout-column fusion_builder_column fusion-builder-column-3 fusion_builder_column_1_1 1_1 fusion-one-full fusion-column-first fusion-column-last\" style=\"--awb-bg-size:cover;\"><div class=\"fusion-column-wrapper fusion-flex-column-wrapper-legacy\"><div class=\"fusion-text fusion-text-6\"><h2 style=\"text-align: left;\">FIVET vs intervento o entrambi?<\/h2>\n<\/div><div class=\"fusion-text fusion-text-7\"><p>Per quanto riguarda la forma peritoneale e la forma ovarica si consiglia in primis l&#8217;intervento chirurgico e in seguito si consiglia di provare spontaneamente. Invece nel caso di endometriosi profonda si consiglia di passare alla FIVET dopo l&#8217;operazione.<\/p>\n<\/div><div class=\"fusion-clearfix\"><\/div><\/div><\/div><div class=\"fusion-layout-column fusion_builder_column fusion-builder-column-4 fusion_builder_column_1_1 1_1 fusion-one-full fusion-column-first fusion-column-last\" style=\"--awb-bg-size:cover;\"><div class=\"fusion-column-wrapper fusion-flex-column-wrapper-legacy\"><div class=\"fusion-text fusion-text-8\"><h2 style=\"text-align: left;\">L&#8217;endometriosi puo avere effetto sulla FIVET?<\/h2>\n<\/div><div class=\"fusion-text fusion-text-9\"><p>Oggi si considera che la presenza di endometriosi ovarica e profonda possono alterare la qualit\u00e0 ovocitaria compromettendo in questo modo l&#8217;esito finale della stimolazione ovarica.<\/p>\n<\/div><div class=\"fusion-clearfix\"><\/div><\/div><\/div><div class=\"fusion-layout-column fusion_builder_column fusion-builder-column-5 fusion_builder_column_1_1 1_1 fusion-one-full fusion-column-first fusion-column-last\" style=\"--awb-bg-size:cover;\"><div class=\"fusion-column-wrapper fusion-flex-column-wrapper-legacy\"><div class=\"fusion-text fusion-text-10\"><h2 style=\"text-align: left;\">Polipi e FIVET<\/h2>\n<\/div><div class=\"fusion-text fusion-text-11\"><p>I polipi intra-uterini sono correlati all&#8217;infertilit\u00e0.<br \/>\nIn piu la loro presenza aumenta la possibilit\u00e0 di aborto spontaneo anche dopo FIVET. I polipi endometriali devono sempre essere asportati.<\/p>\n<\/div><div class=\"fusion-clearfix\"><\/div><\/div><\/div><\/div><\/div>\n","protected":false},"excerpt":{"rendered":"","protected":false},"author":1,"featured_media":0,"parent":0,"menu_order":0,"comment_status":"closed","ping_status":"closed","template":"","meta":{"footnotes":""},"class_list":["post-2638","page","type-page","status-publish","hentry"],"yoast_head":"<!-- This site is optimized with the Yoast SEO Premium plugin v26.9 (Yoast SEO v26.9) - https:\/\/yoast.com\/product\/yoast-seo-premium-wordpress\/ -->\n<title>ENDOMETRIOSI E PATOLOGIA ENDOMETRIALE IN FIVET - Gyn Care<\/title>\n<meta name=\"description\" content=\"Ci sono diverse forme di endometriosi. La presenza di endometriosi ovarica e profonda possono alterare la qualit\u00e0 ovocitaria.\" \/>\n<meta name=\"robots\" content=\"index, follow, max-snippet:-1, max-image-preview:large, max-video-preview:-1\" \/>\n<link rel=\"canonical\" href=\"https:\/\/www.gyn-care.gr\/it\/patologie-endometriale-ivf-chirurgia-ginecologica-atene\/\" \/>\n<meta property=\"og:locale\" content=\"it_IT\" \/>\n<meta property=\"og:type\" content=\"article\" \/>\n<meta property=\"og:title\" content=\"ENDOMETRIOSI E PATOLOGIA ENDOMETRIALE IN FIVET\" \/>\n<meta property=\"og:description\" content=\"Ci sono diverse forme di endometriosi. La presenza di endometriosi ovarica e profonda possono alterare la qualit\u00e0 ovocitaria.\" \/>\n<meta property=\"og:url\" content=\"https:\/\/www.gyn-care.gr\/it\/patologie-endometriale-ivf-chirurgia-ginecologica-atene\/\" \/>\n<meta property=\"og:site_name\" content=\"GynCare IVF | Centro di Procreazione Medicalmente Assistita Atene\" \/>\n<meta property=\"article:publisher\" content=\"https:\/\/www.facebook.com\/gyncare.med\" \/>\n<meta property=\"article:modified_time\" content=\"2021-08-03T10:37:00+00:00\" \/>\n<meta name=\"twitter:card\" content=\"summary_large_image\" \/>\n<meta name=\"twitter:label1\" content=\"Tempo di lettura stimato\" \/>\n\t<meta name=\"twitter:data1\" content=\"6 minuti\" \/>\n<script type=\"application\/ld+json\" class=\"yoast-schema-graph\">{\"@context\":\"https:\/\/schema.org\",\"@graph\":[{\"@type\":\"WebPage\",\"@id\":\"https:\/\/www.gyn-care.gr\/it\/patologie-endometriale-ivf-chirurgia-ginecologica-atene\/\",\"url\":\"https:\/\/www.gyn-care.gr\/it\/patologie-endometriale-ivf-chirurgia-ginecologica-atene\/\",\"name\":\"ENDOMETRIOSI E PATOLOGIA ENDOMETRIALE IN FIVET - Gyn Care\",\"isPartOf\":{\"@id\":\"https:\/\/www.gyn-care.gr\/it\/#website\"},\"datePublished\":\"2018-06-21T21:32:13+00:00\",\"dateModified\":\"2021-08-03T10:37:00+00:00\",\"description\":\"Ci sono diverse forme di endometriosi. La presenza di endometriosi ovarica e profonda possono alterare la qualit\u00e0 ovocitaria.\",\"breadcrumb\":{\"@id\":\"https:\/\/www.gyn-care.gr\/it\/patologie-endometriale-ivf-chirurgia-ginecologica-atene\/#breadcrumb\"},\"inLanguage\":\"it-IT\",\"potentialAction\":[{\"@type\":\"ReadAction\",\"target\":[\"https:\/\/www.gyn-care.gr\/it\/patologie-endometriale-ivf-chirurgia-ginecologica-atene\/\"]}]},{\"@type\":\"BreadcrumbList\",\"@id\":\"https:\/\/www.gyn-care.gr\/it\/patologie-endometriale-ivf-chirurgia-ginecologica-atene\/#breadcrumb\",\"itemListElement\":[{\"@type\":\"ListItem\",\"position\":1,\"name\":\"Home\",\"item\":\"https:\/\/www.gyn-care.gr\/it\/\"},{\"@type\":\"ListItem\",\"position\":2,\"name\":\"ENDOMETRIOSI E PATOLOGIA ENDOMETRIALE IN FIVET\"}]},{\"@type\":\"WebSite\",\"@id\":\"https:\/\/www.gyn-care.gr\/it\/#website\",\"url\":\"https:\/\/www.gyn-care.gr\/it\/\",\"name\":\"GynCare IVF | Centro di Procreazione Medicalmente Assistita Atene\",\"description\":\"Infertilit\u00e0, esami uomo, ESAMI FEMMINILI, fivet, EMBRYOTRANSFERT, Crioconservazione degli embrioni, ovodonazione, donazione seme, Legge ovodonazione, Maternit\u00e0 surrogata e legge, Ringiovanimento Ovarico ,  Platelet Rich Plasma, PRP\",\"publisher\":{\"@id\":\"https:\/\/www.gyn-care.gr\/it\/#organization\"},\"potentialAction\":[{\"@type\":\"SearchAction\",\"target\":{\"@type\":\"EntryPoint\",\"urlTemplate\":\"https:\/\/www.gyn-care.gr\/it\/?s={search_term_string}\"},\"query-input\":{\"@type\":\"PropertyValueSpecification\",\"valueRequired\":true,\"valueName\":\"search_term_string\"}}],\"inLanguage\":\"it-IT\"},{\"@type\":\"Organization\",\"@id\":\"https:\/\/www.gyn-care.gr\/it\/#organization\",\"name\":\"GynCare IVF\",\"url\":\"https:\/\/www.gyn-care.gr\/it\/\",\"logo\":{\"@type\":\"ImageObject\",\"inLanguage\":\"it-IT\",\"@id\":\"https:\/\/www.gyn-care.gr\/it\/#\/schema\/logo\/image\/\",\"url\":\"https:\/\/www.gyn-care.gr\/wp-content\/uploads\/2020\/11\/GynCare-IVF-\u039a\u03ad\u03bd\u03c4\u03c1\u03bf-\u03b5\u03be\u03c9\u03c3\u03c9\u03bc\u03b1\u03c4\u03b9\u03ba\u03ae\u03c2-\u03b3\u03bf\u03bd\u03b9\u03bc\u03bf\u03c0\u03bf\u03af\u03b7\u03c3\u03b7\u03c2-\u0391\u03b8\u03ae\u03bd\u03b1.jpg\",\"contentUrl\":\"https:\/\/www.gyn-care.gr\/wp-content\/uploads\/2020\/11\/GynCare-IVF-\u039a\u03ad\u03bd\u03c4\u03c1\u03bf-\u03b5\u03be\u03c9\u03c3\u03c9\u03bc\u03b1\u03c4\u03b9\u03ba\u03ae\u03c2-\u03b3\u03bf\u03bd\u03b9\u03bc\u03bf\u03c0\u03bf\u03af\u03b7\u03c3\u03b7\u03c2-\u0391\u03b8\u03ae\u03bd\u03b1.jpg\",\"width\":120,\"height\":120,\"caption\":\"GynCare IVF\"},\"image\":{\"@id\":\"https:\/\/www.gyn-care.gr\/it\/#\/schema\/logo\/image\/\"},\"sameAs\":[\"https:\/\/www.facebook.com\/gyncare.med\",\"https:\/\/www.instagram.com\/gyncareobgyn\/\",\"https:\/\/www.linkedin.com\/in\/dr-evangelos-sakkas-msc-md-86485b44\/\",\"https:\/\/www.youtube.com\/channel\/UCXsbfz3q7o0f_FHBamhLO4w\/featured\"]}]}<\/script>\n<!-- \/ Yoast SEO Premium plugin. -->","yoast_head_json":{"title":"ENDOMETRIOSI E PATOLOGIA ENDOMETRIALE IN FIVET - Gyn Care","description":"Ci sono diverse forme di endometriosi. La presenza di endometriosi ovarica e profonda possono alterare la qualit\u00e0 ovocitaria.","robots":{"index":"index","follow":"follow","max-snippet":"max-snippet:-1","max-image-preview":"max-image-preview:large","max-video-preview":"max-video-preview:-1"},"canonical":"https:\/\/www.gyn-care.gr\/it\/patologie-endometriale-ivf-chirurgia-ginecologica-atene\/","og_locale":"it_IT","og_type":"article","og_title":"ENDOMETRIOSI E PATOLOGIA ENDOMETRIALE IN FIVET","og_description":"Ci sono diverse forme di endometriosi. La presenza di endometriosi ovarica e profonda possono alterare la qualit\u00e0 ovocitaria.","og_url":"https:\/\/www.gyn-care.gr\/it\/patologie-endometriale-ivf-chirurgia-ginecologica-atene\/","og_site_name":"GynCare IVF | Centro di Procreazione Medicalmente Assistita Atene","article_publisher":"https:\/\/www.facebook.com\/gyncare.med","article_modified_time":"2021-08-03T10:37:00+00:00","twitter_card":"summary_large_image","twitter_misc":{"Tempo di lettura stimato":"6 minuti"},"schema":{"@context":"https:\/\/schema.org","@graph":[{"@type":"WebPage","@id":"https:\/\/www.gyn-care.gr\/it\/patologie-endometriale-ivf-chirurgia-ginecologica-atene\/","url":"https:\/\/www.gyn-care.gr\/it\/patologie-endometriale-ivf-chirurgia-ginecologica-atene\/","name":"ENDOMETRIOSI E PATOLOGIA ENDOMETRIALE IN FIVET - Gyn Care","isPartOf":{"@id":"https:\/\/www.gyn-care.gr\/it\/#website"},"datePublished":"2018-06-21T21:32:13+00:00","dateModified":"2021-08-03T10:37:00+00:00","description":"Ci sono diverse forme di endometriosi. La presenza di endometriosi ovarica e profonda possono alterare la qualit\u00e0 ovocitaria.","breadcrumb":{"@id":"https:\/\/www.gyn-care.gr\/it\/patologie-endometriale-ivf-chirurgia-ginecologica-atene\/#breadcrumb"},"inLanguage":"it-IT","potentialAction":[{"@type":"ReadAction","target":["https:\/\/www.gyn-care.gr\/it\/patologie-endometriale-ivf-chirurgia-ginecologica-atene\/"]}]},{"@type":"BreadcrumbList","@id":"https:\/\/www.gyn-care.gr\/it\/patologie-endometriale-ivf-chirurgia-ginecologica-atene\/#breadcrumb","itemListElement":[{"@type":"ListItem","position":1,"name":"Home","item":"https:\/\/www.gyn-care.gr\/it\/"},{"@type":"ListItem","position":2,"name":"ENDOMETRIOSI E PATOLOGIA ENDOMETRIALE IN FIVET"}]},{"@type":"WebSite","@id":"https:\/\/www.gyn-care.gr\/it\/#website","url":"https:\/\/www.gyn-care.gr\/it\/","name":"GynCare IVF | Centro di Procreazione Medicalmente Assistita Atene","description":"Infertilit\u00e0, esami uomo, ESAMI FEMMINILI, fivet, EMBRYOTRANSFERT, Crioconservazione degli embrioni, ovodonazione, donazione seme, Legge ovodonazione, Maternit\u00e0 surrogata e legge, Ringiovanimento Ovarico ,  Platelet Rich Plasma, PRP","publisher":{"@id":"https:\/\/www.gyn-care.gr\/it\/#organization"},"potentialAction":[{"@type":"SearchAction","target":{"@type":"EntryPoint","urlTemplate":"https:\/\/www.gyn-care.gr\/it\/?s={search_term_string}"},"query-input":{"@type":"PropertyValueSpecification","valueRequired":true,"valueName":"search_term_string"}}],"inLanguage":"it-IT"},{"@type":"Organization","@id":"https:\/\/www.gyn-care.gr\/it\/#organization","name":"GynCare IVF","url":"https:\/\/www.gyn-care.gr\/it\/","logo":{"@type":"ImageObject","inLanguage":"it-IT","@id":"https:\/\/www.gyn-care.gr\/it\/#\/schema\/logo\/image\/","url":"https:\/\/www.gyn-care.gr\/wp-content\/uploads\/2020\/11\/GynCare-IVF-\u039a\u03ad\u03bd\u03c4\u03c1\u03bf-\u03b5\u03be\u03c9\u03c3\u03c9\u03bc\u03b1\u03c4\u03b9\u03ba\u03ae\u03c2-\u03b3\u03bf\u03bd\u03b9\u03bc\u03bf\u03c0\u03bf\u03af\u03b7\u03c3\u03b7\u03c2-\u0391\u03b8\u03ae\u03bd\u03b1.jpg","contentUrl":"https:\/\/www.gyn-care.gr\/wp-content\/uploads\/2020\/11\/GynCare-IVF-\u039a\u03ad\u03bd\u03c4\u03c1\u03bf-\u03b5\u03be\u03c9\u03c3\u03c9\u03bc\u03b1\u03c4\u03b9\u03ba\u03ae\u03c2-\u03b3\u03bf\u03bd\u03b9\u03bc\u03bf\u03c0\u03bf\u03af\u03b7\u03c3\u03b7\u03c2-\u0391\u03b8\u03ae\u03bd\u03b1.jpg","width":120,"height":120,"caption":"GynCare IVF"},"image":{"@id":"https:\/\/www.gyn-care.gr\/it\/#\/schema\/logo\/image\/"},"sameAs":["https:\/\/www.facebook.com\/gyncare.med","https:\/\/www.instagram.com\/gyncareobgyn\/","https:\/\/www.linkedin.com\/in\/dr-evangelos-sakkas-msc-md-86485b44\/","https:\/\/www.youtube.com\/channel\/UCXsbfz3q7o0f_FHBamhLO4w\/featured"]}]}},"_links":{"self":[{"href":"https:\/\/www.gyn-care.gr\/it\/wp-json\/wp\/v2\/pages\/2638","targetHints":{"allow":["GET"]}}],"collection":[{"href":"https:\/\/www.gyn-care.gr\/it\/wp-json\/wp\/v2\/pages"}],"about":[{"href":"https:\/\/www.gyn-care.gr\/it\/wp-json\/wp\/v2\/types\/page"}],"author":[{"embeddable":true,"href":"https:\/\/www.gyn-care.gr\/it\/wp-json\/wp\/v2\/users\/1"}],"replies":[{"embeddable":true,"href":"https:\/\/www.gyn-care.gr\/it\/wp-json\/wp\/v2\/comments?post=2638"}],"version-history":[{"count":4,"href":"https:\/\/www.gyn-care.gr\/it\/wp-json\/wp\/v2\/pages\/2638\/revisions"}],"predecessor-version":[{"id":12624,"href":"https:\/\/www.gyn-care.gr\/it\/wp-json\/wp\/v2\/pages\/2638\/revisions\/12624"}],"wp:attachment":[{"href":"https:\/\/www.gyn-care.gr\/it\/wp-json\/wp\/v2\/media?parent=2638"}],"curies":[{"name":"wp","href":"https:\/\/api.w.org\/{rel}","templated":true}]}}