{"id":2626,"date":"2018-06-21T21:23:57","date_gmt":"2018-06-21T21:23:57","guid":{"rendered":"http:\/\/localhost\/testsakas\/inomuwmata-polupodes\/"},"modified":"2021-07-27T20:41:25","modified_gmt":"2021-07-27T20:41:25","slug":"fibroidi-polipi-chirurgia-ginecologica-atene","status":"publish","type":"page","link":"https:\/\/www.gyn-care.gr\/it\/fibroidi-polipi-chirurgia-ginecologica-atene\/","title":{"rendered":"FIBROIDI, POLIPI"},"content":{"rendered":"<div class=\"fusion-fullwidth fullwidth-box fusion-builder-row-1 nonhundred-percent-fullwidth non-hundred-percent-height-scrolling\" style=\"--awb-border-radius-top-left:0px;--awb-border-radius-top-right:0px;--awb-border-radius-bottom-right:0px;--awb-border-radius-bottom-left:0px;--awb-padding-right:4%;--awb-padding-left:4%;--awb-flex-wrap:wrap;\" ><div class=\"fusion-builder-row fusion-row\"><div class=\"fusion-layout-column fusion_builder_column fusion-builder-column-0 fusion_builder_column_1_1 1_1 fusion-one-full fusion-column-first fusion-column-last\" style=\"--awb-bg-size:cover;\"><div class=\"fusion-column-wrapper fusion-flex-column-wrapper-legacy\"><div class=\"fusion-column-content-centered\"><div class=\"fusion-column-content\"><div class=\"fusion-image-element fusion-image-align-center in-legacy-container\" style=\"text-align:center;--awb-caption-title-font-family:var(--h2_typography-font-family);--awb-caption-title-font-weight:var(--h2_typography-font-weight);--awb-caption-title-font-style:var(--h2_typography-font-style);--awb-caption-title-size:var(--h2_typography-font-size);--awb-caption-title-transform:var(--h2_typography-text-transform);--awb-caption-title-line-height:var(--h2_typography-line-height);--awb-caption-title-letter-spacing:var(--h2_typography-letter-spacing);\"><div class=\"imageframe-align-center\"><span class=\" fusion-imageframe imageframe-none imageframe-1 hover-type-none\"><img decoding=\"async\" width=\"1150\" height=\"300\" title=\"ino\" src=\"https:\/\/www.gyn-care.gr\/wp-content\/uploads\/2018\/07\/ino.jpg\" alt class=\"img-responsive wp-image-4430\" srcset=\"https:\/\/www.gyn-care.gr\/wp-content\/uploads\/2018\/07\/ino-200x52.jpg 200w, https:\/\/www.gyn-care.gr\/wp-content\/uploads\/2018\/07\/ino-400x104.jpg 400w, https:\/\/www.gyn-care.gr\/wp-content\/uploads\/2018\/07\/ino-600x157.jpg 600w, https:\/\/www.gyn-care.gr\/wp-content\/uploads\/2018\/07\/ino-800x209.jpg 800w, https:\/\/www.gyn-care.gr\/wp-content\/uploads\/2018\/07\/ino.jpg 1150w\" sizes=\"(max-width: 800px) 100vw, 1150px\" \/><\/span><\/div><\/div><\/div><\/div><div class=\"fusion-clearfix\"><\/div><\/div><\/div><div class=\"fusion-layout-column fusion_builder_column fusion-builder-column-1 fusion_builder_column_1_1 1_1 fusion-one-full fusion-column-first fusion-column-last\" style=\"--awb-bg-size:cover;\"><div class=\"fusion-column-wrapper fusion-flex-column-wrapper-legacy\"><div class=\"fusion-text fusion-text-1 titlos\"><p style=\"text-align: left;\">Fibromi, Polipi<\/p>\n<\/div><div class=\"fusion-clearfix\"><\/div><\/div><\/div><div class=\"fusion-layout-column fusion_builder_column fusion-builder-column-2 fusion_builder_column_1_1 1_1 fusion-one-full fusion-column-first fusion-column-last\" style=\"--awb-bg-size:cover;\"><div class=\"fusion-column-wrapper fusion-flex-column-wrapper-legacy\"><div class=\"fusion-text fusion-text-2\"><h2 style=\"text-align: left;\">Cosa sono i fibromi e come si riscontra la presenza?<\/h2>\n<\/div><div class=\"fusion-text fusion-text-3\"><p>I fibromi sono tumori benigni, di dimensioni che variano da pochi millimetri a diversi centimetri. Una donna pu\u00f2 essere portatrice anche di trenta fibromi.<br \/>\nLa diagnosi viene effettuata durante la visita ginecologica abbinata all\u2019ecografia transvaginale.<\/p>\n<\/div><div class=\"fusion-clearfix\"><\/div><\/div><\/div><div class=\"fusion-layout-column fusion_builder_column fusion-builder-column-3 fusion_builder_column_1_1 1_1 fusion-one-full fusion-column-first fusion-column-last\" style=\"--awb-bg-size:cover;\"><div class=\"fusion-column-wrapper fusion-flex-column-wrapper-legacy\"><div class=\"fusion-text fusion-text-4\"><h2 style=\"text-align: left;\">Quali sono i sintomi dei fibromi?<\/h2>\n<\/div><div class=\"fusion-text fusion-text-5\"><p>I fibromi di grande dimensione possono causare dolore, pressione o una sensazione di pesantezza nella regione pelvica. Raramente sono causa di infertilit\u00e0.<\/p>\n<\/div><div class=\"fusion-clearfix\"><\/div><\/div><\/div><div class=\"fusion-layout-column fusion_builder_column fusion-builder-column-4 fusion_builder_column_1_1 1_1 fusion-one-full fusion-column-first fusion-column-last\" style=\"--awb-bg-size:cover;\"><div class=\"fusion-column-wrapper fusion-flex-column-wrapper-legacy\"><div class=\"fusion-text fusion-text-6\"><h2 style=\"text-align: left;\">Quali sono i trattamenti per i fibromi?<\/h2>\n<\/div><div class=\"fusion-text fusion-text-7\"><p>Quando i fibromi sono sintomatici, si pu\u00f2 ricorrere alla miomectomia per via laparoscopica. Questo trattamento consiste nella rimozione chirurgica del fibroma effettuata tramite piccole incisioni, una sotto ombelico, le altre nella parte bassa dell\u2019addome. Di solito, la paziente pu\u00f2 tornare a casa lo stesso o il giorno successivo dell\u2019intervento.<\/p>\n<\/div><div class=\"fusion-clearfix\"><\/div><\/div><\/div><div class=\"fusion-layout-column fusion_builder_column fusion-builder-column-5 fusion_builder_column_1_1 1_1 fusion-one-full fusion-column-first fusion-column-last\" style=\"--awb-bg-size:cover;\"><div class=\"fusion-column-wrapper fusion-flex-column-wrapper-legacy\"><div class=\"fusion-text fusion-text-8\"><h2 style=\"text-align: left;\">Cos&#8217;\u00e8 un polipo endometriale?<\/h2>\n<\/div><div class=\"fusion-text fusion-text-9\"><p>I polipi endometriali sono formazioni cellulari che sporgono nella cavit\u00e0 endometriale. Sono una patologia frequente in ginecologia. Li troviamo durante un esame ecografico quando \u00e8 opportuno controllare alcuni sintomi, come il sanguinamento uterino a met\u00e0 del ciclo.<\/p>\n<\/div><div class=\"fusion-clearfix\"><\/div><\/div><\/div><div class=\"fusion-layout-column fusion_builder_column fusion-builder-column-6 fusion_builder_column_1_1 1_1 fusion-one-full fusion-column-first fusion-column-last\" style=\"--awb-bg-size:cover;\"><div class=\"fusion-column-wrapper fusion-flex-column-wrapper-legacy\"><div class=\"fusion-text fusion-text-10\"><h2 style=\"text-align: left;\">Come viene trattato il polipo endometriale?<\/h2>\n<\/div><div class=\"fusion-text fusion-text-11\"><p>Il trattamento dei polipi endometriali richiede quasi sempre la rimozione chirurgica.<\/p>\n<\/div><div class=\"fusion-text fusion-text-12\"><p>L&#8217;operazione viene eseguita mediante isteroscopia. La sua durata non supera generalmente i 10 minuti. Pu\u00f2 essere eseguita nello studio del medico in anestesia locale o sedazione leggera. Non \u00e8 necessaria l&#8217;anestesia totale. La donna arriva la mattina e di solito torna a casa entro mezzogiorno.<\/p>\n<\/div><div class=\"fusion-clearfix\"><\/div><\/div><\/div><div class=\"fusion-layout-column fusion_builder_column fusion-builder-column-7 fusion_builder_column_1_1 1_1 fusion-one-full fusion-column-first fusion-column-last\" style=\"--awb-bg-size:cover;\"><div class=\"fusion-column-wrapper fusion-flex-column-wrapper-legacy\"><div class=\"fusion-text fusion-text-13\"><h2 style=\"text-align: left;\">Come curare i condilomi acuminati?<\/h2>\n<\/div><div class=\"fusion-text fusion-text-14\"><p>I condilomi sono la tipica espressione di una malattia a trasmissione sessuale, piuttosto contagiosa e diffusa e colpiscono sia l\u2019uomo che la donna. L&#8217;agente biologico responsabile \u00e8 un virus noto come HPV. Si manifestano con maggior frequenza a livello di vulva, vagina e collo dell&#8217;utero.<\/p>\n<\/div><div class=\"fusion-text fusion-text-15\"><p>Vengono trattati in molteplici modi. Il pi\u00f9 semplice consiste nell\u2019applicazione di alcune sostanze che provocano l\u2019eliminazione del condiloma. Un\u2019altra tecnica terapica alternativa \u00e8 la diatermocoagulazione, consigliata per le verruche genitali particolarmente fastidiose e resistenti alle cure mediche.<\/p>\n<\/div><div class=\"fusion-clearfix\"><\/div><\/div><\/div><div class=\"fusion-layout-column fusion_builder_column fusion-builder-column-8 fusion_builder_column_1_1 1_1 fusion-one-full fusion-column-first fusion-column-last\" style=\"--awb-bg-size:cover;\"><div class=\"fusion-column-wrapper fusion-flex-column-wrapper-legacy\"><div class=\"fusion-text fusion-text-16\"><h2 style=\"text-align: left;\">\u00c8 possibile trattare i condilomi definitivamente senza rischio di recidiva?<\/h2>\n<\/div><div class=\"fusion-text fusion-text-17\"><p>I condilomi possono riapparire dopo due o dieci anni. Le recidive dopo terapia sono frequenti. \u00c8 importante ricordare che tutte le terapie agiscono contro le manifestazioni cliniche provocate dal virus HPV ma non \u00e8 possibile trattare il virus, che verr\u00e0 eliminato nel tempo dal sistema immunitario dell\u2019ospite.<\/p>\n<\/div><div class=\"fusion-clearfix\"><\/div><\/div><\/div><div class=\"fusion-layout-column fusion_builder_column fusion-builder-column-9 fusion_builder_column_1_1 1_1 fusion-one-full fusion-column-first fusion-column-last\" style=\"--awb-bg-size:cover;\"><div class=\"fusion-column-wrapper fusion-flex-column-wrapper-legacy\"><div class=\"fusion-text fusion-text-18\"><h2 style=\"text-align: left;\">I condilomi causano aborti?<\/h2>\n<\/div><div class=\"fusion-text fusion-text-19\"><p>Il virus HPV (condilomi) non \u00e8 correlato agli aborti spontanei.<\/p>\n<\/div><div class=\"fusion-clearfix\"><\/div><\/div><\/div><div class=\"fusion-layout-column fusion_builder_column fusion-builder-column-10 fusion_builder_column_1_1 1_1 fusion-one-full fusion-column-first fusion-column-last\" style=\"--awb-bg-size:cover;\"><div class=\"fusion-column-wrapper fusion-flex-column-wrapper-legacy\"><div class=\"fusion-text fusion-text-20\"><h2 style=\"text-align: left;\">Come viene diagnosticato il papilloma virus umano(HPV)?<\/h2>\n<\/div><div class=\"fusion-text fusion-text-21\"><p>Il virus HPV viene rilevato dal Pap test. Le lesioni precancerose, di basso grado, possono tranquillamente essere &#8220;monitorate&#8221; nel tempo senza dover distruggere nulla, ma controllando periodicamente il loro stato. Nel caso di un carcinoma, di lesioni di alto grado, \u00e8 possibile la guarigione attraverso l\u2019asportazione delle escrescenze con il laser.<\/p>\n<\/div><div class=\"fusion-text fusion-text-22\"><p>Il modo pi\u00f9 sicuro e consigliato per affrontare il rischio di recidiva \u00e8 quello di eseguire regolarmente il Pap test e la colposcopia.<\/p>\n<\/div><div class=\"fusion-clearfix\"><\/div><\/div><\/div><\/div><\/div>\n","protected":false},"excerpt":{"rendered":"","protected":false},"author":9,"featured_media":0,"parent":0,"menu_order":0,"comment_status":"closed","ping_status":"closed","template":"","meta":{"footnotes":""},"class_list":["post-2626","page","type-page","status-publish","hentry"],"yoast_head":"<!-- This site is optimized with the Yoast SEO Premium plugin v26.9 (Yoast SEO v27.4) - https:\/\/yoast.com\/product\/yoast-seo-premium-wordpress\/ -->\n<title>FIBROIIDI, POLIPI - Gyn Care IVF Atena - Grecia -<\/title>\n<meta name=\"description\" content=\"I fibromi sono tumori benigni, I polipi endometriali sono formazioni cellulari che sporgono nella cavit\u00e0 endometriale.\" \/>\n<meta name=\"robots\" content=\"index, follow, max-snippet:-1, max-image-preview:large, max-video-preview:-1\" \/>\n<link rel=\"canonical\" href=\"https:\/\/www.gyn-care.gr\/it\/fibroidi-polipi-chirurgia-ginecologica-atene\/\" \/>\n<meta property=\"og:locale\" content=\"it_IT\" \/>\n<meta property=\"og:type\" content=\"article\" \/>\n<meta property=\"og:title\" content=\"FIBROIDI, POLIPI\" \/>\n<meta property=\"og:description\" content=\"I fibromi sono tumori benigni, I polipi endometriali sono formazioni cellulari che sporgono nella cavit\u00e0 endometriale.\" \/>\n<meta property=\"og:url\" content=\"https:\/\/www.gyn-care.gr\/it\/fibroidi-polipi-chirurgia-ginecologica-atene\/\" \/>\n<meta property=\"og:site_name\" content=\"GynCare IVF | Centro di Procreazione Medicalmente Assistita Atene\" \/>\n<meta property=\"article:publisher\" content=\"https:\/\/www.facebook.com\/gyncare.med\" \/>\n<meta property=\"article:modified_time\" content=\"2021-07-27T20:41:25+00:00\" \/>\n<meta name=\"twitter:card\" content=\"summary_large_image\" \/>\n<meta name=\"twitter:label1\" content=\"Tempo di lettura stimato\" \/>\n\t<meta name=\"twitter:data1\" content=\"10 minuti\" \/>\n<script type=\"application\/ld+json\" class=\"yoast-schema-graph\">{\"@context\":\"https:\\\/\\\/schema.org\",\"@graph\":[{\"@type\":\"WebPage\",\"@id\":\"https:\\\/\\\/www.gyn-care.gr\\\/it\\\/fibroidi-polipi-chirurgia-ginecologica-atene\\\/\",\"url\":\"https:\\\/\\\/www.gyn-care.gr\\\/it\\\/fibroidi-polipi-chirurgia-ginecologica-atene\\\/\",\"name\":\"FIBROIIDI, POLIPI - Gyn Care IVF Atena - Grecia -\",\"isPartOf\":{\"@id\":\"https:\\\/\\\/www.gyn-care.gr\\\/it\\\/#website\"},\"datePublished\":\"2018-06-21T21:23:57+00:00\",\"dateModified\":\"2021-07-27T20:41:25+00:00\",\"description\":\"I fibromi sono tumori benigni, I polipi endometriali sono formazioni cellulari che sporgono nella cavit\u00e0 endometriale.\",\"breadcrumb\":{\"@id\":\"https:\\\/\\\/www.gyn-care.gr\\\/it\\\/fibroidi-polipi-chirurgia-ginecologica-atene\\\/#breadcrumb\"},\"inLanguage\":\"it-IT\",\"potentialAction\":[{\"@type\":\"ReadAction\",\"target\":[\"https:\\\/\\\/www.gyn-care.gr\\\/it\\\/fibroidi-polipi-chirurgia-ginecologica-atene\\\/\"]}]},{\"@type\":\"BreadcrumbList\",\"@id\":\"https:\\\/\\\/www.gyn-care.gr\\\/it\\\/fibroidi-polipi-chirurgia-ginecologica-atene\\\/#breadcrumb\",\"itemListElement\":[{\"@type\":\"ListItem\",\"position\":1,\"name\":\"Home\",\"item\":\"https:\\\/\\\/www.gyn-care.gr\\\/it\\\/\"},{\"@type\":\"ListItem\",\"position\":2,\"name\":\"FIBROIDI, POLIPI\"}]},{\"@type\":\"WebSite\",\"@id\":\"https:\\\/\\\/www.gyn-care.gr\\\/it\\\/#website\",\"url\":\"https:\\\/\\\/www.gyn-care.gr\\\/it\\\/\",\"name\":\"GynCare IVF | Centro di Procreazione Medicalmente Assistita Atene\",\"description\":\"Infertilit\u00e0, esami uomo, ESAMI FEMMINILI, fivet, EMBRYOTRANSFERT, Crioconservazione degli embrioni, ovodonazione, donazione seme, Legge ovodonazione, Maternit\u00e0 surrogata e legge, Ringiovanimento Ovarico ,  Platelet Rich Plasma, PRP\",\"publisher\":{\"@id\":\"https:\\\/\\\/www.gyn-care.gr\\\/it\\\/#organization\"},\"potentialAction\":[{\"@type\":\"SearchAction\",\"target\":{\"@type\":\"EntryPoint\",\"urlTemplate\":\"https:\\\/\\\/www.gyn-care.gr\\\/it\\\/?s={search_term_string}\"},\"query-input\":{\"@type\":\"PropertyValueSpecification\",\"valueRequired\":true,\"valueName\":\"search_term_string\"}}],\"inLanguage\":\"it-IT\"},{\"@type\":\"Organization\",\"@id\":\"https:\\\/\\\/www.gyn-care.gr\\\/it\\\/#organization\",\"name\":\"GynCare IVF\",\"url\":\"https:\\\/\\\/www.gyn-care.gr\\\/it\\\/\",\"logo\":{\"@type\":\"ImageObject\",\"inLanguage\":\"it-IT\",\"@id\":\"https:\\\/\\\/www.gyn-care.gr\\\/it\\\/#\\\/schema\\\/logo\\\/image\\\/\",\"url\":\"https:\\\/\\\/www.gyn-care.gr\\\/wp-content\\\/uploads\\\/2020\\\/11\\\/GynCare-IVF-\u039a\u03ad\u03bd\u03c4\u03c1\u03bf-\u03b5\u03be\u03c9\u03c3\u03c9\u03bc\u03b1\u03c4\u03b9\u03ba\u03ae\u03c2-\u03b3\u03bf\u03bd\u03b9\u03bc\u03bf\u03c0\u03bf\u03af\u03b7\u03c3\u03b7\u03c2-\u0391\u03b8\u03ae\u03bd\u03b1.jpg\",\"contentUrl\":\"https:\\\/\\\/www.gyn-care.gr\\\/wp-content\\\/uploads\\\/2020\\\/11\\\/GynCare-IVF-\u039a\u03ad\u03bd\u03c4\u03c1\u03bf-\u03b5\u03be\u03c9\u03c3\u03c9\u03bc\u03b1\u03c4\u03b9\u03ba\u03ae\u03c2-\u03b3\u03bf\u03bd\u03b9\u03bc\u03bf\u03c0\u03bf\u03af\u03b7\u03c3\u03b7\u03c2-\u0391\u03b8\u03ae\u03bd\u03b1.jpg\",\"width\":120,\"height\":120,\"caption\":\"GynCare IVF\"},\"image\":{\"@id\":\"https:\\\/\\\/www.gyn-care.gr\\\/it\\\/#\\\/schema\\\/logo\\\/image\\\/\"},\"sameAs\":[\"https:\\\/\\\/www.facebook.com\\\/gyncare.med\",\"https:\\\/\\\/www.instagram.com\\\/gyncareobgyn\\\/\",\"https:\\\/\\\/www.linkedin.com\\\/in\\\/dr-evangelos-sakkas-msc-md-86485b44\\\/\",\"https:\\\/\\\/www.youtube.com\\\/channel\\\/UCXsbfz3q7o0f_FHBamhLO4w\\\/featured\"]}]}<\/script>\n<!-- \/ Yoast SEO Premium plugin. -->","yoast_head_json":{"title":"FIBROIIDI, POLIPI - Gyn Care IVF Atena - Grecia -","description":"I fibromi sono tumori benigni, I polipi endometriali sono formazioni cellulari che sporgono nella cavit\u00e0 endometriale.","robots":{"index":"index","follow":"follow","max-snippet":"max-snippet:-1","max-image-preview":"max-image-preview:large","max-video-preview":"max-video-preview:-1"},"canonical":"https:\/\/www.gyn-care.gr\/it\/fibroidi-polipi-chirurgia-ginecologica-atene\/","og_locale":"it_IT","og_type":"article","og_title":"FIBROIDI, POLIPI","og_description":"I fibromi sono tumori benigni, I polipi endometriali sono formazioni cellulari che sporgono nella cavit\u00e0 endometriale.","og_url":"https:\/\/www.gyn-care.gr\/it\/fibroidi-polipi-chirurgia-ginecologica-atene\/","og_site_name":"GynCare IVF | Centro di Procreazione Medicalmente Assistita Atene","article_publisher":"https:\/\/www.facebook.com\/gyncare.med","article_modified_time":"2021-07-27T20:41:25+00:00","twitter_card":"summary_large_image","twitter_misc":{"Tempo di lettura stimato":"10 minuti"},"schema":{"@context":"https:\/\/schema.org","@graph":[{"@type":"WebPage","@id":"https:\/\/www.gyn-care.gr\/it\/fibroidi-polipi-chirurgia-ginecologica-atene\/","url":"https:\/\/www.gyn-care.gr\/it\/fibroidi-polipi-chirurgia-ginecologica-atene\/","name":"FIBROIIDI, POLIPI - Gyn Care IVF Atena - Grecia -","isPartOf":{"@id":"https:\/\/www.gyn-care.gr\/it\/#website"},"datePublished":"2018-06-21T21:23:57+00:00","dateModified":"2021-07-27T20:41:25+00:00","description":"I fibromi sono tumori benigni, I polipi endometriali sono formazioni cellulari che sporgono nella cavit\u00e0 endometriale.","breadcrumb":{"@id":"https:\/\/www.gyn-care.gr\/it\/fibroidi-polipi-chirurgia-ginecologica-atene\/#breadcrumb"},"inLanguage":"it-IT","potentialAction":[{"@type":"ReadAction","target":["https:\/\/www.gyn-care.gr\/it\/fibroidi-polipi-chirurgia-ginecologica-atene\/"]}]},{"@type":"BreadcrumbList","@id":"https:\/\/www.gyn-care.gr\/it\/fibroidi-polipi-chirurgia-ginecologica-atene\/#breadcrumb","itemListElement":[{"@type":"ListItem","position":1,"name":"Home","item":"https:\/\/www.gyn-care.gr\/it\/"},{"@type":"ListItem","position":2,"name":"FIBROIDI, POLIPI"}]},{"@type":"WebSite","@id":"https:\/\/www.gyn-care.gr\/it\/#website","url":"https:\/\/www.gyn-care.gr\/it\/","name":"GynCare IVF | Centro di Procreazione Medicalmente Assistita Atene","description":"Infertilit\u00e0, esami uomo, ESAMI FEMMINILI, fivet, EMBRYOTRANSFERT, Crioconservazione degli embrioni, ovodonazione, donazione seme, Legge ovodonazione, Maternit\u00e0 surrogata e legge, Ringiovanimento Ovarico ,  Platelet Rich Plasma, PRP","publisher":{"@id":"https:\/\/www.gyn-care.gr\/it\/#organization"},"potentialAction":[{"@type":"SearchAction","target":{"@type":"EntryPoint","urlTemplate":"https:\/\/www.gyn-care.gr\/it\/?s={search_term_string}"},"query-input":{"@type":"PropertyValueSpecification","valueRequired":true,"valueName":"search_term_string"}}],"inLanguage":"it-IT"},{"@type":"Organization","@id":"https:\/\/www.gyn-care.gr\/it\/#organization","name":"GynCare IVF","url":"https:\/\/www.gyn-care.gr\/it\/","logo":{"@type":"ImageObject","inLanguage":"it-IT","@id":"https:\/\/www.gyn-care.gr\/it\/#\/schema\/logo\/image\/","url":"https:\/\/www.gyn-care.gr\/wp-content\/uploads\/2020\/11\/GynCare-IVF-\u039a\u03ad\u03bd\u03c4\u03c1\u03bf-\u03b5\u03be\u03c9\u03c3\u03c9\u03bc\u03b1\u03c4\u03b9\u03ba\u03ae\u03c2-\u03b3\u03bf\u03bd\u03b9\u03bc\u03bf\u03c0\u03bf\u03af\u03b7\u03c3\u03b7\u03c2-\u0391\u03b8\u03ae\u03bd\u03b1.jpg","contentUrl":"https:\/\/www.gyn-care.gr\/wp-content\/uploads\/2020\/11\/GynCare-IVF-\u039a\u03ad\u03bd\u03c4\u03c1\u03bf-\u03b5\u03be\u03c9\u03c3\u03c9\u03bc\u03b1\u03c4\u03b9\u03ba\u03ae\u03c2-\u03b3\u03bf\u03bd\u03b9\u03bc\u03bf\u03c0\u03bf\u03af\u03b7\u03c3\u03b7\u03c2-\u0391\u03b8\u03ae\u03bd\u03b1.jpg","width":120,"height":120,"caption":"GynCare IVF"},"image":{"@id":"https:\/\/www.gyn-care.gr\/it\/#\/schema\/logo\/image\/"},"sameAs":["https:\/\/www.facebook.com\/gyncare.med","https:\/\/www.instagram.com\/gyncareobgyn\/","https:\/\/www.linkedin.com\/in\/dr-evangelos-sakkas-msc-md-86485b44\/","https:\/\/www.youtube.com\/channel\/UCXsbfz3q7o0f_FHBamhLO4w\/featured"]}]}},"_links":{"self":[{"href":"https:\/\/www.gyn-care.gr\/it\/wp-json\/wp\/v2\/pages\/2626","targetHints":{"allow":["GET"]}}],"collection":[{"href":"https:\/\/www.gyn-care.gr\/it\/wp-json\/wp\/v2\/pages"}],"about":[{"href":"https:\/\/www.gyn-care.gr\/it\/wp-json\/wp\/v2\/types\/page"}],"author":[{"embeddable":true,"href":"https:\/\/www.gyn-care.gr\/it\/wp-json\/wp\/v2\/users\/9"}],"replies":[{"embeddable":true,"href":"https:\/\/www.gyn-care.gr\/it\/wp-json\/wp\/v2\/comments?post=2626"}],"version-history":[{"count":6,"href":"https:\/\/www.gyn-care.gr\/it\/wp-json\/wp\/v2\/pages\/2626\/revisions"}],"predecessor-version":[{"id":11865,"href":"https:\/\/www.gyn-care.gr\/it\/wp-json\/wp\/v2\/pages\/2626\/revisions\/11865"}],"wp:attachment":[{"href":"https:\/\/www.gyn-care.gr\/it\/wp-json\/wp\/v2\/media?parent=2626"}],"curies":[{"name":"wp","href":"https:\/\/api.w.org\/{rel}","templated":true}]}}