{"id":2596,"date":"2018-06-21T21:03:07","date_gmt":"2018-06-21T21:03:07","guid":{"rendered":"http:\/\/localhost\/testsakas\/flegmonwdis-nosos-puelou\/"},"modified":"2021-07-28T13:13:25","modified_gmt":"2021-07-28T13:13:25","slug":"malatta-pelvica-infiammatoria-ginecologo-atene-centro","status":"publish","type":"page","link":"https:\/\/www.gyn-care.gr\/it\/malatta-pelvica-infiammatoria-ginecologo-atene-centro\/","title":{"rendered":"MALATTIA INFIAMMATORIA PELVICA"},"content":{"rendered":"<div class=\"fusion-fullwidth fullwidth-box fusion-builder-row-1 nonhundred-percent-fullwidth non-hundred-percent-height-scrolling\" style=\"--awb-border-radius-top-left:0px;--awb-border-radius-top-right:0px;--awb-border-radius-bottom-right:0px;--awb-border-radius-bottom-left:0px;--awb-padding-right:4%;--awb-padding-left:4%;--awb-flex-wrap:wrap;\" ><div class=\"fusion-builder-row fusion-row\"><div class=\"fusion-layout-column fusion_builder_column fusion-builder-column-0 fusion_builder_column_1_1 1_1 fusion-one-full fusion-column-first fusion-column-last\" style=\"--awb-bg-size:cover;\"><div class=\"fusion-column-wrapper fusion-flex-column-wrapper-legacy\"><div class=\"fusion-column-content-centered\"><div class=\"fusion-column-content\"><div class=\"fusion-image-element fusion-image-align-center in-legacy-container\" style=\"text-align:center;--awb-caption-title-font-family:var(--h2_typography-font-family);--awb-caption-title-font-weight:var(--h2_typography-font-weight);--awb-caption-title-font-style:var(--h2_typography-font-style);--awb-caption-title-size:var(--h2_typography-font-size);--awb-caption-title-transform:var(--h2_typography-text-transform);--awb-caption-title-line-height:var(--h2_typography-line-height);--awb-caption-title-letter-spacing:var(--h2_typography-letter-spacing);\"><div class=\"imageframe-align-center\"><span class=\" fusion-imageframe imageframe-none imageframe-1 hover-type-none\"><img decoding=\"async\" width=\"1150\" height=\"300\" title=\"xronia-limoksi-1728x800_c\" src=\"https:\/\/www.gyn-care.gr\/wp-content\/uploads\/2018\/07\/xronia-limoksi-1728x800_c.jpg\" alt class=\"img-responsive wp-image-4422\" srcset=\"https:\/\/www.gyn-care.gr\/wp-content\/uploads\/2018\/07\/xronia-limoksi-1728x800_c-200x52.jpg 200w, https:\/\/www.gyn-care.gr\/wp-content\/uploads\/2018\/07\/xronia-limoksi-1728x800_c-400x104.jpg 400w, https:\/\/www.gyn-care.gr\/wp-content\/uploads\/2018\/07\/xronia-limoksi-1728x800_c-600x157.jpg 600w, https:\/\/www.gyn-care.gr\/wp-content\/uploads\/2018\/07\/xronia-limoksi-1728x800_c-800x209.jpg 800w, https:\/\/www.gyn-care.gr\/wp-content\/uploads\/2018\/07\/xronia-limoksi-1728x800_c.jpg 1150w\" sizes=\"(max-width: 800px) 100vw, 1150px\" \/><\/span><\/div><\/div><\/div><\/div><div class=\"fusion-clearfix\"><\/div><\/div><\/div><div class=\"fusion-layout-column fusion_builder_column fusion-builder-column-1 fusion_builder_column_1_1 1_1 fusion-one-full fusion-column-first fusion-column-last\" style=\"--awb-bg-size:cover;\"><div class=\"fusion-column-wrapper fusion-flex-column-wrapper-legacy\"><div class=\"fusion-text fusion-text-1 titlos\"><p style=\"text-align: left;\">Malattia infiammatoria pelvica<\/p>\n<\/div><div class=\"fusion-clearfix\"><\/div><\/div><\/div><div class=\"fusion-layout-column fusion_builder_column fusion-builder-column-2 fusion_builder_column_1_1 1_1 fusion-one-full fusion-column-first fusion-column-last\" style=\"--awb-bg-size:cover;\"><div class=\"fusion-column-wrapper fusion-flex-column-wrapper-legacy\"><div class=\"fusion-text fusion-text-2\"><p>\u00c8 un&#8217;infezione che affligge l&#8217;utero, le tube di Falloppio, le ovaie e gli organi adiacenti nella regione pelvica come l&#8217;intestino.<br \/>\nI sintomi includono dolore al basso ventre, spesso bilaterale, con febbre e perdite vaginali malodoranti<\/p>\n<\/div><div class=\"fusion-reading-box-container reading-box-container-1 tagkline\" style=\"--awb-title-color:#2a8080;--awb-margin-top:0px;--awb-margin-bottom:84px;\"><div class=\"reading-box\" style=\"background-color:#f6f6f6;border-width:1px;border-color:#f6f6f6;border-left-width:3px;border-left-color:var(--primary_color);border-style:solid;\"><div class=\"reading-box-additional\">La malattia infiammatoria pelvica \u00e8 principalmente causata da germi a trasmissione sessuale. La clamidia \u00e8 la causa pi\u00f9 comune, poich\u00e9 si trova nel 50% dei casi. Anche la gonorrea \u00e8 comune. Tuttavia, in circa il 20% dei pazienti non vi \u00e8 alcuna causa<\/div><div class=\"fusion-clearfix\"><\/div><\/div><\/div><div class=\"fusion-text fusion-text-3\"><p>La diagnosi si basa sull&#8217;anamnesi, sull&#8217;esame obiettivo, sugli esami del sangue e sugli strisci prelevati dalla vagina e dalla cervice. L&#8217;ecografia vaginale \u00e8 molto importante e utile e pu\u00f2 mostrare la raccolta di pus.<\/p>\n<\/div><div class=\"fusion-reading-box-container reading-box-container-2 tagkline\" style=\"--awb-title-color:#2a8080;--awb-margin-top:0px;--awb-margin-bottom:84px;\"><div class=\"reading-box\" style=\"background-color:#f6f6f6;border-width:1px;border-color:#f6f6f6;border-left-width:3px;border-left-color:var(--primary_color);border-style:solid;\"><div class=\"reading-box-additional\">Il trattamento include la somministrazione di pi\u00f9 antibiotici. Se il paziente non risponde, viene spesso deciso di procedere alla laparoscopia.<\/div><div class=\"fusion-clearfix\"><\/div><\/div><\/div><div class=\"fusion-clearfix\"><\/div><\/div><\/div><\/div><\/div>\n","protected":false},"excerpt":{"rendered":"","protected":false},"author":9,"featured_media":4422,"parent":0,"menu_order":0,"comment_status":"closed","ping_status":"closed","template":"","meta":{"footnotes":""},"class_list":["post-2596","page","type-page","status-publish","has-post-thumbnail","hentry"],"yoast_head":"<!-- This site is optimized with the Yoast SEO Premium plugin v26.9 (Yoast SEO v27.4) - https:\/\/yoast.com\/product\/yoast-seo-premium-wordpress\/ -->\n<title>Malattia infiammatoria pelvica | GynCare IVF Atene Grecia<\/title>\n<meta name=\"description\" content=\"\u00c8 un&#039;infezione che affligge l&#039;utero, le tube di Falloppio, le ovaie e gli organi adiacenti nella regione pelvica come l&#039;intestino.\" \/>\n<meta name=\"robots\" content=\"index, follow, max-snippet:-1, max-image-preview:large, max-video-preview:-1\" \/>\n<link rel=\"canonical\" href=\"https:\/\/www.gyn-care.gr\/it\/malatta-pelvica-infiammatoria-ginecologo-atene-centro\/\" \/>\n<meta property=\"og:locale\" content=\"it_IT\" \/>\n<meta property=\"og:type\" content=\"article\" \/>\n<meta property=\"og:title\" content=\"Malattia infiammatoria pelvica | GynCare | Clinica Ginecologica Atene Grecia\" \/>\n<meta property=\"og:description\" content=\"Malattia infiammatoria pelvica. \u00c8 un&#039;infezione che affligge l&#039;utero, le tube di Falloppio, le ovaie e gli organi adiacenti nella regione pelvica come l&#039;intestino.\" \/>\n<meta property=\"og:url\" content=\"https:\/\/www.gyn-care.gr\/it\/malatta-pelvica-infiammatoria-ginecologo-atene-centro\/\" \/>\n<meta property=\"og:site_name\" content=\"GynCare IVF | Centro di Procreazione Medicalmente Assistita Atene\" \/>\n<meta property=\"article:publisher\" content=\"https:\/\/www.facebook.com\/gyncare.med\" \/>\n<meta property=\"article:modified_time\" content=\"2021-07-28T13:13:25+00:00\" \/>\n<meta property=\"og:image\" content=\"https:\/\/www.gyn-care.gr\/wp-content\/uploads\/2018\/07\/xronia-limoksi-1728x800_c.jpg\" \/>\n\t<meta property=\"og:image:width\" content=\"1150\" \/>\n\t<meta property=\"og:image:height\" content=\"300\" \/>\n\t<meta property=\"og:image:type\" content=\"image\/jpeg\" \/>\n<meta name=\"twitter:card\" content=\"summary_large_image\" \/>\n<meta name=\"twitter:title\" content=\"Malattia infiammatoria pelvica | GynCare | Clinica Ginecologica Atene Grecia\" \/>\n<meta name=\"twitter:description\" content=\"Malattia infiammatoria pelvica. \u00c8 un&#039;infezione che affligge l&#039;utero, le tube di Falloppio, le ovaie e gli organi adiacenti nella regione pelvica come l&#039;intestino.\" \/>\n<meta name=\"twitter:image\" content=\"https:\/\/www.gyn-care.gr\/wp-content\/uploads\/2018\/07\/xronia-limoksi-1728x800_c.jpg\" \/>\n<meta name=\"twitter:label1\" content=\"Tempo di lettura stimato\" \/>\n\t<meta name=\"twitter:data1\" content=\"4 minuti\" \/>\n<script type=\"application\/ld+json\" class=\"yoast-schema-graph\">{\"@context\":\"https:\\\/\\\/schema.org\",\"@graph\":[{\"@type\":\"WebPage\",\"@id\":\"https:\\\/\\\/www.gyn-care.gr\\\/it\\\/malatta-pelvica-infiammatoria-ginecologo-atene-centro\\\/\",\"url\":\"https:\\\/\\\/www.gyn-care.gr\\\/it\\\/malatta-pelvica-infiammatoria-ginecologo-atene-centro\\\/\",\"name\":\"Malattia infiammatoria pelvica | GynCare IVF Atene Grecia\",\"isPartOf\":{\"@id\":\"https:\\\/\\\/www.gyn-care.gr\\\/it\\\/#website\"},\"primaryImageOfPage\":{\"@id\":\"https:\\\/\\\/www.gyn-care.gr\\\/it\\\/malatta-pelvica-infiammatoria-ginecologo-atene-centro\\\/#primaryimage\"},\"image\":{\"@id\":\"https:\\\/\\\/www.gyn-care.gr\\\/it\\\/malatta-pelvica-infiammatoria-ginecologo-atene-centro\\\/#primaryimage\"},\"thumbnailUrl\":\"https:\\\/\\\/www.gyn-care.gr\\\/wp-content\\\/uploads\\\/2018\\\/07\\\/xronia-limoksi-1728x800_c.jpg\",\"datePublished\":\"2018-06-21T21:03:07+00:00\",\"dateModified\":\"2021-07-28T13:13:25+00:00\",\"description\":\"\u00c8 un'infezione che affligge l'utero, le tube di Falloppio, le ovaie e gli organi adiacenti nella regione pelvica come l'intestino.\",\"breadcrumb\":{\"@id\":\"https:\\\/\\\/www.gyn-care.gr\\\/it\\\/malatta-pelvica-infiammatoria-ginecologo-atene-centro\\\/#breadcrumb\"},\"inLanguage\":\"it-IT\",\"potentialAction\":[{\"@type\":\"ReadAction\",\"target\":[\"https:\\\/\\\/www.gyn-care.gr\\\/it\\\/malatta-pelvica-infiammatoria-ginecologo-atene-centro\\\/\"]}]},{\"@type\":\"ImageObject\",\"inLanguage\":\"it-IT\",\"@id\":\"https:\\\/\\\/www.gyn-care.gr\\\/it\\\/malatta-pelvica-infiammatoria-ginecologo-atene-centro\\\/#primaryimage\",\"url\":\"https:\\\/\\\/www.gyn-care.gr\\\/wp-content\\\/uploads\\\/2018\\\/07\\\/xronia-limoksi-1728x800_c.jpg\",\"contentUrl\":\"https:\\\/\\\/www.gyn-care.gr\\\/wp-content\\\/uploads\\\/2018\\\/07\\\/xronia-limoksi-1728x800_c.jpg\",\"width\":1150,\"height\":300},{\"@type\":\"BreadcrumbList\",\"@id\":\"https:\\\/\\\/www.gyn-care.gr\\\/it\\\/malatta-pelvica-infiammatoria-ginecologo-atene-centro\\\/#breadcrumb\",\"itemListElement\":[{\"@type\":\"ListItem\",\"position\":1,\"name\":\"Home\",\"item\":\"https:\\\/\\\/www.gyn-care.gr\\\/it\\\/\"},{\"@type\":\"ListItem\",\"position\":2,\"name\":\"MALATTIA INFIAMMATORIA PELVICA\"}]},{\"@type\":\"WebSite\",\"@id\":\"https:\\\/\\\/www.gyn-care.gr\\\/it\\\/#website\",\"url\":\"https:\\\/\\\/www.gyn-care.gr\\\/it\\\/\",\"name\":\"GynCare IVF | Centro di Procreazione Medicalmente Assistita Atene\",\"description\":\"Infertilit\u00e0, esami uomo, ESAMI FEMMINILI, fivet, EMBRYOTRANSFERT, Crioconservazione degli embrioni, ovodonazione, donazione seme, Legge ovodonazione, Maternit\u00e0 surrogata e legge, Ringiovanimento Ovarico ,  Platelet Rich Plasma, PRP\",\"publisher\":{\"@id\":\"https:\\\/\\\/www.gyn-care.gr\\\/it\\\/#organization\"},\"potentialAction\":[{\"@type\":\"SearchAction\",\"target\":{\"@type\":\"EntryPoint\",\"urlTemplate\":\"https:\\\/\\\/www.gyn-care.gr\\\/it\\\/?s={search_term_string}\"},\"query-input\":{\"@type\":\"PropertyValueSpecification\",\"valueRequired\":true,\"valueName\":\"search_term_string\"}}],\"inLanguage\":\"it-IT\"},{\"@type\":\"Organization\",\"@id\":\"https:\\\/\\\/www.gyn-care.gr\\\/it\\\/#organization\",\"name\":\"GynCare IVF\",\"url\":\"https:\\\/\\\/www.gyn-care.gr\\\/it\\\/\",\"logo\":{\"@type\":\"ImageObject\",\"inLanguage\":\"it-IT\",\"@id\":\"https:\\\/\\\/www.gyn-care.gr\\\/it\\\/#\\\/schema\\\/logo\\\/image\\\/\",\"url\":\"https:\\\/\\\/www.gyn-care.gr\\\/wp-content\\\/uploads\\\/2020\\\/11\\\/GynCare-IVF-\u039a\u03ad\u03bd\u03c4\u03c1\u03bf-\u03b5\u03be\u03c9\u03c3\u03c9\u03bc\u03b1\u03c4\u03b9\u03ba\u03ae\u03c2-\u03b3\u03bf\u03bd\u03b9\u03bc\u03bf\u03c0\u03bf\u03af\u03b7\u03c3\u03b7\u03c2-\u0391\u03b8\u03ae\u03bd\u03b1.jpg\",\"contentUrl\":\"https:\\\/\\\/www.gyn-care.gr\\\/wp-content\\\/uploads\\\/2020\\\/11\\\/GynCare-IVF-\u039a\u03ad\u03bd\u03c4\u03c1\u03bf-\u03b5\u03be\u03c9\u03c3\u03c9\u03bc\u03b1\u03c4\u03b9\u03ba\u03ae\u03c2-\u03b3\u03bf\u03bd\u03b9\u03bc\u03bf\u03c0\u03bf\u03af\u03b7\u03c3\u03b7\u03c2-\u0391\u03b8\u03ae\u03bd\u03b1.jpg\",\"width\":120,\"height\":120,\"caption\":\"GynCare IVF\"},\"image\":{\"@id\":\"https:\\\/\\\/www.gyn-care.gr\\\/it\\\/#\\\/schema\\\/logo\\\/image\\\/\"},\"sameAs\":[\"https:\\\/\\\/www.facebook.com\\\/gyncare.med\",\"https:\\\/\\\/www.instagram.com\\\/gyncareobgyn\\\/\",\"https:\\\/\\\/www.linkedin.com\\\/in\\\/dr-evangelos-sakkas-msc-md-86485b44\\\/\",\"https:\\\/\\\/www.youtube.com\\\/channel\\\/UCXsbfz3q7o0f_FHBamhLO4w\\\/featured\"]}]}<\/script>\n<!-- \/ Yoast SEO Premium plugin. -->","yoast_head_json":{"title":"Malattia infiammatoria pelvica | GynCare IVF Atene Grecia","description":"\u00c8 un'infezione che affligge l'utero, le tube di Falloppio, le ovaie e gli organi adiacenti nella regione pelvica come l'intestino.","robots":{"index":"index","follow":"follow","max-snippet":"max-snippet:-1","max-image-preview":"max-image-preview:large","max-video-preview":"max-video-preview:-1"},"canonical":"https:\/\/www.gyn-care.gr\/it\/malatta-pelvica-infiammatoria-ginecologo-atene-centro\/","og_locale":"it_IT","og_type":"article","og_title":"Malattia infiammatoria pelvica | GynCare | Clinica Ginecologica Atene Grecia","og_description":"Malattia infiammatoria pelvica. \u00c8 un'infezione che affligge l'utero, le tube di Falloppio, le ovaie e gli organi adiacenti nella regione pelvica come l'intestino.","og_url":"https:\/\/www.gyn-care.gr\/it\/malatta-pelvica-infiammatoria-ginecologo-atene-centro\/","og_site_name":"GynCare IVF | Centro di Procreazione Medicalmente Assistita Atene","article_publisher":"https:\/\/www.facebook.com\/gyncare.med","article_modified_time":"2021-07-28T13:13:25+00:00","og_image":[{"width":1150,"height":300,"url":"https:\/\/www.gyn-care.gr\/wp-content\/uploads\/2018\/07\/xronia-limoksi-1728x800_c.jpg","type":"image\/jpeg"}],"twitter_card":"summary_large_image","twitter_title":"Malattia infiammatoria pelvica | GynCare | Clinica Ginecologica Atene Grecia","twitter_description":"Malattia infiammatoria pelvica. \u00c8 un'infezione che affligge l'utero, le tube di Falloppio, le ovaie e gli organi adiacenti nella regione pelvica come l'intestino.","twitter_image":"https:\/\/www.gyn-care.gr\/wp-content\/uploads\/2018\/07\/xronia-limoksi-1728x800_c.jpg","twitter_misc":{"Tempo di lettura stimato":"4 minuti"},"schema":{"@context":"https:\/\/schema.org","@graph":[{"@type":"WebPage","@id":"https:\/\/www.gyn-care.gr\/it\/malatta-pelvica-infiammatoria-ginecologo-atene-centro\/","url":"https:\/\/www.gyn-care.gr\/it\/malatta-pelvica-infiammatoria-ginecologo-atene-centro\/","name":"Malattia infiammatoria pelvica | GynCare IVF Atene Grecia","isPartOf":{"@id":"https:\/\/www.gyn-care.gr\/it\/#website"},"primaryImageOfPage":{"@id":"https:\/\/www.gyn-care.gr\/it\/malatta-pelvica-infiammatoria-ginecologo-atene-centro\/#primaryimage"},"image":{"@id":"https:\/\/www.gyn-care.gr\/it\/malatta-pelvica-infiammatoria-ginecologo-atene-centro\/#primaryimage"},"thumbnailUrl":"https:\/\/www.gyn-care.gr\/wp-content\/uploads\/2018\/07\/xronia-limoksi-1728x800_c.jpg","datePublished":"2018-06-21T21:03:07+00:00","dateModified":"2021-07-28T13:13:25+00:00","description":"\u00c8 un'infezione che affligge l'utero, le tube di Falloppio, le ovaie e gli organi adiacenti nella regione pelvica come l'intestino.","breadcrumb":{"@id":"https:\/\/www.gyn-care.gr\/it\/malatta-pelvica-infiammatoria-ginecologo-atene-centro\/#breadcrumb"},"inLanguage":"it-IT","potentialAction":[{"@type":"ReadAction","target":["https:\/\/www.gyn-care.gr\/it\/malatta-pelvica-infiammatoria-ginecologo-atene-centro\/"]}]},{"@type":"ImageObject","inLanguage":"it-IT","@id":"https:\/\/www.gyn-care.gr\/it\/malatta-pelvica-infiammatoria-ginecologo-atene-centro\/#primaryimage","url":"https:\/\/www.gyn-care.gr\/wp-content\/uploads\/2018\/07\/xronia-limoksi-1728x800_c.jpg","contentUrl":"https:\/\/www.gyn-care.gr\/wp-content\/uploads\/2018\/07\/xronia-limoksi-1728x800_c.jpg","width":1150,"height":300},{"@type":"BreadcrumbList","@id":"https:\/\/www.gyn-care.gr\/it\/malatta-pelvica-infiammatoria-ginecologo-atene-centro\/#breadcrumb","itemListElement":[{"@type":"ListItem","position":1,"name":"Home","item":"https:\/\/www.gyn-care.gr\/it\/"},{"@type":"ListItem","position":2,"name":"MALATTIA INFIAMMATORIA PELVICA"}]},{"@type":"WebSite","@id":"https:\/\/www.gyn-care.gr\/it\/#website","url":"https:\/\/www.gyn-care.gr\/it\/","name":"GynCare IVF | Centro di Procreazione Medicalmente Assistita Atene","description":"Infertilit\u00e0, esami uomo, ESAMI FEMMINILI, fivet, EMBRYOTRANSFERT, Crioconservazione degli embrioni, ovodonazione, donazione seme, Legge ovodonazione, Maternit\u00e0 surrogata e legge, Ringiovanimento Ovarico ,  Platelet Rich Plasma, PRP","publisher":{"@id":"https:\/\/www.gyn-care.gr\/it\/#organization"},"potentialAction":[{"@type":"SearchAction","target":{"@type":"EntryPoint","urlTemplate":"https:\/\/www.gyn-care.gr\/it\/?s={search_term_string}"},"query-input":{"@type":"PropertyValueSpecification","valueRequired":true,"valueName":"search_term_string"}}],"inLanguage":"it-IT"},{"@type":"Organization","@id":"https:\/\/www.gyn-care.gr\/it\/#organization","name":"GynCare IVF","url":"https:\/\/www.gyn-care.gr\/it\/","logo":{"@type":"ImageObject","inLanguage":"it-IT","@id":"https:\/\/www.gyn-care.gr\/it\/#\/schema\/logo\/image\/","url":"https:\/\/www.gyn-care.gr\/wp-content\/uploads\/2020\/11\/GynCare-IVF-\u039a\u03ad\u03bd\u03c4\u03c1\u03bf-\u03b5\u03be\u03c9\u03c3\u03c9\u03bc\u03b1\u03c4\u03b9\u03ba\u03ae\u03c2-\u03b3\u03bf\u03bd\u03b9\u03bc\u03bf\u03c0\u03bf\u03af\u03b7\u03c3\u03b7\u03c2-\u0391\u03b8\u03ae\u03bd\u03b1.jpg","contentUrl":"https:\/\/www.gyn-care.gr\/wp-content\/uploads\/2020\/11\/GynCare-IVF-\u039a\u03ad\u03bd\u03c4\u03c1\u03bf-\u03b5\u03be\u03c9\u03c3\u03c9\u03bc\u03b1\u03c4\u03b9\u03ba\u03ae\u03c2-\u03b3\u03bf\u03bd\u03b9\u03bc\u03bf\u03c0\u03bf\u03af\u03b7\u03c3\u03b7\u03c2-\u0391\u03b8\u03ae\u03bd\u03b1.jpg","width":120,"height":120,"caption":"GynCare IVF"},"image":{"@id":"https:\/\/www.gyn-care.gr\/it\/#\/schema\/logo\/image\/"},"sameAs":["https:\/\/www.facebook.com\/gyncare.med","https:\/\/www.instagram.com\/gyncareobgyn\/","https:\/\/www.linkedin.com\/in\/dr-evangelos-sakkas-msc-md-86485b44\/","https:\/\/www.youtube.com\/channel\/UCXsbfz3q7o0f_FHBamhLO4w\/featured"]}]}},"_links":{"self":[{"href":"https:\/\/www.gyn-care.gr\/it\/wp-json\/wp\/v2\/pages\/2596","targetHints":{"allow":["GET"]}}],"collection":[{"href":"https:\/\/www.gyn-care.gr\/it\/wp-json\/wp\/v2\/pages"}],"about":[{"href":"https:\/\/www.gyn-care.gr\/it\/wp-json\/wp\/v2\/types\/page"}],"author":[{"embeddable":true,"href":"https:\/\/www.gyn-care.gr\/it\/wp-json\/wp\/v2\/users\/9"}],"replies":[{"embeddable":true,"href":"https:\/\/www.gyn-care.gr\/it\/wp-json\/wp\/v2\/comments?post=2596"}],"version-history":[{"count":2,"href":"https:\/\/www.gyn-care.gr\/it\/wp-json\/wp\/v2\/pages\/2596\/revisions"}],"predecessor-version":[{"id":12912,"href":"https:\/\/www.gyn-care.gr\/it\/wp-json\/wp\/v2\/pages\/2596\/revisions\/12912"}],"wp:featuredmedia":[{"embeddable":true,"href":"https:\/\/www.gyn-care.gr\/it\/wp-json\/wp\/v2\/media\/4422"}],"wp:attachment":[{"href":"https:\/\/www.gyn-care.gr\/it\/wp-json\/wp\/v2\/media?parent=2596"}],"curies":[{"name":"wp","href":"https:\/\/api.w.org\/{rel}","templated":true}]}}