{"id":15339,"date":"2023-05-23T05:53:09","date_gmt":"2023-05-23T05:53:09","guid":{"rendered":"https:\/\/www.gyn-care.gr\/?page_id=15339"},"modified":"2023-05-23T05:53:09","modified_gmt":"2023-05-23T05:53:09","slug":"blog-fr","status":"publish","type":"page","link":"https:\/\/www.gyn-care.gr\/fr\/blog-fr\/","title":{"rendered":"BLOG FR"},"content":{"rendered":"<div class=\"fusion-fullwidth fullwidth-box fusion-builder-row-1 fusion-flex-container nonhundred-percent-fullwidth non-hundred-percent-height-scrolling\" style=\"--link_hover_color: #ed6a5a;--link_color: #37a6a6;--awb-border-radius-top-left:0px;--awb-border-radius-top-right:0px;--awb-border-radius-bottom-right:0px;--awb-border-radius-bottom-left:0px;--awb-flex-wrap:wrap;\" ><div class=\"fusion-builder-row fusion-row fusion-flex-align-items-flex-start fusion-flex-content-wrap\" style=\"max-width:1476.8px;margin-left: calc(-4% \/ 2 );margin-right: calc(-4% \/ 2 );\"><div class=\"fusion-layout-column fusion_builder_column fusion-builder-column-0 fusion_builder_column_1_1 1_1 fusion-flex-column\" style=\"--awb-bg-size:cover;--awb-width-large:100%;--awb-margin-top-large:0px;--awb-spacing-right-large:1.92%;--awb-margin-bottom-large:20px;--awb-spacing-left-large:1.92%;--awb-width-medium:100%;--awb-order-medium:0;--awb-spacing-right-medium:1.92%;--awb-spacing-left-medium:1.92%;--awb-width-small:100%;--awb-order-small:0;--awb-spacing-right-small:1.92%;--awb-spacing-left-small:1.92%;\"><div class=\"fusion-column-wrapper fusion-column-has-shadow fusion-flex-justify-content-flex-start fusion-content-layout-column\"><div class=\"fusion-blog-shortcode fusion-blog-shortcode-1 fusion-blog-archive fusion-blog-layout-grid-wrapper fusion-blog-pagination\"><style type=\"text\/css\">.fusion-blog-shortcode-1 .fusion-blog-layout-grid .fusion-post-grid{padding:20px;}.fusion-blog-shortcode-1 .fusion-posts-container{margin-left: -20px !important; margin-right:-20px !important;}<\/style><div class=\"fusion-posts-container fusion-posts-container-pagination fusion-no-meta-info fusion-blog-rollover fusion-blog-layout-grid fusion-blog-layout-grid-3 isotope fusion-blog-equal-heights\" data-pages=\"2\" data-grid-col-space=\"40\" style=\"margin: -20px -20px 0;min-height:500px;\"><article id=\"blog-1-post-15213\" class=\"fusion-post-grid post-15213 post type-post status-publish format-standard has-post-thumbnail hentry category-blog\">\n<div class=\"fusion-post-wrapper\" style=\"background-color:rgba(224,240,240,1);border:none;\">\n\n\t\t\t<div class=\"fusion-flexslider flexslider fusion-flexslider-loading fusion-post-slideshow\" style=\"border-color:rgba(235,234,234,0);\">\n\t\t<ul class=\"slides\">\n\t\t\t\n\t\t\t\t\t\t\t\t\t\t\t\t\t\t<li><div  class=\"fusion-image-wrapper\" aria-haspopup=\"true\">\n\t\t\t\t<img decoding=\"async\" width=\"681\" height=\"535\" src=\"https:\/\/www.gyn-care.gr\/wp-content\/uploads\/2018\/07\/vagelis-sakkas-omilia-alimos.jpg\" class=\"attachment-full size-full wp-post-image\" alt=\"\" srcset=\"https:\/\/www.gyn-care.gr\/wp-content\/uploads\/2018\/07\/vagelis-sakkas-omilia-alimos-200x157.jpg 200w, https:\/\/www.gyn-care.gr\/wp-content\/uploads\/2018\/07\/vagelis-sakkas-omilia-alimos-400x314.jpg 400w, https:\/\/www.gyn-care.gr\/wp-content\/uploads\/2018\/07\/vagelis-sakkas-omilia-alimos-600x471.jpg 600w, https:\/\/www.gyn-care.gr\/wp-content\/uploads\/2018\/07\/vagelis-sakkas-omilia-alimos.jpg 681w\" sizes=\"(min-width: 2200px) 100vw, (min-width: 784px) 447px, (min-width: 712px) 670px, (min-width: 640px) 712px, \" \/><div class=\"fusion-rollover\">\n\t<div class=\"fusion-rollover-content\">\n\n\t\t\t\t\n\t\t\n\t\t\t\t\t\t\t\t\n\t\t\t\t\t\t\t\t\n\t\t\n\t\t\t\t\t\t<a class=\"fusion-link-wrapper\" href=\"https:\/\/www.gyn-care.gr\/fr\/fecondation-in-vitro-mythes-et-verites\/\" aria-label=\"F\u00e9condation in vitro : Mythes et V\u00e9rit\u00e9s\"><\/a>\n\t<\/div>\n<\/div>\n<\/div>\n<\/li>\n\t\t\t\n\t\t\t\n\t\t\t\t\t\t\t\t\t\t\t\t\t\t\t\t\t\t\t\t\t\t\t\t\t\t\t\t\t\t\t\t\t\t\t\t\t\t\t\t\t\t\t\t\t\t\t\t\t\t\t\t\t\t\t\t\t\t\t\t\t\t\t\t\t\t\t\t<\/ul>\n\t<\/div>\n\t<div class=\"fusion-post-content-wrapper\" style=\"padding:30px 25px 20px 25px;\"><div class=\"fusion-post-content post-content\"><h2 class=\"blog-shortcode-post-title entry-title\"><a href=\"https:\/\/www.gyn-care.gr\/fr\/fecondation-in-vitro-mythes-et-verites\/\">F\u00e9condation in vitro : Mythes et V\u00e9rit\u00e9s<\/a><\/h2><\/div><\/div><div class=\"fusion-clearfix\"><\/div><\/div>\n<\/article>\n<article id=\"blog-1-post-14962\" class=\"fusion-post-grid post-14962 post type-post status-publish format-standard has-post-thumbnail hentry category-blog\">\n<div class=\"fusion-post-wrapper\" style=\"background-color:rgba(224,240,240,1);border:none;\">\n\n\t\t\t<div class=\"fusion-flexslider flexslider fusion-flexslider-loading fusion-post-slideshow\" style=\"border-color:rgba(235,234,234,0);\">\n\t\t<ul class=\"slides\">\n\t\t\t\n\t\t\t\t\t\t\t\t\t\t\t\t\t\t<li><div  class=\"fusion-image-wrapper\" aria-haspopup=\"true\">\n\t\t\t\t<img decoding=\"async\" width=\"2560\" height=\"1707\" src=\"https:\/\/www.gyn-care.gr\/wp-content\/uploads\/2021\/10\/pexels-andrea-piacquadio-3756158-scaled.jpg\" class=\"attachment-full size-full wp-post-image\" alt=\"\" srcset=\"https:\/\/www.gyn-care.gr\/wp-content\/uploads\/2021\/10\/pexels-andrea-piacquadio-3756158-200x133.jpg 200w, https:\/\/www.gyn-care.gr\/wp-content\/uploads\/2021\/10\/pexels-andrea-piacquadio-3756158-400x267.jpg 400w, https:\/\/www.gyn-care.gr\/wp-content\/uploads\/2021\/10\/pexels-andrea-piacquadio-3756158-600x400.jpg 600w, https:\/\/www.gyn-care.gr\/wp-content\/uploads\/2021\/10\/pexels-andrea-piacquadio-3756158-800x533.jpg 800w, https:\/\/www.gyn-care.gr\/wp-content\/uploads\/2021\/10\/pexels-andrea-piacquadio-3756158-1200x800.jpg 1200w, https:\/\/www.gyn-care.gr\/wp-content\/uploads\/2021\/10\/pexels-andrea-piacquadio-3756158-scaled.jpg 2560w\" sizes=\"(min-width: 2200px) 100vw, (min-width: 784px) 447px, (min-width: 712px) 670px, (min-width: 640px) 712px, \" \/><div class=\"fusion-rollover\">\n\t<div class=\"fusion-rollover-content\">\n\n\t\t\t\t\n\t\t\n\t\t\t\t\t\t\t\t\n\t\t\t\t\t\t\t\t\n\t\t\n\t\t\t\t\t\t<a class=\"fusion-link-wrapper\" href=\"https:\/\/www.gyn-care.gr\/fr\/la-fecondation-in-vitro-en-grece-des-couples-viennent-du-monde-entier-dans-notre-pays\/\" aria-label=\"La f\u00e9condation in vitro en Gr\u00e8ce. Des couples viennent du monde entier dans notre pays.\"><\/a>\n\t<\/div>\n<\/div>\n<\/div>\n<\/li>\n\t\t\t\n\t\t\t\n\t\t\t\t\t\t\t\t\t\t\t\t\t\t\t\t\t\t\t\t\t\t\t\t\t\t\t\t\t\t\t\t\t\t\t\t\t\t\t\t\t\t\t\t\t\t\t\t\t\t\t\t\t\t\t\t\t\t\t\t\t\t\t\t\t\t\t\t<\/ul>\n\t<\/div>\n\t<div class=\"fusion-post-content-wrapper\" style=\"padding:30px 25px 20px 25px;\"><div class=\"fusion-post-content post-content\"><h2 class=\"blog-shortcode-post-title entry-title\"><a href=\"https:\/\/www.gyn-care.gr\/fr\/la-fecondation-in-vitro-en-grece-des-couples-viennent-du-monde-entier-dans-notre-pays\/\">La f\u00e9condation in vitro en Gr\u00e8ce. Des couples viennent du monde entier dans notre pays.<\/a><\/h2><\/div><\/div><div class=\"fusion-clearfix\"><\/div><\/div>\n<\/article>\n<article id=\"blog-1-post-14956\" class=\"fusion-post-grid post-14956 post type-post status-publish format-standard has-post-thumbnail hentry category-blog\">\n<div class=\"fusion-post-wrapper\" style=\"background-color:rgba(224,240,240,1);border:none;\">\n\n\t\t\t<div class=\"fusion-flexslider flexslider fusion-flexslider-loading fusion-post-slideshow\" style=\"border-color:rgba(235,234,234,0);\">\n\t\t<ul class=\"slides\">\n\t\t\t\n\t\t\t\t\t\t\t\t\t\t\t\t\t\t<li><div  class=\"fusion-image-wrapper\" aria-haspopup=\"true\">\n\t\t\t\t<img decoding=\"async\" width=\"2560\" height=\"1707\" src=\"https:\/\/www.gyn-care.gr\/wp-content\/uploads\/2021\/10\/pexels-sharon-mccutcheon-3802075-scaled.jpg\" class=\"attachment-full size-full wp-post-image\" alt=\"\" srcset=\"https:\/\/www.gyn-care.gr\/wp-content\/uploads\/2021\/10\/pexels-sharon-mccutcheon-3802075-200x133.jpg 200w, https:\/\/www.gyn-care.gr\/wp-content\/uploads\/2021\/10\/pexels-sharon-mccutcheon-3802075-400x267.jpg 400w, https:\/\/www.gyn-care.gr\/wp-content\/uploads\/2021\/10\/pexels-sharon-mccutcheon-3802075-600x400.jpg 600w, https:\/\/www.gyn-care.gr\/wp-content\/uploads\/2021\/10\/pexels-sharon-mccutcheon-3802075-800x533.jpg 800w, https:\/\/www.gyn-care.gr\/wp-content\/uploads\/2021\/10\/pexels-sharon-mccutcheon-3802075-1200x800.jpg 1200w, https:\/\/www.gyn-care.gr\/wp-content\/uploads\/2021\/10\/pexels-sharon-mccutcheon-3802075-scaled.jpg 2560w\" sizes=\"(min-width: 2200px) 100vw, (min-width: 784px) 447px, (min-width: 712px) 670px, (min-width: 640px) 712px, \" \/><div class=\"fusion-rollover\">\n\t<div class=\"fusion-rollover-content\">\n\n\t\t\t\t\n\t\t\n\t\t\t\t\t\t\t\t\n\t\t\t\t\t\t\t\t\n\t\t\n\t\t\t\t\t\t<a class=\"fusion-link-wrapper\" href=\"https:\/\/www.gyn-care.gr\/fr\/communaute-lgbt-les-familles-multicolores-revendiquent-legalite-au-bonheur\/\" aria-label=\"Communaut\u00e9 LGBT+ : Les familles multicolores revendiquent l\u2019\u00e9galit\u00e9 au bonheur.\"><\/a>\n\t<\/div>\n<\/div>\n<\/div>\n<\/li>\n\t\t\t\n\t\t\t\n\t\t\t\t\t\t\t\t\t\t\t\t\t\t\t\t\t\t\t\t\t\t\t\t\t\t\t\t\t\t\t\t\t\t\t\t\t\t\t\t\t\t\t\t\t\t\t\t\t\t\t\t\t\t\t\t\t\t\t\t\t\t\t\t\t\t\t\t<\/ul>\n\t<\/div>\n\t<div class=\"fusion-post-content-wrapper\" style=\"padding:30px 25px 20px 25px;\"><div class=\"fusion-post-content post-content\"><h2 class=\"blog-shortcode-post-title entry-title\"><a href=\"https:\/\/www.gyn-care.gr\/fr\/communaute-lgbt-les-familles-multicolores-revendiquent-legalite-au-bonheur\/\">Communaut\u00e9 LGBT+ : Les familles multicolores revendiquent l\u2019\u00e9galit\u00e9 au bonheur.<\/a><\/h2><\/div><\/div><div class=\"fusion-clearfix\"><\/div><\/div>\n<\/article>\n<article id=\"blog-1-post-14949\" class=\"fusion-post-grid post-14949 post type-post status-publish format-standard has-post-thumbnail hentry category-blog\">\n<div class=\"fusion-post-wrapper\" style=\"background-color:rgba(224,240,240,1);border:none;\">\n\n\t\t\t<div class=\"fusion-flexslider flexslider fusion-flexslider-loading fusion-post-slideshow\" style=\"border-color:rgba(235,234,234,0);\">\n\t\t<ul class=\"slides\">\n\t\t\t\n\t\t\t\t\t\t\t\t\t\t\t\t\t\t<li><div  class=\"fusion-image-wrapper\" aria-haspopup=\"true\">\n\t\t\t\t<img decoding=\"async\" width=\"2000\" height=\"2000\" src=\"https:\/\/www.gyn-care.gr\/wp-content\/uploads\/2021\/11\/asian-girl-holding-basket-with-blooming-lilacs.jpg\" class=\"attachment-full size-full wp-post-image\" alt=\"\" srcset=\"https:\/\/www.gyn-care.gr\/wp-content\/uploads\/2021\/11\/asian-girl-holding-basket-with-blooming-lilacs-200x200.jpg 200w, https:\/\/www.gyn-care.gr\/wp-content\/uploads\/2021\/11\/asian-girl-holding-basket-with-blooming-lilacs-400x400.jpg 400w, https:\/\/www.gyn-care.gr\/wp-content\/uploads\/2021\/11\/asian-girl-holding-basket-with-blooming-lilacs-600x600.jpg 600w, https:\/\/www.gyn-care.gr\/wp-content\/uploads\/2021\/11\/asian-girl-holding-basket-with-blooming-lilacs-800x800.jpg 800w, https:\/\/www.gyn-care.gr\/wp-content\/uploads\/2021\/11\/asian-girl-holding-basket-with-blooming-lilacs-1200x1200.jpg 1200w, https:\/\/www.gyn-care.gr\/wp-content\/uploads\/2021\/11\/asian-girl-holding-basket-with-blooming-lilacs.jpg 2000w\" sizes=\"(min-width: 2200px) 100vw, (min-width: 784px) 447px, (min-width: 712px) 670px, (min-width: 640px) 712px, \" \/><div class=\"fusion-rollover\">\n\t<div class=\"fusion-rollover-content\">\n\n\t\t\t\t\n\t\t\n\t\t\t\t\t\t\t\t\n\t\t\t\t\t\t\t\t\n\t\t\n\t\t\t\t\t\t<a class=\"fusion-link-wrapper\" href=\"https:\/\/www.gyn-care.gr\/fr\/fecondation-in-vitro-par-don-dovocytes\/\" aria-label=\"F\u00e9condation in vitro par don d\u2019ovocytes\"><\/a>\n\t<\/div>\n<\/div>\n<\/div>\n<\/li>\n\t\t\t\n\t\t\t\n\t\t\t\t\t\t\t\t\t\t\t\t\t\t\t\t\t\t\t\t\t\t\t\t\t\t\t\t\t\t\t\t\t\t\t\t\t\t\t\t\t\t\t\t\t\t\t\t\t\t\t\t\t\t\t\t\t\t\t\t\t\t\t\t\t\t\t\t<\/ul>\n\t<\/div>\n\t<div class=\"fusion-post-content-wrapper\" style=\"padding:30px 25px 20px 25px;\"><div class=\"fusion-post-content post-content\"><h2 class=\"blog-shortcode-post-title entry-title\"><a href=\"https:\/\/www.gyn-care.gr\/fr\/fecondation-in-vitro-par-don-dovocytes\/\">F\u00e9condation in vitro par don d\u2019ovocytes<\/a><\/h2><\/div><\/div><div class=\"fusion-clearfix\"><\/div><\/div>\n<\/article>\n<article id=\"blog-1-post-14942\" class=\"fusion-post-grid post-14942 post type-post status-publish format-standard has-post-thumbnail hentry category-blog\">\n<div class=\"fusion-post-wrapper\" style=\"background-color:rgba(224,240,240,1);border:none;\">\n\n\t\t\t<div class=\"fusion-flexslider flexslider fusion-flexslider-loading fusion-post-slideshow\" style=\"border-color:rgba(235,234,234,0);\">\n\t\t<ul class=\"slides\">\n\t\t\t\n\t\t\t\t\t\t\t\t\t\t\t\t\t\t<li><div  class=\"fusion-image-wrapper\" aria-haspopup=\"true\">\n\t\t\t\t<img decoding=\"async\" width=\"1707\" height=\"2560\" src=\"https:\/\/www.gyn-care.gr\/wp-content\/uploads\/2021\/12\/pexels-amina-filkins-5424705-scaled.jpg\" class=\"attachment-full size-full wp-post-image\" alt=\"\" srcset=\"https:\/\/www.gyn-care.gr\/wp-content\/uploads\/2021\/12\/pexels-amina-filkins-5424705-200x300.jpg 200w, https:\/\/www.gyn-care.gr\/wp-content\/uploads\/2021\/12\/pexels-amina-filkins-5424705-400x600.jpg 400w, https:\/\/www.gyn-care.gr\/wp-content\/uploads\/2021\/12\/pexels-amina-filkins-5424705-600x900.jpg 600w, https:\/\/www.gyn-care.gr\/wp-content\/uploads\/2021\/12\/pexels-amina-filkins-5424705-800x1200.jpg 800w, https:\/\/www.gyn-care.gr\/wp-content\/uploads\/2021\/12\/pexels-amina-filkins-5424705-1200x1800.jpg 1200w, https:\/\/www.gyn-care.gr\/wp-content\/uploads\/2021\/12\/pexels-amina-filkins-5424705-scaled.jpg 1707w\" sizes=\"(min-width: 2200px) 100vw, (min-width: 784px) 447px, (min-width: 712px) 670px, (min-width: 640px) 712px, \" \/><div class=\"fusion-rollover\">\n\t<div class=\"fusion-rollover-content\">\n\n\t\t\t\t\n\t\t\n\t\t\t\t\t\t\t\t\n\t\t\t\t\t\t\t\t\n\t\t\n\t\t\t\t\t\t<a class=\"fusion-link-wrapper\" href=\"https:\/\/www.gyn-care.gr\/fr\/maman-apres-40-ans\/\" aria-label=\"Maman apr\u00e8s 40 ans.\"><\/a>\n\t<\/div>\n<\/div>\n<\/div>\n<\/li>\n\t\t\t\n\t\t\t\n\t\t\t\t\t\t\t\t\t\t\t\t\t\t\t\t\t\t\t\t\t\t\t\t\t\t\t\t\t\t\t\t\t\t\t\t\t\t\t\t\t\t\t\t\t\t\t\t\t\t\t\t\t\t\t\t\t\t\t\t\t\t\t\t\t\t\t\t<\/ul>\n\t<\/div>\n\t<div class=\"fusion-post-content-wrapper\" style=\"padding:30px 25px 20px 25px;\"><div class=\"fusion-post-content post-content\"><h2 class=\"blog-shortcode-post-title entry-title\"><a href=\"https:\/\/www.gyn-care.gr\/fr\/maman-apres-40-ans\/\">Maman apr\u00e8s 40 ans.<\/a><\/h2><\/div><\/div><div class=\"fusion-clearfix\"><\/div><\/div>\n<\/article>\n<article id=\"blog-1-post-14931\" class=\"fusion-post-grid post-14931 post type-post status-publish format-standard has-post-thumbnail hentry category-blog\">\n<div class=\"fusion-post-wrapper\" style=\"background-color:rgba(224,240,240,1);border:none;\">\n\n\t\t\t<div class=\"fusion-flexslider flexslider fusion-flexslider-loading fusion-post-slideshow\" style=\"border-color:rgba(235,234,234,0);\">\n\t\t<ul class=\"slides\">\n\t\t\t\n\t\t\t\t\t\t\t\t\t\t\t\t\t\t<li><div  class=\"fusion-image-wrapper\" aria-haspopup=\"true\">\n\t\t\t\t<img decoding=\"async\" width=\"1979\" height=\"2560\" src=\"https:\/\/www.gyn-care.gr\/wp-content\/uploads\/2021\/12\/pexels-anna-tarazevich-5482993-scaled.jpg\" class=\"attachment-full size-full wp-post-image\" alt=\"\" srcset=\"https:\/\/www.gyn-care.gr\/wp-content\/uploads\/2021\/12\/pexels-anna-tarazevich-5482993-200x259.jpg 200w, https:\/\/www.gyn-care.gr\/wp-content\/uploads\/2021\/12\/pexels-anna-tarazevich-5482993-400x518.jpg 400w, https:\/\/www.gyn-care.gr\/wp-content\/uploads\/2021\/12\/pexels-anna-tarazevich-5482993-600x776.jpg 600w, https:\/\/www.gyn-care.gr\/wp-content\/uploads\/2021\/12\/pexels-anna-tarazevich-5482993-800x1035.jpg 800w, https:\/\/www.gyn-care.gr\/wp-content\/uploads\/2021\/12\/pexels-anna-tarazevich-5482993-1200x1553.jpg 1200w, https:\/\/www.gyn-care.gr\/wp-content\/uploads\/2021\/12\/pexels-anna-tarazevich-5482993-scaled.jpg 1979w\" sizes=\"(min-width: 2200px) 100vw, (min-width: 784px) 447px, (min-width: 712px) 670px, (min-width: 640px) 712px, \" \/><div class=\"fusion-rollover\">\n\t<div class=\"fusion-rollover-content\">\n\n\t\t\t\t\n\t\t\n\t\t\t\t\t\t\t\t\n\t\t\t\t\t\t\t\t\n\t\t\n\t\t\t\t\t\t<a class=\"fusion-link-wrapper\" href=\"https:\/\/www.gyn-care.gr\/fr\/cancer-et-fecondation-in-vitro\/\" aria-label=\"Cancer et f\u00e9condation in vitro\"><\/a>\n\t<\/div>\n<\/div>\n<\/div>\n<\/li>\n\t\t\t\n\t\t\t\n\t\t\t\t\t\t\t\t\t\t\t\t\t\t\t\t\t\t\t\t\t\t\t\t\t\t\t\t\t\t\t\t\t\t\t\t\t\t\t\t\t\t\t\t\t\t\t\t\t\t\t\t\t\t\t\t\t\t\t\t\t\t\t\t\t\t\t\t<\/ul>\n\t<\/div>\n\t<div class=\"fusion-post-content-wrapper\" style=\"padding:30px 25px 20px 25px;\"><div class=\"fusion-post-content post-content\"><h2 class=\"blog-shortcode-post-title entry-title\"><a href=\"https:\/\/www.gyn-care.gr\/fr\/cancer-et-fecondation-in-vitro\/\">Cancer et f\u00e9condation in vitro<\/a><\/h2><\/div><\/div><div class=\"fusion-clearfix\"><\/div><\/div>\n<\/article>\n<div class=\"fusion-clearfix\"><\/div><\/div><div class=\"pagination clearfix\"><span class=\"current\">1<\/span><a href=\"https:\/\/www.gyn-care.gr\/fr\/wp-json\/wp\/v2\/pages\/15339\/page\/2\/\" class=\"inactive\">2<\/a><a class=\"pagination-next\" rel=\"next\" href=\"https:\/\/www.gyn-care.gr\/fr\/wp-json\/wp\/v2\/pages\/15339\/page\/2\/\"><span class=\"page-text\">Next<\/span><span class=\"page-next\"><\/span><\/a><\/div><div class=\"fusion-clearfix\"><\/div><\/div><\/div><\/div><\/div><\/div>\n","protected":false},"excerpt":{"rendered":"","protected":false},"author":9,"featured_media":0,"parent":0,"menu_order":0,"comment_status":"closed","ping_status":"closed","template":"","meta":{"footnotes":""},"class_list":["post-15339","page","type-page","status-publish","hentry"],"yoast_head":"<!-- This site is optimized with the Yoast SEO Premium plugin v26.9 (Yoast SEO v27.4) - https:\/\/yoast.com\/product\/yoast-seo-premium-wordpress\/ -->\n<title>BLOG FR - GynCare IVF Center Athens<\/title>\n<meta name=\"robots\" content=\"index, follow, max-snippet:-1, max-image-preview:large, max-video-preview:-1\" \/>\n<link rel=\"canonical\" href=\"https:\/\/www.gyn-care.gr\/fr\/blog-fr\/\" \/>\n<meta property=\"og:locale\" content=\"fr_FR\" \/>\n<meta property=\"og:type\" content=\"article\" \/>\n<meta property=\"og:title\" content=\"BLOG FR\" \/>\n<meta property=\"og:url\" content=\"https:\/\/www.gyn-care.gr\/fr\/blog-fr\/\" \/>\n<meta property=\"og:site_name\" content=\"GynCare IVF Center Athens\" \/>\n<meta property=\"article:publisher\" content=\"https:\/\/www.facebook.com\/gyncare.med\" \/>\n<meta name=\"twitter:card\" content=\"summary_large_image\" \/>\n<meta name=\"twitter:label1\" content=\"Dur\u00e9e de lecture estim\u00e9e\" \/>\n\t<meta name=\"twitter:data1\" content=\"1 minute\" \/>\n<script type=\"application\/ld+json\" class=\"yoast-schema-graph\">{\"@context\":\"https:\\\/\\\/schema.org\",\"@graph\":[{\"@type\":\"WebPage\",\"@id\":\"https:\\\/\\\/www.gyn-care.gr\\\/fr\\\/blog-fr\\\/\",\"url\":\"https:\\\/\\\/www.gyn-care.gr\\\/fr\\\/blog-fr\\\/\",\"name\":\"BLOG FR - GynCare IVF Center Athens\",\"isPartOf\":{\"@id\":\"https:\\\/\\\/www.gyn-care.gr\\\/fr\\\/#website\"},\"datePublished\":\"2023-05-23T05:53:09+00:00\",\"breadcrumb\":{\"@id\":\"https:\\\/\\\/www.gyn-care.gr\\\/fr\\\/blog-fr\\\/#breadcrumb\"},\"inLanguage\":\"fr-FR\",\"potentialAction\":[{\"@type\":\"ReadAction\",\"target\":[\"https:\\\/\\\/www.gyn-care.gr\\\/fr\\\/blog-fr\\\/\"]}]},{\"@type\":\"BreadcrumbList\",\"@id\":\"https:\\\/\\\/www.gyn-care.gr\\\/fr\\\/blog-fr\\\/#breadcrumb\",\"itemListElement\":[{\"@type\":\"ListItem\",\"position\":1,\"name\":\"Home\",\"item\":\"https:\\\/\\\/www.gyn-care.gr\\\/fr\\\/\"},{\"@type\":\"ListItem\",\"position\":2,\"name\":\"BLOG FR\"}]},{\"@type\":\"WebSite\",\"@id\":\"https:\\\/\\\/www.gyn-care.gr\\\/fr\\\/#website\",\"url\":\"https:\\\/\\\/www.gyn-care.gr\\\/fr\\\/\",\"name\":\"GynCare IVF Center Athens\",\"description\":\"Infertility, male exams,  In Vitro Fertilization, EMBRYOTRANSFERT, Cryopreservation of Embryos, egg donation, sperm donation, law egg sperm embryo donation, SURROGACY LAW\",\"publisher\":{\"@id\":\"https:\\\/\\\/www.gyn-care.gr\\\/fr\\\/#organization\"},\"potentialAction\":[{\"@type\":\"SearchAction\",\"target\":{\"@type\":\"EntryPoint\",\"urlTemplate\":\"https:\\\/\\\/www.gyn-care.gr\\\/fr\\\/?s={search_term_string}\"},\"query-input\":{\"@type\":\"PropertyValueSpecification\",\"valueRequired\":true,\"valueName\":\"search_term_string\"}}],\"inLanguage\":\"fr-FR\"},{\"@type\":\"Organization\",\"@id\":\"https:\\\/\\\/www.gyn-care.gr\\\/fr\\\/#organization\",\"name\":\"GynCare IVF\",\"url\":\"https:\\\/\\\/www.gyn-care.gr\\\/fr\\\/\",\"logo\":{\"@type\":\"ImageObject\",\"inLanguage\":\"fr-FR\",\"@id\":\"https:\\\/\\\/www.gyn-care.gr\\\/fr\\\/#\\\/schema\\\/logo\\\/image\\\/\",\"url\":\"https:\\\/\\\/www.gyn-care.gr\\\/wp-content\\\/uploads\\\/2020\\\/11\\\/GynCare-IVF-\u039a\u03ad\u03bd\u03c4\u03c1\u03bf-\u03b5\u03be\u03c9\u03c3\u03c9\u03bc\u03b1\u03c4\u03b9\u03ba\u03ae\u03c2-\u03b3\u03bf\u03bd\u03b9\u03bc\u03bf\u03c0\u03bf\u03af\u03b7\u03c3\u03b7\u03c2-\u0391\u03b8\u03ae\u03bd\u03b1.jpg\",\"contentUrl\":\"https:\\\/\\\/www.gyn-care.gr\\\/wp-content\\\/uploads\\\/2020\\\/11\\\/GynCare-IVF-\u039a\u03ad\u03bd\u03c4\u03c1\u03bf-\u03b5\u03be\u03c9\u03c3\u03c9\u03bc\u03b1\u03c4\u03b9\u03ba\u03ae\u03c2-\u03b3\u03bf\u03bd\u03b9\u03bc\u03bf\u03c0\u03bf\u03af\u03b7\u03c3\u03b7\u03c2-\u0391\u03b8\u03ae\u03bd\u03b1.jpg\",\"width\":120,\"height\":120,\"caption\":\"GynCare IVF\"},\"image\":{\"@id\":\"https:\\\/\\\/www.gyn-care.gr\\\/fr\\\/#\\\/schema\\\/logo\\\/image\\\/\"},\"sameAs\":[\"https:\\\/\\\/www.facebook.com\\\/gyncare.med\",\"https:\\\/\\\/www.instagram.com\\\/gyncareobgyn\\\/\",\"https:\\\/\\\/www.linkedin.com\\\/in\\\/dr-evangelos-sakkas-msc-md-86485b44\\\/\",\"https:\\\/\\\/www.youtube.com\\\/channel\\\/UCXsbfz3q7o0f_FHBamhLO4w\\\/featured\"]}]}<\/script>\n<!-- \/ Yoast SEO Premium plugin. -->","yoast_head_json":{"title":"BLOG FR - GynCare IVF Center Athens","robots":{"index":"index","follow":"follow","max-snippet":"max-snippet:-1","max-image-preview":"max-image-preview:large","max-video-preview":"max-video-preview:-1"},"canonical":"https:\/\/www.gyn-care.gr\/fr\/blog-fr\/","og_locale":"fr_FR","og_type":"article","og_title":"BLOG FR","og_url":"https:\/\/www.gyn-care.gr\/fr\/blog-fr\/","og_site_name":"GynCare IVF Center Athens","article_publisher":"https:\/\/www.facebook.com\/gyncare.med","twitter_card":"summary_large_image","twitter_misc":{"Dur\u00e9e de lecture estim\u00e9e":"1 minute"},"schema":{"@context":"https:\/\/schema.org","@graph":[{"@type":"WebPage","@id":"https:\/\/www.gyn-care.gr\/fr\/blog-fr\/","url":"https:\/\/www.gyn-care.gr\/fr\/blog-fr\/","name":"BLOG FR - GynCare IVF Center Athens","isPartOf":{"@id":"https:\/\/www.gyn-care.gr\/fr\/#website"},"datePublished":"2023-05-23T05:53:09+00:00","breadcrumb":{"@id":"https:\/\/www.gyn-care.gr\/fr\/blog-fr\/#breadcrumb"},"inLanguage":"fr-FR","potentialAction":[{"@type":"ReadAction","target":["https:\/\/www.gyn-care.gr\/fr\/blog-fr\/"]}]},{"@type":"BreadcrumbList","@id":"https:\/\/www.gyn-care.gr\/fr\/blog-fr\/#breadcrumb","itemListElement":[{"@type":"ListItem","position":1,"name":"Home","item":"https:\/\/www.gyn-care.gr\/fr\/"},{"@type":"ListItem","position":2,"name":"BLOG FR"}]},{"@type":"WebSite","@id":"https:\/\/www.gyn-care.gr\/fr\/#website","url":"https:\/\/www.gyn-care.gr\/fr\/","name":"GynCare IVF Center Athens","description":"Infertility, male exams,  In Vitro Fertilization, EMBRYOTRANSFERT, Cryopreservation of Embryos, egg donation, sperm donation, law egg sperm embryo donation, SURROGACY LAW","publisher":{"@id":"https:\/\/www.gyn-care.gr\/fr\/#organization"},"potentialAction":[{"@type":"SearchAction","target":{"@type":"EntryPoint","urlTemplate":"https:\/\/www.gyn-care.gr\/fr\/?s={search_term_string}"},"query-input":{"@type":"PropertyValueSpecification","valueRequired":true,"valueName":"search_term_string"}}],"inLanguage":"fr-FR"},{"@type":"Organization","@id":"https:\/\/www.gyn-care.gr\/fr\/#organization","name":"GynCare IVF","url":"https:\/\/www.gyn-care.gr\/fr\/","logo":{"@type":"ImageObject","inLanguage":"fr-FR","@id":"https:\/\/www.gyn-care.gr\/fr\/#\/schema\/logo\/image\/","url":"https:\/\/www.gyn-care.gr\/wp-content\/uploads\/2020\/11\/GynCare-IVF-\u039a\u03ad\u03bd\u03c4\u03c1\u03bf-\u03b5\u03be\u03c9\u03c3\u03c9\u03bc\u03b1\u03c4\u03b9\u03ba\u03ae\u03c2-\u03b3\u03bf\u03bd\u03b9\u03bc\u03bf\u03c0\u03bf\u03af\u03b7\u03c3\u03b7\u03c2-\u0391\u03b8\u03ae\u03bd\u03b1.jpg","contentUrl":"https:\/\/www.gyn-care.gr\/wp-content\/uploads\/2020\/11\/GynCare-IVF-\u039a\u03ad\u03bd\u03c4\u03c1\u03bf-\u03b5\u03be\u03c9\u03c3\u03c9\u03bc\u03b1\u03c4\u03b9\u03ba\u03ae\u03c2-\u03b3\u03bf\u03bd\u03b9\u03bc\u03bf\u03c0\u03bf\u03af\u03b7\u03c3\u03b7\u03c2-\u0391\u03b8\u03ae\u03bd\u03b1.jpg","width":120,"height":120,"caption":"GynCare IVF"},"image":{"@id":"https:\/\/www.gyn-care.gr\/fr\/#\/schema\/logo\/image\/"},"sameAs":["https:\/\/www.facebook.com\/gyncare.med","https:\/\/www.instagram.com\/gyncareobgyn\/","https:\/\/www.linkedin.com\/in\/dr-evangelos-sakkas-msc-md-86485b44\/","https:\/\/www.youtube.com\/channel\/UCXsbfz3q7o0f_FHBamhLO4w\/featured"]}]}},"_links":{"self":[{"href":"https:\/\/www.gyn-care.gr\/fr\/wp-json\/wp\/v2\/pages\/15339","targetHints":{"allow":["GET"]}}],"collection":[{"href":"https:\/\/www.gyn-care.gr\/fr\/wp-json\/wp\/v2\/pages"}],"about":[{"href":"https:\/\/www.gyn-care.gr\/fr\/wp-json\/wp\/v2\/types\/page"}],"author":[{"embeddable":true,"href":"https:\/\/www.gyn-care.gr\/fr\/wp-json\/wp\/v2\/users\/9"}],"replies":[{"embeddable":true,"href":"https:\/\/www.gyn-care.gr\/fr\/wp-json\/wp\/v2\/comments?post=15339"}],"version-history":[{"count":9,"href":"https:\/\/www.gyn-care.gr\/fr\/wp-json\/wp\/v2\/pages\/15339\/revisions"}],"predecessor-version":[{"id":15348,"href":"https:\/\/www.gyn-care.gr\/fr\/wp-json\/wp\/v2\/pages\/15339\/revisions\/15348"}],"wp:attachment":[{"href":"https:\/\/www.gyn-care.gr\/fr\/wp-json\/wp\/v2\/media?parent=15339"}],"curies":[{"name":"wp","href":"https:\/\/api.w.org\/{rel}","templated":true}]}}